{"id":649,"date":"2019-07-29T14:36:11","date_gmt":"2019-07-29T12:36:11","guid":{"rendered":"https:\/\/www.maisonouzbek.com\/ceramics\/"},"modified":"2021-05-03T20:38:48","modified_gmt":"2021-05-03T19:38:48","slug":"ceramics-from-uzbekistan","status":"publish","type":"page","link":"https:\/\/www.maisonouzbek.com\/en\/arts-and-cultures\/ceramics-from-uzbekistan\/","title":{"rendered":"Ceramics from Uzbekistan"},"content":{"rendered":"","protected":false},"excerpt":{"rendered":"","protected":false},"author":1,"featured_media":0,"parent":691,"menu_order":0,"comment_status":"closed","ping_status":"closed","template":"templates\/landing.php","meta":{"_acf_changed":false,"footnotes":""},"class_list":["post-649","page","type-page","status-publish","hentry"],"acf":[],"yoast_head":"<!-- This site is optimized with the Yoast SEO plugin v24.7 - https:\/\/yoast.com\/wordpress\/plugins\/seo\/ -->\n<title>Ceramics made in Uzbekistan \u2013 Maison de l&#039;Ouzbekistan<\/title>\n<meta name=\"description\" content=\"Stunning ceramic pieces from Uzbekistan are among the world\u2019s oldest and finest, prized for their vibrant patterns.\" \/>\n<meta name=\"robots\" content=\"index, follow, max-snippet:-1, max-image-preview:large, max-video-preview:-1\" \/>\n<link rel=\"canonical\" href=\"https:\/\/www.maisonouzbek.com\/en\/arts-and-cultures\/ceramics-from-uzbekistan\/\" \/>\n<meta property=\"og:locale\" content=\"en_US\" \/>\n<meta property=\"og:type\" content=\"article\" \/>\n<meta property=\"og:title\" content=\"Ceramics made in Uzbekistan \u2013 Maison de l&#039;Ouzbekistan\" \/>\n<meta property=\"og:description\" content=\"Stunning ceramic pieces from Uzbekistan are among the world\u2019s oldest and finest, prized for their vibrant patterns.\" \/>\n<meta property=\"og:url\" content=\"https:\/\/www.maisonouzbek.com\/en\/arts-and-cultures\/ceramics-from-uzbekistan\/\" \/>\n<meta property=\"og:site_name\" content=\"Maison de l&#039;Ouzbekistan\" \/>\n<meta property=\"article:modified_time\" content=\"2021-05-03T19:38:48+00:00\" \/>\n<meta name=\"twitter:card\" content=\"summary_large_image\" \/>\n<script type=\"application\/ld+json\" class=\"yoast-schema-graph\">{\"@context\":\"https:\/\/schema.org\",\"@graph\":[{\"@type\":\"WebPage\",\"@id\":\"https:\/\/www.maisonouzbek.com\/en\/arts-and-cultures\/ceramics-from-uzbekistan\/\",\"url\":\"https:\/\/www.maisonouzbek.com\/en\/arts-and-cultures\/ceramics-from-uzbekistan\/\",\"name\":\"Ceramics made in Uzbekistan \u2013 Maison de l&#039;Ouzbekistan\",\"isPartOf\":{\"@id\":\"https:\/\/www.maisonouzbek.com\/#website\"},\"datePublished\":\"2019-07-29T12:36:11+00:00\",\"dateModified\":\"2021-05-03T19:38:48+00:00\",\"description\":\"Stunning ceramic pieces from Uzbekistan are among the world\u2019s oldest and finest, prized for their vibrant patterns.\",\"breadcrumb\":{\"@id\":\"https:\/\/www.maisonouzbek.com\/en\/arts-and-cultures\/ceramics-from-uzbekistan\/#breadcrumb\"},\"inLanguage\":\"en-US\",\"potentialAction\":[{\"@type\":\"ReadAction\",\"target\":[\"https:\/\/www.maisonouzbek.com\/en\/arts-and-cultures\/ceramics-from-uzbekistan\/\"]}]},{\"@type\":\"BreadcrumbList\",\"@id\":\"https:\/\/www.maisonouzbek.com\/en\/arts-and-cultures\/ceramics-from-uzbekistan\/#breadcrumb\",\"itemListElement\":[{\"@type\":\"ListItem\",\"position\":1,\"name\":\"Home\",\"item\":\"https:\/\/www.maisonouzbek.com\/en\/\"},{\"@type\":\"ListItem\",\"position\":2,\"name\":\"Arts, crafts and culture\",\"item\":\"https:\/\/www.maisonouzbek.com\/en\/arts-and-cultures\/\"},{\"@type\":\"ListItem\",\"position\":3,\"name\":\"Ceramics from Uzbekistan\"}]},{\"@type\":\"WebSite\",\"@id\":\"https:\/\/www.maisonouzbek.com\/#website\",\"url\":\"https:\/\/www.maisonouzbek.com\/\",\"name\":\"Maison de l&#039;Ouzbekistan\",\"description\":\"La galerie La Maison de l\u2019Ouzb\u00e9kistan \u00e0 Paris est con\u00e7ue comme un portail vers le riche patrimoine culturel de l\u2019Ouzb\u00e9kistan\",\"potentialAction\":[{\"@type\":\"SearchAction\",\"target\":{\"@type\":\"EntryPoint\",\"urlTemplate\":\"https:\/\/www.maisonouzbek.com\/?s={search_term_string}\"},\"query-input\":{\"@type\":\"PropertyValueSpecification\",\"valueRequired\":true,\"valueName\":\"search_term_string\"}}],\"inLanguage\":\"en-US\"}]}<\/script>\n<!-- \/ Yoast SEO plugin. -->","yoast_head_json":{"title":"Ceramics made in Uzbekistan \u2013 Maison de l&#039;Ouzbekistan","description":"Stunning ceramic pieces from Uzbekistan are among the world\u2019s oldest and finest, prized for their vibrant patterns.","robots":{"index":"index","follow":"follow","max-snippet":"max-snippet:-1","max-image-preview":"max-image-preview:large","max-video-preview":"max-video-preview:-1"},"canonical":"https:\/\/www.maisonouzbek.com\/en\/arts-and-cultures\/ceramics-from-uzbekistan\/","og_locale":"en_US","og_type":"article","og_title":"Ceramics made in Uzbekistan \u2013 Maison de l&#039;Ouzbekistan","og_description":"Stunning ceramic pieces from Uzbekistan are among the world\u2019s oldest and finest, prized for their vibrant patterns.","og_url":"https:\/\/www.maisonouzbek.com\/en\/arts-and-cultures\/ceramics-from-uzbekistan\/","og_site_name":"Maison de l&#039;Ouzbekistan","article_modified_time":"2021-05-03T19:38:48+00:00","twitter_card":"summary_large_image","schema":{"@context":"https:\/\/schema.org","@graph":[{"@type":"WebPage","@id":"https:\/\/www.maisonouzbek.com\/en\/arts-and-cultures\/ceramics-from-uzbekistan\/","url":"https:\/\/www.maisonouzbek.com\/en\/arts-and-cultures\/ceramics-from-uzbekistan\/","name":"Ceramics made in Uzbekistan \u2013 Maison de l&#039;Ouzbekistan","isPartOf":{"@id":"https:\/\/www.maisonouzbek.com\/#website"},"datePublished":"2019-07-29T12:36:11+00:00","dateModified":"2021-05-03T19:38:48+00:00","description":"Stunning ceramic pieces from Uzbekistan are among the world\u2019s oldest and finest, prized for their vibrant patterns.","breadcrumb":{"@id":"https:\/\/www.maisonouzbek.com\/en\/arts-and-cultures\/ceramics-from-uzbekistan\/#breadcrumb"},"inLanguage":"en-US","potentialAction":[{"@type":"ReadAction","target":["https:\/\/www.maisonouzbek.com\/en\/arts-and-cultures\/ceramics-from-uzbekistan\/"]}]},{"@type":"BreadcrumbList","@id":"https:\/\/www.maisonouzbek.com\/en\/arts-and-cultures\/ceramics-from-uzbekistan\/#breadcrumb","itemListElement":[{"@type":"ListItem","position":1,"name":"Home","item":"https:\/\/www.maisonouzbek.com\/en\/"},{"@type":"ListItem","position":2,"name":"Arts, crafts and culture","item":"https:\/\/www.maisonouzbek.com\/en\/arts-and-cultures\/"},{"@type":"ListItem","position":3,"name":"Ceramics from Uzbekistan"}]},{"@type":"WebSite","@id":"https:\/\/www.maisonouzbek.com\/#website","url":"https:\/\/www.maisonouzbek.com\/","name":"Maison de l&#039;Ouzbekistan","description":"La galerie La Maison de l\u2019Ouzb\u00e9kistan \u00e0 Paris est con\u00e7ue comme un portail vers le riche patrimoine culturel de l\u2019Ouzb\u00e9kistan","potentialAction":[{"@type":"SearchAction","target":{"@type":"EntryPoint","urlTemplate":"https:\/\/www.maisonouzbek.com\/?s={search_term_string}"},"query-input":{"@type":"PropertyValueSpecification","valueRequired":true,"valueName":"search_term_string"}}],"inLanguage":"en-US"}]}},"_links":{"self":[{"href":"https:\/\/www.maisonouzbek.com\/en\/wp-json\/wp\/v2\/pages\/649","targetHints":{"allow":["GET"]}}],"collection":[{"href":"https:\/\/www.maisonouzbek.com\/en\/wp-json\/wp\/v2\/pages"}],"about":[{"href":"https:\/\/www.maisonouzbek.com\/en\/wp-json\/wp\/v2\/types\/page"}],"author":[{"embeddable":true,"href":"https:\/\/www.maisonouzbek.com\/en\/wp-json\/wp\/v2\/users\/1"}],"replies":[{"embeddable":true,"href":"https:\/\/www.maisonouzbek.com\/en\/wp-json\/wp\/v2\/comments?post=649"}],"version-history":[{"count":13,"href":"https:\/\/www.maisonouzbek.com\/en\/wp-json\/wp\/v2\/pages\/649\/revisions"}],"predecessor-version":[{"id":3132,"href":"https:\/\/www.maisonouzbek.com\/en\/wp-json\/wp\/v2\/pages\/649\/revisions\/3132"}],"up":[{"embeddable":true,"href":"https:\/\/www.maisonouzbek.com\/en\/wp-json\/wp\/v2\/pages\/691"}],"wp:attachment":[{"href":"https:\/\/www.maisonouzbek.com\/en\/wp-json\/wp\/v2\/media?parent=649"}],"curies":[{"name":"wp","href":"https:\/\/api.w.org\/{rel}","templated":true}]}}