{"id":701,"date":"2019-07-31T18:09:35","date_gmt":"2019-07-31T16:09:35","guid":{"rendered":"https:\/\/www.maisonouzbek.com\/traditional-fashion\/"},"modified":"2021-05-03T20:52:34","modified_gmt":"2021-05-03T19:52:34","slug":"traditional-uzbek-fashion","status":"publish","type":"page","link":"https:\/\/www.maisonouzbek.com\/en\/arts-and-cultures\/traditional-uzbek-fashion\/","title":{"rendered":"Traditional Uzbek Fashion"},"content":{"rendered":"","protected":false},"excerpt":{"rendered":"","protected":false},"author":1,"featured_media":0,"parent":691,"menu_order":0,"comment_status":"closed","ping_status":"closed","template":"templates\/landing.php","meta":{"_acf_changed":false,"footnotes":""},"class_list":["post-701","page","type-page","status-publish","hentry"],"acf":[],"yoast_head":"<!-- This site is optimized with the Yoast SEO plugin v24.7 - https:\/\/yoast.com\/wordpress\/plugins\/seo\/ -->\n<title>Traditional Uzbek Fashion - Maison de l&#039;Ouzbekistan<\/title>\n<meta name=\"description\" content=\"Traditional Uzbek fashion is bright and distinctive worn by young and old alike. These colourful garments have a story to tell.\" \/>\n<meta name=\"robots\" content=\"index, follow, max-snippet:-1, max-image-preview:large, max-video-preview:-1\" \/>\n<link rel=\"canonical\" href=\"https:\/\/www.maisonouzbek.com\/en\/arts-and-cultures\/traditional-uzbek-fashion\/\" \/>\n<meta property=\"og:locale\" content=\"en_US\" \/>\n<meta property=\"og:type\" content=\"article\" \/>\n<meta property=\"og:title\" content=\"Traditional Uzbek Fashion - Maison de l&#039;Ouzbekistan\" \/>\n<meta property=\"og:description\" content=\"Traditional Uzbek fashion is bright and distinctive worn by young and old alike. These colourful garments have a story to tell.\" \/>\n<meta property=\"og:url\" content=\"https:\/\/www.maisonouzbek.com\/en\/arts-and-cultures\/traditional-uzbek-fashion\/\" \/>\n<meta property=\"og:site_name\" content=\"Maison de l&#039;Ouzbekistan\" \/>\n<meta property=\"article:modified_time\" content=\"2021-05-03T19:52:34+00:00\" \/>\n<meta name=\"twitter:card\" content=\"summary_large_image\" \/>\n<script type=\"application\/ld+json\" class=\"yoast-schema-graph\">{\"@context\":\"https:\/\/schema.org\",\"@graph\":[{\"@type\":\"WebPage\",\"@id\":\"https:\/\/www.maisonouzbek.com\/en\/arts-and-cultures\/traditional-uzbek-fashion\/\",\"url\":\"https:\/\/www.maisonouzbek.com\/en\/arts-and-cultures\/traditional-uzbek-fashion\/\",\"name\":\"Traditional Uzbek Fashion - Maison de l&#039;Ouzbekistan\",\"isPartOf\":{\"@id\":\"https:\/\/www.maisonouzbek.com\/#website\"},\"datePublished\":\"2019-07-31T16:09:35+00:00\",\"dateModified\":\"2021-05-03T19:52:34+00:00\",\"description\":\"Traditional Uzbek fashion is bright and distinctive worn by young and old alike. These colourful garments have a story to tell.\",\"breadcrumb\":{\"@id\":\"https:\/\/www.maisonouzbek.com\/en\/arts-and-cultures\/traditional-uzbek-fashion\/#breadcrumb\"},\"inLanguage\":\"en-US\",\"potentialAction\":[{\"@type\":\"ReadAction\",\"target\":[\"https:\/\/www.maisonouzbek.com\/en\/arts-and-cultures\/traditional-uzbek-fashion\/\"]}]},{\"@type\":\"BreadcrumbList\",\"@id\":\"https:\/\/www.maisonouzbek.com\/en\/arts-and-cultures\/traditional-uzbek-fashion\/#breadcrumb\",\"itemListElement\":[{\"@type\":\"ListItem\",\"position\":1,\"name\":\"Home\",\"item\":\"https:\/\/www.maisonouzbek.com\/en\/\"},{\"@type\":\"ListItem\",\"position\":2,\"name\":\"Arts, crafts and culture\",\"item\":\"https:\/\/www.maisonouzbek.com\/en\/arts-and-cultures\/\"},{\"@type\":\"ListItem\",\"position\":3,\"name\":\"Traditional Uzbek Fashion\"}]},{\"@type\":\"WebSite\",\"@id\":\"https:\/\/www.maisonouzbek.com\/#website\",\"url\":\"https:\/\/www.maisonouzbek.com\/\",\"name\":\"Maison de l&#039;Ouzbekistan\",\"description\":\"La galerie La Maison de l\u2019Ouzb\u00e9kistan \u00e0 Paris est con\u00e7ue comme un portail vers le riche patrimoine culturel de l\u2019Ouzb\u00e9kistan\",\"potentialAction\":[{\"@type\":\"SearchAction\",\"target\":{\"@type\":\"EntryPoint\",\"urlTemplate\":\"https:\/\/www.maisonouzbek.com\/?s={search_term_string}\"},\"query-input\":{\"@type\":\"PropertyValueSpecification\",\"valueRequired\":true,\"valueName\":\"search_term_string\"}}],\"inLanguage\":\"en-US\"}]}<\/script>\n<!-- \/ Yoast SEO plugin. -->","yoast_head_json":{"title":"Traditional Uzbek Fashion - Maison de l&#039;Ouzbekistan","description":"Traditional Uzbek fashion is bright and distinctive worn by young and old alike. These colourful garments have a story to tell.","robots":{"index":"index","follow":"follow","max-snippet":"max-snippet:-1","max-image-preview":"max-image-preview:large","max-video-preview":"max-video-preview:-1"},"canonical":"https:\/\/www.maisonouzbek.com\/en\/arts-and-cultures\/traditional-uzbek-fashion\/","og_locale":"en_US","og_type":"article","og_title":"Traditional Uzbek Fashion - Maison de l&#039;Ouzbekistan","og_description":"Traditional Uzbek fashion is bright and distinctive worn by young and old alike. These colourful garments have a story to tell.","og_url":"https:\/\/www.maisonouzbek.com\/en\/arts-and-cultures\/traditional-uzbek-fashion\/","og_site_name":"Maison de l&#039;Ouzbekistan","article_modified_time":"2021-05-03T19:52:34+00:00","twitter_card":"summary_large_image","schema":{"@context":"https:\/\/schema.org","@graph":[{"@type":"WebPage","@id":"https:\/\/www.maisonouzbek.com\/en\/arts-and-cultures\/traditional-uzbek-fashion\/","url":"https:\/\/www.maisonouzbek.com\/en\/arts-and-cultures\/traditional-uzbek-fashion\/","name":"Traditional Uzbek Fashion - Maison de l&#039;Ouzbekistan","isPartOf":{"@id":"https:\/\/www.maisonouzbek.com\/#website"},"datePublished":"2019-07-31T16:09:35+00:00","dateModified":"2021-05-03T19:52:34+00:00","description":"Traditional Uzbek fashion is bright and distinctive worn by young and old alike. These colourful garments have a story to tell.","breadcrumb":{"@id":"https:\/\/www.maisonouzbek.com\/en\/arts-and-cultures\/traditional-uzbek-fashion\/#breadcrumb"},"inLanguage":"en-US","potentialAction":[{"@type":"ReadAction","target":["https:\/\/www.maisonouzbek.com\/en\/arts-and-cultures\/traditional-uzbek-fashion\/"]}]},{"@type":"BreadcrumbList","@id":"https:\/\/www.maisonouzbek.com\/en\/arts-and-cultures\/traditional-uzbek-fashion\/#breadcrumb","itemListElement":[{"@type":"ListItem","position":1,"name":"Home","item":"https:\/\/www.maisonouzbek.com\/en\/"},{"@type":"ListItem","position":2,"name":"Arts, crafts and culture","item":"https:\/\/www.maisonouzbek.com\/en\/arts-and-cultures\/"},{"@type":"ListItem","position":3,"name":"Traditional Uzbek Fashion"}]},{"@type":"WebSite","@id":"https:\/\/www.maisonouzbek.com\/#website","url":"https:\/\/www.maisonouzbek.com\/","name":"Maison de l&#039;Ouzbekistan","description":"La galerie La Maison de l\u2019Ouzb\u00e9kistan \u00e0 Paris est con\u00e7ue comme un portail vers le riche patrimoine culturel de l\u2019Ouzb\u00e9kistan","potentialAction":[{"@type":"SearchAction","target":{"@type":"EntryPoint","urlTemplate":"https:\/\/www.maisonouzbek.com\/?s={search_term_string}"},"query-input":{"@type":"PropertyValueSpecification","valueRequired":true,"valueName":"search_term_string"}}],"inLanguage":"en-US"}]}},"_links":{"self":[{"href":"https:\/\/www.maisonouzbek.com\/en\/wp-json\/wp\/v2\/pages\/701","targetHints":{"allow":["GET"]}}],"collection":[{"href":"https:\/\/www.maisonouzbek.com\/en\/wp-json\/wp\/v2\/pages"}],"about":[{"href":"https:\/\/www.maisonouzbek.com\/en\/wp-json\/wp\/v2\/types\/page"}],"author":[{"embeddable":true,"href":"https:\/\/www.maisonouzbek.com\/en\/wp-json\/wp\/v2\/users\/1"}],"replies":[{"embeddable":true,"href":"https:\/\/www.maisonouzbek.com\/en\/wp-json\/wp\/v2\/comments?post=701"}],"version-history":[{"count":9,"href":"https:\/\/www.maisonouzbek.com\/en\/wp-json\/wp\/v2\/pages\/701\/revisions"}],"predecessor-version":[{"id":3136,"href":"https:\/\/www.maisonouzbek.com\/en\/wp-json\/wp\/v2\/pages\/701\/revisions\/3136"}],"up":[{"embeddable":true,"href":"https:\/\/www.maisonouzbek.com\/en\/wp-json\/wp\/v2\/pages\/691"}],"wp:attachment":[{"href":"https:\/\/www.maisonouzbek.com\/en\/wp-json\/wp\/v2\/media?parent=701"}],"curies":[{"name":"wp","href":"https:\/\/api.w.org\/{rel}","templated":true}]}}