{"id":1180,"date":"2019-09-03T09:35:03","date_gmt":"2019-09-03T07:35:03","guid":{"rendered":"https:\/\/www.maisonouzbek.com\/?post_type=product&#038;p=1180"},"modified":"2023-01-25T10:06:27","modified_gmt":"2023-01-25T10:06:27","slug":"tresors-de-samarkand","status":"publish","type":"product","link":"https:\/\/www.maisonouzbek.com\/en\/product\/tresors-de-samarkand\/","title":{"rendered":"Tr\u00e9sors de Samarkand"},"content":{"rendered":"<p>This exquisite tea set embodies the great beauty and artistry that lies at the heart of all Uzbek painting.<br \/>\nThe main motif here is based on a bold medallion with a striking floral design. Executed in vibrant blues and edged with shimmering gold, these vivid images seem to have been lifted straight out of the Garden of Eden and pressed, still fragrant, onto the fine china crockery. The central medallions represent an oriental pond, an essential feature of any home or garden in Asia, and a sacred symbol of purification.<br \/>\nGairat Atabayev is a true master with a poetic outlook on life. His elegant work nudges open the door to a noble culture that has existed for centuries, offering us a glimpse into the wonders of the Orient.<\/p>\n","protected":false},"excerpt":{"rendered":"<p>Material: Porcelain<br \/>\nComplete Set: 6 cups ; 6 saucers ; 6 plates ; 1 sugar bowl ; 1 milk jug ; 1 3-tier cake stand<br \/>\nDesigner: Gairat Atabayev<\/p>\n","protected":false},"featured_media":1191,"comment_status":"open","ping_status":"closed","template":"","meta":{"_acf_changed":false},"product_cat":[55,29],"product_tag":[],"class_list":["post-1180","product","type-product","status-publish","has-post-thumbnail","hentry","product_cat-must-haves-en","product_cat-uncategorized-en"],"acf":[],"yoast_head":"<!-- This site is optimized with the Yoast SEO plugin v24.7 - https:\/\/yoast.com\/wordpress\/plugins\/seo\/ -->\n<title>Tr\u00e9sors de Samarkand - Maison de l&#039;Ouzbekistan<\/title>\n<meta name=\"robots\" content=\"noindex, follow\" \/>\n<meta property=\"og:locale\" content=\"en_US\" \/>\n<meta property=\"og:type\" content=\"article\" \/>\n<meta property=\"og:title\" content=\"Tr\u00e9sors de Samarkand - Maison de l&#039;Ouzbekistan\" \/>\n<meta property=\"og:description\" content=\"Material: Porcelain Complete Set: 6 cups ; 6 saucers ; 6 plates ; 1 sugar bowl ; 1 milk jug ; 1 3-tier cake stand Designer: Gairat Atabayev\" \/>\n<meta property=\"og:url\" content=\"https:\/\/www.maisonouzbek.com\/en\/product\/tresors-de-samarkand\/\" \/>\n<meta property=\"og:site_name\" content=\"Maison de l&#039;Ouzbekistan\" \/>\n<meta property=\"article:modified_time\" content=\"2023-01-25T10:06:27+00:00\" \/>\n<meta property=\"og:image\" content=\"https:\/\/www.maisonouzbek.com\/wp-content\/uploads\/2019\/09\/IMG_0877.jpg\" \/>\n\t<meta property=\"og:image:width\" content=\"1103\" \/>\n\t<meta property=\"og:image:height\" content=\"734\" \/>\n\t<meta property=\"og:image:type\" content=\"image\/jpeg\" \/>\n<meta name=\"twitter:card\" content=\"summary_large_image\" \/>\n<meta name=\"twitter:label1\" content=\"Est. reading time\" \/>\n\t<meta name=\"twitter:data1\" content=\"1 minute\" \/>\n<script type=\"application\/ld+json\" class=\"yoast-schema-graph\">{\"@context\":\"https:\/\/schema.org\",\"@graph\":[{\"@type\":\"WebPage\",\"@id\":\"https:\/\/www.maisonouzbek.com\/en\/product\/tresors-de-samarkand\/\",\"url\":\"https:\/\/www.maisonouzbek.com\/en\/product\/tresors-de-samarkand\/\",\"name\":\"Tr\u00e9sors de Samarkand - Maison de l&#039;Ouzbekistan\",\"isPartOf\":{\"@id\":\"https:\/\/www.maisonouzbek.com\/#website\"},\"primaryImageOfPage\":{\"@id\":\"https:\/\/www.maisonouzbek.com\/en\/product\/tresors-de-samarkand\/#primaryimage\"},\"image\":{\"@id\":\"https:\/\/www.maisonouzbek.com\/en\/product\/tresors-de-samarkand\/#primaryimage\"},\"thumbnailUrl\":\"https:\/\/www.maisonouzbek.com\/wp-content\/uploads\/2019\/09\/IMG_0877.jpg\",\"datePublished\":\"2019-09-03T07:35:03+00:00\",\"dateModified\":\"2023-01-25T10:06:27+00:00\",\"breadcrumb\":{\"@id\":\"https:\/\/www.maisonouzbek.com\/en\/product\/tresors-de-samarkand\/#breadcrumb\"},\"inLanguage\":\"en-US\",\"potentialAction\":[{\"@type\":\"ReadAction\",\"target\":[\"https:\/\/www.maisonouzbek.com\/en\/product\/tresors-de-samarkand\/\"]}]},{\"@type\":\"ImageObject\",\"inLanguage\":\"en-US\",\"@id\":\"https:\/\/www.maisonouzbek.com\/en\/product\/tresors-de-samarkand\/#primaryimage\",\"url\":\"https:\/\/www.maisonouzbek.com\/wp-content\/uploads\/2019\/09\/IMG_0877.jpg\",\"contentUrl\":\"https:\/\/www.maisonouzbek.com\/wp-content\/uploads\/2019\/09\/IMG_0877.jpg\",\"width\":1103,\"height\":734},{\"@type\":\"BreadcrumbList\",\"@id\":\"https:\/\/www.maisonouzbek.com\/en\/product\/tresors-de-samarkand\/#breadcrumb\",\"itemListElement\":[{\"@type\":\"ListItem\",\"position\":1,\"name\":\"Home\",\"item\":\"https:\/\/www.maisonouzbek.com\/en\/\"},{\"@type\":\"ListItem\",\"position\":2,\"name\":\"Tr\u00e9sors de Samarkand\"}]},{\"@type\":\"WebSite\",\"@id\":\"https:\/\/www.maisonouzbek.com\/#website\",\"url\":\"https:\/\/www.maisonouzbek.com\/\",\"name\":\"Maison de l&#039;Ouzbekistan\",\"description\":\"La galerie La Maison de l\u2019Ouzb\u00e9kistan \u00e0 Paris est con\u00e7ue comme un portail vers le riche patrimoine culturel de l\u2019Ouzb\u00e9kistan\",\"potentialAction\":[{\"@type\":\"SearchAction\",\"target\":{\"@type\":\"EntryPoint\",\"urlTemplate\":\"https:\/\/www.maisonouzbek.com\/?s={search_term_string}\"},\"query-input\":{\"@type\":\"PropertyValueSpecification\",\"valueRequired\":true,\"valueName\":\"search_term_string\"}}],\"inLanguage\":\"en-US\"}]}<\/script>\n<!-- \/ Yoast SEO plugin. -->","yoast_head_json":{"title":"Tr\u00e9sors de Samarkand - Maison de l&#039;Ouzbekistan","robots":{"index":"noindex","follow":"follow"},"og_locale":"en_US","og_type":"article","og_title":"Tr\u00e9sors de Samarkand - Maison de l&#039;Ouzbekistan","og_description":"Material: Porcelain Complete Set: 6 cups ; 6 saucers ; 6 plates ; 1 sugar bowl ; 1 milk jug ; 1 3-tier cake stand Designer: Gairat Atabayev","og_url":"https:\/\/www.maisonouzbek.com\/en\/product\/tresors-de-samarkand\/","og_site_name":"Maison de l&#039;Ouzbekistan","article_modified_time":"2023-01-25T10:06:27+00:00","og_image":[{"width":1103,"height":734,"url":"https:\/\/www.maisonouzbek.com\/wp-content\/uploads\/2019\/09\/IMG_0877.jpg","type":"image\/jpeg"}],"twitter_card":"summary_large_image","twitter_misc":{"Est. reading time":"1 minute"},"schema":{"@context":"https:\/\/schema.org","@graph":[{"@type":"WebPage","@id":"https:\/\/www.maisonouzbek.com\/en\/product\/tresors-de-samarkand\/","url":"https:\/\/www.maisonouzbek.com\/en\/product\/tresors-de-samarkand\/","name":"Tr\u00e9sors de Samarkand - Maison de l&#039;Ouzbekistan","isPartOf":{"@id":"https:\/\/www.maisonouzbek.com\/#website"},"primaryImageOfPage":{"@id":"https:\/\/www.maisonouzbek.com\/en\/product\/tresors-de-samarkand\/#primaryimage"},"image":{"@id":"https:\/\/www.maisonouzbek.com\/en\/product\/tresors-de-samarkand\/#primaryimage"},"thumbnailUrl":"https:\/\/www.maisonouzbek.com\/wp-content\/uploads\/2019\/09\/IMG_0877.jpg","datePublished":"2019-09-03T07:35:03+00:00","dateModified":"2023-01-25T10:06:27+00:00","breadcrumb":{"@id":"https:\/\/www.maisonouzbek.com\/en\/product\/tresors-de-samarkand\/#breadcrumb"},"inLanguage":"en-US","potentialAction":[{"@type":"ReadAction","target":["https:\/\/www.maisonouzbek.com\/en\/product\/tresors-de-samarkand\/"]}]},{"@type":"ImageObject","inLanguage":"en-US","@id":"https:\/\/www.maisonouzbek.com\/en\/product\/tresors-de-samarkand\/#primaryimage","url":"https:\/\/www.maisonouzbek.com\/wp-content\/uploads\/2019\/09\/IMG_0877.jpg","contentUrl":"https:\/\/www.maisonouzbek.com\/wp-content\/uploads\/2019\/09\/IMG_0877.jpg","width":1103,"height":734},{"@type":"BreadcrumbList","@id":"https:\/\/www.maisonouzbek.com\/en\/product\/tresors-de-samarkand\/#breadcrumb","itemListElement":[{"@type":"ListItem","position":1,"name":"Home","item":"https:\/\/www.maisonouzbek.com\/en\/"},{"@type":"ListItem","position":2,"name":"Tr\u00e9sors de Samarkand"}]},{"@type":"WebSite","@id":"https:\/\/www.maisonouzbek.com\/#website","url":"https:\/\/www.maisonouzbek.com\/","name":"Maison de l&#039;Ouzbekistan","description":"La galerie La Maison de l\u2019Ouzb\u00e9kistan \u00e0 Paris est con\u00e7ue comme un portail vers le riche patrimoine culturel de l\u2019Ouzb\u00e9kistan","potentialAction":[{"@type":"SearchAction","target":{"@type":"EntryPoint","urlTemplate":"https:\/\/www.maisonouzbek.com\/?s={search_term_string}"},"query-input":{"@type":"PropertyValueSpecification","valueRequired":true,"valueName":"search_term_string"}}],"inLanguage":"en-US"}]}},"_links":{"self":[{"href":"https:\/\/www.maisonouzbek.com\/en\/wp-json\/wp\/v2\/product\/1180","targetHints":{"allow":["GET"]}}],"collection":[{"href":"https:\/\/www.maisonouzbek.com\/en\/wp-json\/wp\/v2\/product"}],"about":[{"href":"https:\/\/www.maisonouzbek.com\/en\/wp-json\/wp\/v2\/types\/product"}],"replies":[{"embeddable":true,"href":"https:\/\/www.maisonouzbek.com\/en\/wp-json\/wp\/v2\/comments?post=1180"}],"wp:featuredmedia":[{"embeddable":true,"href":"https:\/\/www.maisonouzbek.com\/en\/wp-json\/wp\/v2\/media\/1191"}],"wp:attachment":[{"href":"https:\/\/www.maisonouzbek.com\/en\/wp-json\/wp\/v2\/media?parent=1180"}],"wp:term":[{"taxonomy":"product_cat","embeddable":true,"href":"https:\/\/www.maisonouzbek.com\/en\/wp-json\/wp\/v2\/product_cat?post=1180"},{"taxonomy":"product_tag","embeddable":true,"href":"https:\/\/www.maisonouzbek.com\/en\/wp-json\/wp\/v2\/product_tag?post=1180"}],"curies":[{"name":"wp","href":"https:\/\/api.w.org\/{rel}","templated":true}]}}