{"id":1226,"date":"2019-09-03T11:12:59","date_gmt":"2019-09-03T09:12:59","guid":{"rendered":"https:\/\/www.maisonouzbek.com\/?post_type=product&#038;p=1226"},"modified":"2021-10-12T11:57:08","modified_gmt":"2021-10-12T10:57:08","slug":"ceramic-plate-with-gorgeous-design-in-red-and-blue","status":"publish","type":"product","link":"https:\/\/www.maisonouzbek.com\/en\/product\/ceramic-plate-with-gorgeous-design-in-red-and-blue\/","title":{"rendered":"Ceramic plate with gorgeous design in red and blue"},"content":{"rendered":"<p>Diameter: 32.5 cm<\/p>\n<p>All our products are hand-made by skilled artisans using traditional methods. Most items are unique and this particular piece is the only one of its kind in store. Please contact us or visit the boutique for similar items. Our staff will be happy to help you find a close match.<\/p>\n","protected":false},"excerpt":{"rendered":"<p>Diameter: 32.5 cm All our products are hand-made by skilled artisans using traditional methods. Most items are unique and this particular piece is the only one of its kind in store. Please contact us or visit the boutique for similar items. Our staff will be happy to help you find a close match.<\/p>\n","protected":false},"featured_media":1304,"comment_status":"open","ping_status":"closed","template":"","meta":{"_acf_changed":false},"product_cat":[30],"product_tag":[],"class_list":["post-1226","product","type-product","status-publish","has-post-thumbnail","hentry","product_cat-ceramics-en"],"acf":[],"yoast_head":"<!-- This site is optimized with the Yoast SEO plugin v24.7 - https:\/\/yoast.com\/wordpress\/plugins\/seo\/ -->\n<title>Ceramic plate with gorgeous design in red and blue - Maison de l&#039;Ouzbekistan<\/title>\n<meta name=\"robots\" content=\"noindex, follow\" \/>\n<meta property=\"og:locale\" content=\"en_US\" \/>\n<meta property=\"og:type\" content=\"article\" \/>\n<meta property=\"og:title\" content=\"Ceramic plate with gorgeous design in red and blue - Maison de l&#039;Ouzbekistan\" \/>\n<meta property=\"og:description\" content=\"Diameter: 32.5 cm All our products are hand-made by skilled artisans using traditional methods. Most items are unique and this particular piece is the only one of its kind in store. Please contact us or visit the boutique for similar items. Our staff will be happy to help you find a close match.\" \/>\n<meta property=\"og:url\" content=\"https:\/\/www.maisonouzbek.com\/en\/product\/ceramic-plate-with-gorgeous-design-in-red-and-blue\/\" \/>\n<meta property=\"og:site_name\" content=\"Maison de l&#039;Ouzbekistan\" \/>\n<meta property=\"article:modified_time\" content=\"2021-10-12T10:57:08+00:00\" \/>\n<meta property=\"og:image\" content=\"https:\/\/www.maisonouzbek.com\/wp-content\/uploads\/2019\/09\/C017.jpg\" \/>\n\t<meta property=\"og:image:width\" content=\"1200\" \/>\n\t<meta property=\"og:image:height\" content=\"799\" \/>\n\t<meta property=\"og:image:type\" content=\"image\/jpeg\" \/>\n<meta name=\"twitter:card\" content=\"summary_large_image\" \/>\n<script type=\"application\/ld+json\" class=\"yoast-schema-graph\">{\"@context\":\"https:\/\/schema.org\",\"@graph\":[{\"@type\":\"WebPage\",\"@id\":\"https:\/\/www.maisonouzbek.com\/en\/product\/ceramic-plate-with-gorgeous-design-in-red-and-blue\/\",\"url\":\"https:\/\/www.maisonouzbek.com\/en\/product\/ceramic-plate-with-gorgeous-design-in-red-and-blue\/\",\"name\":\"Ceramic plate with gorgeous design in red and blue - Maison de l&#039;Ouzbekistan\",\"isPartOf\":{\"@id\":\"https:\/\/www.maisonouzbek.com\/#website\"},\"primaryImageOfPage\":{\"@id\":\"https:\/\/www.maisonouzbek.com\/en\/product\/ceramic-plate-with-gorgeous-design-in-red-and-blue\/#primaryimage\"},\"image\":{\"@id\":\"https:\/\/www.maisonouzbek.com\/en\/product\/ceramic-plate-with-gorgeous-design-in-red-and-blue\/#primaryimage\"},\"thumbnailUrl\":\"https:\/\/www.maisonouzbek.com\/wp-content\/uploads\/2019\/09\/C017.jpg\",\"datePublished\":\"2019-09-03T09:12:59+00:00\",\"dateModified\":\"2021-10-12T10:57:08+00:00\",\"breadcrumb\":{\"@id\":\"https:\/\/www.maisonouzbek.com\/en\/product\/ceramic-plate-with-gorgeous-design-in-red-and-blue\/#breadcrumb\"},\"inLanguage\":\"en-US\",\"potentialAction\":[{\"@type\":\"ReadAction\",\"target\":[\"https:\/\/www.maisonouzbek.com\/en\/product\/ceramic-plate-with-gorgeous-design-in-red-and-blue\/\"]}]},{\"@type\":\"ImageObject\",\"inLanguage\":\"en-US\",\"@id\":\"https:\/\/www.maisonouzbek.com\/en\/product\/ceramic-plate-with-gorgeous-design-in-red-and-blue\/#primaryimage\",\"url\":\"https:\/\/www.maisonouzbek.com\/wp-content\/uploads\/2019\/09\/C017.jpg\",\"contentUrl\":\"https:\/\/www.maisonouzbek.com\/wp-content\/uploads\/2019\/09\/C017.jpg\",\"width\":1200,\"height\":799},{\"@type\":\"BreadcrumbList\",\"@id\":\"https:\/\/www.maisonouzbek.com\/en\/product\/ceramic-plate-with-gorgeous-design-in-red-and-blue\/#breadcrumb\",\"itemListElement\":[{\"@type\":\"ListItem\",\"position\":1,\"name\":\"Home\",\"item\":\"https:\/\/www.maisonouzbek.com\/en\/\"},{\"@type\":\"ListItem\",\"position\":2,\"name\":\"Ceramic plate with gorgeous design in red and blue\"}]},{\"@type\":\"WebSite\",\"@id\":\"https:\/\/www.maisonouzbek.com\/#website\",\"url\":\"https:\/\/www.maisonouzbek.com\/\",\"name\":\"Maison de l&#039;Ouzbekistan\",\"description\":\"La galerie La Maison de l\u2019Ouzb\u00e9kistan \u00e0 Paris est con\u00e7ue comme un portail vers le riche patrimoine culturel de l\u2019Ouzb\u00e9kistan\",\"potentialAction\":[{\"@type\":\"SearchAction\",\"target\":{\"@type\":\"EntryPoint\",\"urlTemplate\":\"https:\/\/www.maisonouzbek.com\/?s={search_term_string}\"},\"query-input\":{\"@type\":\"PropertyValueSpecification\",\"valueRequired\":true,\"valueName\":\"search_term_string\"}}],\"inLanguage\":\"en-US\"}]}<\/script>\n<!-- \/ Yoast SEO plugin. -->","yoast_head_json":{"title":"Ceramic plate with gorgeous design in red and blue - Maison de l&#039;Ouzbekistan","robots":{"index":"noindex","follow":"follow"},"og_locale":"en_US","og_type":"article","og_title":"Ceramic plate with gorgeous design in red and blue - Maison de l&#039;Ouzbekistan","og_description":"Diameter: 32.5 cm All our products are hand-made by skilled artisans using traditional methods. Most items are unique and this particular piece is the only one of its kind in store. Please contact us or visit the boutique for similar items. Our staff will be happy to help you find a close match.","og_url":"https:\/\/www.maisonouzbek.com\/en\/product\/ceramic-plate-with-gorgeous-design-in-red-and-blue\/","og_site_name":"Maison de l&#039;Ouzbekistan","article_modified_time":"2021-10-12T10:57:08+00:00","og_image":[{"width":1200,"height":799,"url":"https:\/\/www.maisonouzbek.com\/wp-content\/uploads\/2019\/09\/C017.jpg","type":"image\/jpeg"}],"twitter_card":"summary_large_image","schema":{"@context":"https:\/\/schema.org","@graph":[{"@type":"WebPage","@id":"https:\/\/www.maisonouzbek.com\/en\/product\/ceramic-plate-with-gorgeous-design-in-red-and-blue\/","url":"https:\/\/www.maisonouzbek.com\/en\/product\/ceramic-plate-with-gorgeous-design-in-red-and-blue\/","name":"Ceramic plate with gorgeous design in red and blue - Maison de l&#039;Ouzbekistan","isPartOf":{"@id":"https:\/\/www.maisonouzbek.com\/#website"},"primaryImageOfPage":{"@id":"https:\/\/www.maisonouzbek.com\/en\/product\/ceramic-plate-with-gorgeous-design-in-red-and-blue\/#primaryimage"},"image":{"@id":"https:\/\/www.maisonouzbek.com\/en\/product\/ceramic-plate-with-gorgeous-design-in-red-and-blue\/#primaryimage"},"thumbnailUrl":"https:\/\/www.maisonouzbek.com\/wp-content\/uploads\/2019\/09\/C017.jpg","datePublished":"2019-09-03T09:12:59+00:00","dateModified":"2021-10-12T10:57:08+00:00","breadcrumb":{"@id":"https:\/\/www.maisonouzbek.com\/en\/product\/ceramic-plate-with-gorgeous-design-in-red-and-blue\/#breadcrumb"},"inLanguage":"en-US","potentialAction":[{"@type":"ReadAction","target":["https:\/\/www.maisonouzbek.com\/en\/product\/ceramic-plate-with-gorgeous-design-in-red-and-blue\/"]}]},{"@type":"ImageObject","inLanguage":"en-US","@id":"https:\/\/www.maisonouzbek.com\/en\/product\/ceramic-plate-with-gorgeous-design-in-red-and-blue\/#primaryimage","url":"https:\/\/www.maisonouzbek.com\/wp-content\/uploads\/2019\/09\/C017.jpg","contentUrl":"https:\/\/www.maisonouzbek.com\/wp-content\/uploads\/2019\/09\/C017.jpg","width":1200,"height":799},{"@type":"BreadcrumbList","@id":"https:\/\/www.maisonouzbek.com\/en\/product\/ceramic-plate-with-gorgeous-design-in-red-and-blue\/#breadcrumb","itemListElement":[{"@type":"ListItem","position":1,"name":"Home","item":"https:\/\/www.maisonouzbek.com\/en\/"},{"@type":"ListItem","position":2,"name":"Ceramic plate with gorgeous design in red and blue"}]},{"@type":"WebSite","@id":"https:\/\/www.maisonouzbek.com\/#website","url":"https:\/\/www.maisonouzbek.com\/","name":"Maison de l&#039;Ouzbekistan","description":"La galerie La Maison de l\u2019Ouzb\u00e9kistan \u00e0 Paris est con\u00e7ue comme un portail vers le riche patrimoine culturel de l\u2019Ouzb\u00e9kistan","potentialAction":[{"@type":"SearchAction","target":{"@type":"EntryPoint","urlTemplate":"https:\/\/www.maisonouzbek.com\/?s={search_term_string}"},"query-input":{"@type":"PropertyValueSpecification","valueRequired":true,"valueName":"search_term_string"}}],"inLanguage":"en-US"}]}},"_links":{"self":[{"href":"https:\/\/www.maisonouzbek.com\/en\/wp-json\/wp\/v2\/product\/1226","targetHints":{"allow":["GET"]}}],"collection":[{"href":"https:\/\/www.maisonouzbek.com\/en\/wp-json\/wp\/v2\/product"}],"about":[{"href":"https:\/\/www.maisonouzbek.com\/en\/wp-json\/wp\/v2\/types\/product"}],"replies":[{"embeddable":true,"href":"https:\/\/www.maisonouzbek.com\/en\/wp-json\/wp\/v2\/comments?post=1226"}],"wp:featuredmedia":[{"embeddable":true,"href":"https:\/\/www.maisonouzbek.com\/en\/wp-json\/wp\/v2\/media\/1304"}],"wp:attachment":[{"href":"https:\/\/www.maisonouzbek.com\/en\/wp-json\/wp\/v2\/media?parent=1226"}],"wp:term":[{"taxonomy":"product_cat","embeddable":true,"href":"https:\/\/www.maisonouzbek.com\/en\/wp-json\/wp\/v2\/product_cat?post=1226"},{"taxonomy":"product_tag","embeddable":true,"href":"https:\/\/www.maisonouzbek.com\/en\/wp-json\/wp\/v2\/product_tag?post=1226"}],"curies":[{"name":"wp","href":"https:\/\/api.w.org\/{rel}","templated":true}]}}