{"id":1230,"date":"2019-09-03T11:25:29","date_gmt":"2019-09-03T09:25:29","guid":{"rendered":"https:\/\/www.maisonouzbek.com\/?post_type=product&#038;p=1230"},"modified":"2020-08-31T19:49:06","modified_gmt":"2020-08-31T17:49:06","slug":"gorgeous-semi-silk-adras-table-runner","status":"publish","type":"product","link":"https:\/\/www.maisonouzbek.com\/en\/product\/gorgeous-semi-silk-adras-table-runner\/","title":{"rendered":"Gorgeous semi-silk adras table runner"},"content":{"rendered":"<p>Materials: semi-silk adras, silk embroidery threads.<br \/>\nSize: 200 cm x 45 cm<\/p>\n","protected":false},"excerpt":{"rendered":"<p>A semi-silk adras table runner hand-embroidered in the Nurata style with warm yellow, green, pink and beige silk threads. The floral ornaments are typical of islimi patterns and represent the abundance of the Garden of Eden. This piece was hand-stitched by renowned needlewoman Madina Kasimbaeva.<\/p>\n","protected":false},"featured_media":1316,"comment_status":"open","ping_status":"closed","template":"","meta":{"_acf_changed":false},"product_cat":[31,55],"product_tag":[],"class_list":["post-1230","product","type-product","status-publish","has-post-thumbnail","hentry","product_cat-embroidery-en","product_cat-must-haves-en"],"acf":[],"yoast_head":"<!-- This site is optimized with the Yoast SEO plugin v24.7 - https:\/\/yoast.com\/wordpress\/plugins\/seo\/ -->\n<title>Gorgeous semi-silk adras table runner - Maison de l&#039;Ouzbekistan<\/title>\n<meta name=\"robots\" content=\"noindex, follow\" \/>\n<meta property=\"og:locale\" content=\"en_US\" \/>\n<meta property=\"og:type\" content=\"article\" \/>\n<meta property=\"og:title\" content=\"Gorgeous semi-silk adras table runner - Maison de l&#039;Ouzbekistan\" \/>\n<meta property=\"og:description\" content=\"A semi-silk adras table runner hand-embroidered in the Nurata style with warm yellow, green, pink and beige silk threads. The floral ornaments are typical of islimi patterns and represent the abundance of the Garden of Eden. This piece was hand-stitched by renowned needlewoman Madina Kasimbaeva.\" \/>\n<meta property=\"og:url\" content=\"https:\/\/www.maisonouzbek.com\/en\/product\/gorgeous-semi-silk-adras-table-runner\/\" \/>\n<meta property=\"og:site_name\" content=\"Maison de l&#039;Ouzbekistan\" \/>\n<meta property=\"article:modified_time\" content=\"2020-08-31T17:49:06+00:00\" \/>\n<meta property=\"og:image\" content=\"https:\/\/www.maisonouzbek.com\/wp-content\/uploads\/2019\/09\/E001.jpg\" \/>\n\t<meta property=\"og:image:width\" content=\"1200\" \/>\n\t<meta property=\"og:image:height\" content=\"799\" \/>\n\t<meta property=\"og:image:type\" content=\"image\/jpeg\" \/>\n<meta name=\"twitter:card\" content=\"summary_large_image\" \/>\n<script type=\"application\/ld+json\" class=\"yoast-schema-graph\">{\"@context\":\"https:\/\/schema.org\",\"@graph\":[{\"@type\":\"WebPage\",\"@id\":\"https:\/\/www.maisonouzbek.com\/en\/product\/gorgeous-semi-silk-adras-table-runner\/\",\"url\":\"https:\/\/www.maisonouzbek.com\/en\/product\/gorgeous-semi-silk-adras-table-runner\/\",\"name\":\"Gorgeous semi-silk adras table runner - Maison de l&#039;Ouzbekistan\",\"isPartOf\":{\"@id\":\"https:\/\/www.maisonouzbek.com\/#website\"},\"primaryImageOfPage\":{\"@id\":\"https:\/\/www.maisonouzbek.com\/en\/product\/gorgeous-semi-silk-adras-table-runner\/#primaryimage\"},\"image\":{\"@id\":\"https:\/\/www.maisonouzbek.com\/en\/product\/gorgeous-semi-silk-adras-table-runner\/#primaryimage\"},\"thumbnailUrl\":\"https:\/\/www.maisonouzbek.com\/wp-content\/uploads\/2019\/09\/E001.jpg\",\"datePublished\":\"2019-09-03T09:25:29+00:00\",\"dateModified\":\"2020-08-31T17:49:06+00:00\",\"breadcrumb\":{\"@id\":\"https:\/\/www.maisonouzbek.com\/en\/product\/gorgeous-semi-silk-adras-table-runner\/#breadcrumb\"},\"inLanguage\":\"en-US\",\"potentialAction\":[{\"@type\":\"ReadAction\",\"target\":[\"https:\/\/www.maisonouzbek.com\/en\/product\/gorgeous-semi-silk-adras-table-runner\/\"]}]},{\"@type\":\"ImageObject\",\"inLanguage\":\"en-US\",\"@id\":\"https:\/\/www.maisonouzbek.com\/en\/product\/gorgeous-semi-silk-adras-table-runner\/#primaryimage\",\"url\":\"https:\/\/www.maisonouzbek.com\/wp-content\/uploads\/2019\/09\/E001.jpg\",\"contentUrl\":\"https:\/\/www.maisonouzbek.com\/wp-content\/uploads\/2019\/09\/E001.jpg\",\"width\":1200,\"height\":799},{\"@type\":\"BreadcrumbList\",\"@id\":\"https:\/\/www.maisonouzbek.com\/en\/product\/gorgeous-semi-silk-adras-table-runner\/#breadcrumb\",\"itemListElement\":[{\"@type\":\"ListItem\",\"position\":1,\"name\":\"Home\",\"item\":\"https:\/\/www.maisonouzbek.com\/en\/\"},{\"@type\":\"ListItem\",\"position\":2,\"name\":\"Gorgeous semi-silk adras table runner\"}]},{\"@type\":\"WebSite\",\"@id\":\"https:\/\/www.maisonouzbek.com\/#website\",\"url\":\"https:\/\/www.maisonouzbek.com\/\",\"name\":\"Maison de l&#039;Ouzbekistan\",\"description\":\"La galerie La Maison de l\u2019Ouzb\u00e9kistan \u00e0 Paris est con\u00e7ue comme un portail vers le riche patrimoine culturel de l\u2019Ouzb\u00e9kistan\",\"potentialAction\":[{\"@type\":\"SearchAction\",\"target\":{\"@type\":\"EntryPoint\",\"urlTemplate\":\"https:\/\/www.maisonouzbek.com\/?s={search_term_string}\"},\"query-input\":{\"@type\":\"PropertyValueSpecification\",\"valueRequired\":true,\"valueName\":\"search_term_string\"}}],\"inLanguage\":\"en-US\"}]}<\/script>\n<!-- \/ Yoast SEO plugin. -->","yoast_head_json":{"title":"Gorgeous semi-silk adras table runner - Maison de l&#039;Ouzbekistan","robots":{"index":"noindex","follow":"follow"},"og_locale":"en_US","og_type":"article","og_title":"Gorgeous semi-silk adras table runner - Maison de l&#039;Ouzbekistan","og_description":"A semi-silk adras table runner hand-embroidered in the Nurata style with warm yellow, green, pink and beige silk threads. The floral ornaments are typical of islimi patterns and represent the abundance of the Garden of Eden. This piece was hand-stitched by renowned needlewoman Madina Kasimbaeva.","og_url":"https:\/\/www.maisonouzbek.com\/en\/product\/gorgeous-semi-silk-adras-table-runner\/","og_site_name":"Maison de l&#039;Ouzbekistan","article_modified_time":"2020-08-31T17:49:06+00:00","og_image":[{"width":1200,"height":799,"url":"https:\/\/www.maisonouzbek.com\/wp-content\/uploads\/2019\/09\/E001.jpg","type":"image\/jpeg"}],"twitter_card":"summary_large_image","schema":{"@context":"https:\/\/schema.org","@graph":[{"@type":"WebPage","@id":"https:\/\/www.maisonouzbek.com\/en\/product\/gorgeous-semi-silk-adras-table-runner\/","url":"https:\/\/www.maisonouzbek.com\/en\/product\/gorgeous-semi-silk-adras-table-runner\/","name":"Gorgeous semi-silk adras table runner - Maison de l&#039;Ouzbekistan","isPartOf":{"@id":"https:\/\/www.maisonouzbek.com\/#website"},"primaryImageOfPage":{"@id":"https:\/\/www.maisonouzbek.com\/en\/product\/gorgeous-semi-silk-adras-table-runner\/#primaryimage"},"image":{"@id":"https:\/\/www.maisonouzbek.com\/en\/product\/gorgeous-semi-silk-adras-table-runner\/#primaryimage"},"thumbnailUrl":"https:\/\/www.maisonouzbek.com\/wp-content\/uploads\/2019\/09\/E001.jpg","datePublished":"2019-09-03T09:25:29+00:00","dateModified":"2020-08-31T17:49:06+00:00","breadcrumb":{"@id":"https:\/\/www.maisonouzbek.com\/en\/product\/gorgeous-semi-silk-adras-table-runner\/#breadcrumb"},"inLanguage":"en-US","potentialAction":[{"@type":"ReadAction","target":["https:\/\/www.maisonouzbek.com\/en\/product\/gorgeous-semi-silk-adras-table-runner\/"]}]},{"@type":"ImageObject","inLanguage":"en-US","@id":"https:\/\/www.maisonouzbek.com\/en\/product\/gorgeous-semi-silk-adras-table-runner\/#primaryimage","url":"https:\/\/www.maisonouzbek.com\/wp-content\/uploads\/2019\/09\/E001.jpg","contentUrl":"https:\/\/www.maisonouzbek.com\/wp-content\/uploads\/2019\/09\/E001.jpg","width":1200,"height":799},{"@type":"BreadcrumbList","@id":"https:\/\/www.maisonouzbek.com\/en\/product\/gorgeous-semi-silk-adras-table-runner\/#breadcrumb","itemListElement":[{"@type":"ListItem","position":1,"name":"Home","item":"https:\/\/www.maisonouzbek.com\/en\/"},{"@type":"ListItem","position":2,"name":"Gorgeous semi-silk adras table runner"}]},{"@type":"WebSite","@id":"https:\/\/www.maisonouzbek.com\/#website","url":"https:\/\/www.maisonouzbek.com\/","name":"Maison de l&#039;Ouzbekistan","description":"La galerie La Maison de l\u2019Ouzb\u00e9kistan \u00e0 Paris est con\u00e7ue comme un portail vers le riche patrimoine culturel de l\u2019Ouzb\u00e9kistan","potentialAction":[{"@type":"SearchAction","target":{"@type":"EntryPoint","urlTemplate":"https:\/\/www.maisonouzbek.com\/?s={search_term_string}"},"query-input":{"@type":"PropertyValueSpecification","valueRequired":true,"valueName":"search_term_string"}}],"inLanguage":"en-US"}]}},"_links":{"self":[{"href":"https:\/\/www.maisonouzbek.com\/en\/wp-json\/wp\/v2\/product\/1230","targetHints":{"allow":["GET"]}}],"collection":[{"href":"https:\/\/www.maisonouzbek.com\/en\/wp-json\/wp\/v2\/product"}],"about":[{"href":"https:\/\/www.maisonouzbek.com\/en\/wp-json\/wp\/v2\/types\/product"}],"replies":[{"embeddable":true,"href":"https:\/\/www.maisonouzbek.com\/en\/wp-json\/wp\/v2\/comments?post=1230"}],"wp:featuredmedia":[{"embeddable":true,"href":"https:\/\/www.maisonouzbek.com\/en\/wp-json\/wp\/v2\/media\/1316"}],"wp:attachment":[{"href":"https:\/\/www.maisonouzbek.com\/en\/wp-json\/wp\/v2\/media?parent=1230"}],"wp:term":[{"taxonomy":"product_cat","embeddable":true,"href":"https:\/\/www.maisonouzbek.com\/en\/wp-json\/wp\/v2\/product_cat?post=1230"},{"taxonomy":"product_tag","embeddable":true,"href":"https:\/\/www.maisonouzbek.com\/en\/wp-json\/wp\/v2\/product_tag?post=1230"}],"curies":[{"name":"wp","href":"https:\/\/api.w.org\/{rel}","templated":true}]}}