{"id":1339,"date":"2019-09-03T14:43:19","date_gmt":"2019-09-03T12:43:19","guid":{"rendered":"https:\/\/www.maisonouzbek.com\/?post_type=product&#038;p=1339"},"modified":"2020-11-30T13:23:04","modified_gmt":"2020-11-30T12:23:04","slug":"stylish-embroidered-clutch-bag","status":"publish","type":"product","link":"https:\/\/www.maisonouzbek.com\/en\/product\/stylish-embroidered-clutch-bag\/","title":{"rendered":"Stylish embroidered clutch bag"},"content":{"rendered":"<p>Dimensions: 34 cm x 17 cm<\/p>\n","protected":false},"excerpt":{"rendered":"<p>Medium clutch bag in silk with silk embroidery.<\/p>\n","protected":false},"featured_media":1340,"comment_status":"open","ping_status":"closed","template":"","meta":{"_acf_changed":false},"product_cat":[31,36],"product_tag":[],"class_list":["post-1339","product","type-product","status-publish","has-post-thumbnail","hentry","product_cat-embroidery-en","product_cat-accessories-en"],"acf":[],"yoast_head":"<!-- This site is optimized with the Yoast SEO plugin v24.7 - https:\/\/yoast.com\/wordpress\/plugins\/seo\/ -->\n<title>Stylish embroidered clutch bag - Maison de l&#039;Ouzbekistan<\/title>\n<meta name=\"robots\" content=\"noindex, follow\" \/>\n<meta property=\"og:locale\" content=\"en_US\" \/>\n<meta property=\"og:type\" content=\"article\" \/>\n<meta property=\"og:title\" content=\"Stylish embroidered clutch bag - Maison de l&#039;Ouzbekistan\" \/>\n<meta property=\"og:description\" content=\"Medium clutch bag in silk with silk embroidery.\" \/>\n<meta property=\"og:url\" content=\"https:\/\/www.maisonouzbek.com\/en\/product\/stylish-embroidered-clutch-bag\/\" \/>\n<meta property=\"og:site_name\" content=\"Maison de l&#039;Ouzbekistan\" \/>\n<meta property=\"article:modified_time\" content=\"2020-11-30T12:23:04+00:00\" \/>\n<meta property=\"og:image\" content=\"https:\/\/www.maisonouzbek.com\/wp-content\/uploads\/2019\/09\/E002.jpg\" \/>\n\t<meta property=\"og:image:width\" content=\"1200\" \/>\n\t<meta property=\"og:image:height\" content=\"799\" \/>\n\t<meta property=\"og:image:type\" content=\"image\/jpeg\" \/>\n<meta name=\"twitter:card\" content=\"summary_large_image\" \/>\n<script type=\"application\/ld+json\" class=\"yoast-schema-graph\">{\"@context\":\"https:\/\/schema.org\",\"@graph\":[{\"@type\":\"WebPage\",\"@id\":\"https:\/\/www.maisonouzbek.com\/en\/product\/stylish-embroidered-clutch-bag\/\",\"url\":\"https:\/\/www.maisonouzbek.com\/en\/product\/stylish-embroidered-clutch-bag\/\",\"name\":\"Stylish embroidered clutch bag - Maison de l&#039;Ouzbekistan\",\"isPartOf\":{\"@id\":\"https:\/\/www.maisonouzbek.com\/#website\"},\"primaryImageOfPage\":{\"@id\":\"https:\/\/www.maisonouzbek.com\/en\/product\/stylish-embroidered-clutch-bag\/#primaryimage\"},\"image\":{\"@id\":\"https:\/\/www.maisonouzbek.com\/en\/product\/stylish-embroidered-clutch-bag\/#primaryimage\"},\"thumbnailUrl\":\"https:\/\/www.maisonouzbek.com\/wp-content\/uploads\/2019\/09\/E002.jpg\",\"datePublished\":\"2019-09-03T12:43:19+00:00\",\"dateModified\":\"2020-11-30T12:23:04+00:00\",\"breadcrumb\":{\"@id\":\"https:\/\/www.maisonouzbek.com\/en\/product\/stylish-embroidered-clutch-bag\/#breadcrumb\"},\"inLanguage\":\"en-US\",\"potentialAction\":[{\"@type\":\"ReadAction\",\"target\":[\"https:\/\/www.maisonouzbek.com\/en\/product\/stylish-embroidered-clutch-bag\/\"]}]},{\"@type\":\"ImageObject\",\"inLanguage\":\"en-US\",\"@id\":\"https:\/\/www.maisonouzbek.com\/en\/product\/stylish-embroidered-clutch-bag\/#primaryimage\",\"url\":\"https:\/\/www.maisonouzbek.com\/wp-content\/uploads\/2019\/09\/E002.jpg\",\"contentUrl\":\"https:\/\/www.maisonouzbek.com\/wp-content\/uploads\/2019\/09\/E002.jpg\",\"width\":1200,\"height\":799},{\"@type\":\"BreadcrumbList\",\"@id\":\"https:\/\/www.maisonouzbek.com\/en\/product\/stylish-embroidered-clutch-bag\/#breadcrumb\",\"itemListElement\":[{\"@type\":\"ListItem\",\"position\":1,\"name\":\"Home\",\"item\":\"https:\/\/www.maisonouzbek.com\/en\/\"},{\"@type\":\"ListItem\",\"position\":2,\"name\":\"Stylish embroidered clutch bag\"}]},{\"@type\":\"WebSite\",\"@id\":\"https:\/\/www.maisonouzbek.com\/#website\",\"url\":\"https:\/\/www.maisonouzbek.com\/\",\"name\":\"Maison de l&#039;Ouzbekistan\",\"description\":\"La galerie La Maison de l\u2019Ouzb\u00e9kistan \u00e0 Paris est con\u00e7ue comme un portail vers le riche patrimoine culturel de l\u2019Ouzb\u00e9kistan\",\"potentialAction\":[{\"@type\":\"SearchAction\",\"target\":{\"@type\":\"EntryPoint\",\"urlTemplate\":\"https:\/\/www.maisonouzbek.com\/?s={search_term_string}\"},\"query-input\":{\"@type\":\"PropertyValueSpecification\",\"valueRequired\":true,\"valueName\":\"search_term_string\"}}],\"inLanguage\":\"en-US\"}]}<\/script>\n<!-- \/ Yoast SEO plugin. -->","yoast_head_json":{"title":"Stylish embroidered clutch bag - Maison de l&#039;Ouzbekistan","robots":{"index":"noindex","follow":"follow"},"og_locale":"en_US","og_type":"article","og_title":"Stylish embroidered clutch bag - Maison de l&#039;Ouzbekistan","og_description":"Medium clutch bag in silk with silk embroidery.","og_url":"https:\/\/www.maisonouzbek.com\/en\/product\/stylish-embroidered-clutch-bag\/","og_site_name":"Maison de l&#039;Ouzbekistan","article_modified_time":"2020-11-30T12:23:04+00:00","og_image":[{"width":1200,"height":799,"url":"https:\/\/www.maisonouzbek.com\/wp-content\/uploads\/2019\/09\/E002.jpg","type":"image\/jpeg"}],"twitter_card":"summary_large_image","schema":{"@context":"https:\/\/schema.org","@graph":[{"@type":"WebPage","@id":"https:\/\/www.maisonouzbek.com\/en\/product\/stylish-embroidered-clutch-bag\/","url":"https:\/\/www.maisonouzbek.com\/en\/product\/stylish-embroidered-clutch-bag\/","name":"Stylish embroidered clutch bag - Maison de l&#039;Ouzbekistan","isPartOf":{"@id":"https:\/\/www.maisonouzbek.com\/#website"},"primaryImageOfPage":{"@id":"https:\/\/www.maisonouzbek.com\/en\/product\/stylish-embroidered-clutch-bag\/#primaryimage"},"image":{"@id":"https:\/\/www.maisonouzbek.com\/en\/product\/stylish-embroidered-clutch-bag\/#primaryimage"},"thumbnailUrl":"https:\/\/www.maisonouzbek.com\/wp-content\/uploads\/2019\/09\/E002.jpg","datePublished":"2019-09-03T12:43:19+00:00","dateModified":"2020-11-30T12:23:04+00:00","breadcrumb":{"@id":"https:\/\/www.maisonouzbek.com\/en\/product\/stylish-embroidered-clutch-bag\/#breadcrumb"},"inLanguage":"en-US","potentialAction":[{"@type":"ReadAction","target":["https:\/\/www.maisonouzbek.com\/en\/product\/stylish-embroidered-clutch-bag\/"]}]},{"@type":"ImageObject","inLanguage":"en-US","@id":"https:\/\/www.maisonouzbek.com\/en\/product\/stylish-embroidered-clutch-bag\/#primaryimage","url":"https:\/\/www.maisonouzbek.com\/wp-content\/uploads\/2019\/09\/E002.jpg","contentUrl":"https:\/\/www.maisonouzbek.com\/wp-content\/uploads\/2019\/09\/E002.jpg","width":1200,"height":799},{"@type":"BreadcrumbList","@id":"https:\/\/www.maisonouzbek.com\/en\/product\/stylish-embroidered-clutch-bag\/#breadcrumb","itemListElement":[{"@type":"ListItem","position":1,"name":"Home","item":"https:\/\/www.maisonouzbek.com\/en\/"},{"@type":"ListItem","position":2,"name":"Stylish embroidered clutch bag"}]},{"@type":"WebSite","@id":"https:\/\/www.maisonouzbek.com\/#website","url":"https:\/\/www.maisonouzbek.com\/","name":"Maison de l&#039;Ouzbekistan","description":"La galerie La Maison de l\u2019Ouzb\u00e9kistan \u00e0 Paris est con\u00e7ue comme un portail vers le riche patrimoine culturel de l\u2019Ouzb\u00e9kistan","potentialAction":[{"@type":"SearchAction","target":{"@type":"EntryPoint","urlTemplate":"https:\/\/www.maisonouzbek.com\/?s={search_term_string}"},"query-input":{"@type":"PropertyValueSpecification","valueRequired":true,"valueName":"search_term_string"}}],"inLanguage":"en-US"}]}},"_links":{"self":[{"href":"https:\/\/www.maisonouzbek.com\/en\/wp-json\/wp\/v2\/product\/1339","targetHints":{"allow":["GET"]}}],"collection":[{"href":"https:\/\/www.maisonouzbek.com\/en\/wp-json\/wp\/v2\/product"}],"about":[{"href":"https:\/\/www.maisonouzbek.com\/en\/wp-json\/wp\/v2\/types\/product"}],"replies":[{"embeddable":true,"href":"https:\/\/www.maisonouzbek.com\/en\/wp-json\/wp\/v2\/comments?post=1339"}],"wp:featuredmedia":[{"embeddable":true,"href":"https:\/\/www.maisonouzbek.com\/en\/wp-json\/wp\/v2\/media\/1340"}],"wp:attachment":[{"href":"https:\/\/www.maisonouzbek.com\/en\/wp-json\/wp\/v2\/media?parent=1339"}],"wp:term":[{"taxonomy":"product_cat","embeddable":true,"href":"https:\/\/www.maisonouzbek.com\/en\/wp-json\/wp\/v2\/product_cat?post=1339"},{"taxonomy":"product_tag","embeddable":true,"href":"https:\/\/www.maisonouzbek.com\/en\/wp-json\/wp\/v2\/product_tag?post=1339"}],"curies":[{"name":"wp","href":"https:\/\/api.w.org\/{rel}","templated":true}]}}