{"id":1463,"date":"2019-09-03T15:56:59","date_gmt":"2019-09-03T13:56:59","guid":{"rendered":"https:\/\/www.maisonouzbek.com\/?post_type=product&#038;p=1463"},"modified":"2023-01-24T17:36:22","modified_gmt":"2023-01-24T17:36:22","slug":"adras-ikat-with-distinctive-green-print","status":"publish","type":"product","link":"https:\/\/www.maisonouzbek.com\/en\/product\/adras-ikat-with-distinctive-green-print\/","title":{"rendered":"Adras ikat with distinctive green print"},"content":{"rendered":"<p>All our products are hand-made by skilled artisans using traditional methods. Most items are unique and this particular piece is the only one of its kind in store. Please contact us or visit the boutique to discover the other patterns available.<\/p>\n","protected":false},"excerpt":{"rendered":"<p>20 euros per metre.<\/p>\n<p>Width: 40 cm.<\/p>\n<p>Total length available: 17 m.<\/p>\n","protected":false},"featured_media":1464,"comment_status":"open","ping_status":"closed","template":"","meta":{"_acf_changed":false},"product_cat":[40,55],"product_tag":[],"class_list":["post-1463","product","type-product","status-publish","has-post-thumbnail","hentry","product_cat-ikat-en","product_cat-must-haves-en"],"acf":[],"yoast_head":"<!-- This site is optimized with the Yoast SEO plugin v24.7 - https:\/\/yoast.com\/wordpress\/plugins\/seo\/ -->\n<title>Adras ikat with distinctive green print - Maison de l&#039;Ouzbekistan<\/title>\n<meta name=\"robots\" content=\"noindex, follow\" \/>\n<meta property=\"og:locale\" content=\"en_US\" \/>\n<meta property=\"og:type\" content=\"article\" \/>\n<meta property=\"og:title\" content=\"Adras ikat with distinctive green print - Maison de l&#039;Ouzbekistan\" \/>\n<meta property=\"og:description\" content=\"20 euros per metre.  Width: 40 cm.  Total length available: 17 m.\" \/>\n<meta property=\"og:url\" content=\"https:\/\/www.maisonouzbek.com\/en\/product\/adras-ikat-with-distinctive-green-print\/\" \/>\n<meta property=\"og:site_name\" content=\"Maison de l&#039;Ouzbekistan\" \/>\n<meta property=\"article:modified_time\" content=\"2023-01-24T17:36:22+00:00\" \/>\n<meta property=\"og:image\" content=\"https:\/\/www.maisonouzbek.com\/wp-content\/uploads\/2019\/09\/I015.jpg\" \/>\n\t<meta property=\"og:image:width\" content=\"1200\" \/>\n\t<meta property=\"og:image:height\" content=\"800\" \/>\n\t<meta property=\"og:image:type\" content=\"image\/jpeg\" \/>\n<meta name=\"twitter:card\" content=\"summary_large_image\" \/>\n<script type=\"application\/ld+json\" class=\"yoast-schema-graph\">{\"@context\":\"https:\/\/schema.org\",\"@graph\":[{\"@type\":\"WebPage\",\"@id\":\"https:\/\/www.maisonouzbek.com\/en\/product\/adras-ikat-with-distinctive-green-print\/\",\"url\":\"https:\/\/www.maisonouzbek.com\/en\/product\/adras-ikat-with-distinctive-green-print\/\",\"name\":\"Adras ikat with distinctive green print - Maison de l&#039;Ouzbekistan\",\"isPartOf\":{\"@id\":\"https:\/\/www.maisonouzbek.com\/#website\"},\"primaryImageOfPage\":{\"@id\":\"https:\/\/www.maisonouzbek.com\/en\/product\/adras-ikat-with-distinctive-green-print\/#primaryimage\"},\"image\":{\"@id\":\"https:\/\/www.maisonouzbek.com\/en\/product\/adras-ikat-with-distinctive-green-print\/#primaryimage\"},\"thumbnailUrl\":\"https:\/\/www.maisonouzbek.com\/wp-content\/uploads\/2019\/09\/I015.jpg\",\"datePublished\":\"2019-09-03T13:56:59+00:00\",\"dateModified\":\"2023-01-24T17:36:22+00:00\",\"breadcrumb\":{\"@id\":\"https:\/\/www.maisonouzbek.com\/en\/product\/adras-ikat-with-distinctive-green-print\/#breadcrumb\"},\"inLanguage\":\"en-US\",\"potentialAction\":[{\"@type\":\"ReadAction\",\"target\":[\"https:\/\/www.maisonouzbek.com\/en\/product\/adras-ikat-with-distinctive-green-print\/\"]}]},{\"@type\":\"ImageObject\",\"inLanguage\":\"en-US\",\"@id\":\"https:\/\/www.maisonouzbek.com\/en\/product\/adras-ikat-with-distinctive-green-print\/#primaryimage\",\"url\":\"https:\/\/www.maisonouzbek.com\/wp-content\/uploads\/2019\/09\/I015.jpg\",\"contentUrl\":\"https:\/\/www.maisonouzbek.com\/wp-content\/uploads\/2019\/09\/I015.jpg\",\"width\":1200,\"height\":800},{\"@type\":\"BreadcrumbList\",\"@id\":\"https:\/\/www.maisonouzbek.com\/en\/product\/adras-ikat-with-distinctive-green-print\/#breadcrumb\",\"itemListElement\":[{\"@type\":\"ListItem\",\"position\":1,\"name\":\"Home\",\"item\":\"https:\/\/www.maisonouzbek.com\/en\/\"},{\"@type\":\"ListItem\",\"position\":2,\"name\":\"Adras ikat with distinctive green print\"}]},{\"@type\":\"WebSite\",\"@id\":\"https:\/\/www.maisonouzbek.com\/#website\",\"url\":\"https:\/\/www.maisonouzbek.com\/\",\"name\":\"Maison de l&#039;Ouzbekistan\",\"description\":\"La galerie La Maison de l\u2019Ouzb\u00e9kistan \u00e0 Paris est con\u00e7ue comme un portail vers le riche patrimoine culturel de l\u2019Ouzb\u00e9kistan\",\"potentialAction\":[{\"@type\":\"SearchAction\",\"target\":{\"@type\":\"EntryPoint\",\"urlTemplate\":\"https:\/\/www.maisonouzbek.com\/?s={search_term_string}\"},\"query-input\":{\"@type\":\"PropertyValueSpecification\",\"valueRequired\":true,\"valueName\":\"search_term_string\"}}],\"inLanguage\":\"en-US\"}]}<\/script>\n<!-- \/ Yoast SEO plugin. -->","yoast_head_json":{"title":"Adras ikat with distinctive green print - Maison de l&#039;Ouzbekistan","robots":{"index":"noindex","follow":"follow"},"og_locale":"en_US","og_type":"article","og_title":"Adras ikat with distinctive green print - Maison de l&#039;Ouzbekistan","og_description":"20 euros per metre.  Width: 40 cm.  Total length available: 17 m.","og_url":"https:\/\/www.maisonouzbek.com\/en\/product\/adras-ikat-with-distinctive-green-print\/","og_site_name":"Maison de l&#039;Ouzbekistan","article_modified_time":"2023-01-24T17:36:22+00:00","og_image":[{"width":1200,"height":800,"url":"https:\/\/www.maisonouzbek.com\/wp-content\/uploads\/2019\/09\/I015.jpg","type":"image\/jpeg"}],"twitter_card":"summary_large_image","schema":{"@context":"https:\/\/schema.org","@graph":[{"@type":"WebPage","@id":"https:\/\/www.maisonouzbek.com\/en\/product\/adras-ikat-with-distinctive-green-print\/","url":"https:\/\/www.maisonouzbek.com\/en\/product\/adras-ikat-with-distinctive-green-print\/","name":"Adras ikat with distinctive green print - Maison de l&#039;Ouzbekistan","isPartOf":{"@id":"https:\/\/www.maisonouzbek.com\/#website"},"primaryImageOfPage":{"@id":"https:\/\/www.maisonouzbek.com\/en\/product\/adras-ikat-with-distinctive-green-print\/#primaryimage"},"image":{"@id":"https:\/\/www.maisonouzbek.com\/en\/product\/adras-ikat-with-distinctive-green-print\/#primaryimage"},"thumbnailUrl":"https:\/\/www.maisonouzbek.com\/wp-content\/uploads\/2019\/09\/I015.jpg","datePublished":"2019-09-03T13:56:59+00:00","dateModified":"2023-01-24T17:36:22+00:00","breadcrumb":{"@id":"https:\/\/www.maisonouzbek.com\/en\/product\/adras-ikat-with-distinctive-green-print\/#breadcrumb"},"inLanguage":"en-US","potentialAction":[{"@type":"ReadAction","target":["https:\/\/www.maisonouzbek.com\/en\/product\/adras-ikat-with-distinctive-green-print\/"]}]},{"@type":"ImageObject","inLanguage":"en-US","@id":"https:\/\/www.maisonouzbek.com\/en\/product\/adras-ikat-with-distinctive-green-print\/#primaryimage","url":"https:\/\/www.maisonouzbek.com\/wp-content\/uploads\/2019\/09\/I015.jpg","contentUrl":"https:\/\/www.maisonouzbek.com\/wp-content\/uploads\/2019\/09\/I015.jpg","width":1200,"height":800},{"@type":"BreadcrumbList","@id":"https:\/\/www.maisonouzbek.com\/en\/product\/adras-ikat-with-distinctive-green-print\/#breadcrumb","itemListElement":[{"@type":"ListItem","position":1,"name":"Home","item":"https:\/\/www.maisonouzbek.com\/en\/"},{"@type":"ListItem","position":2,"name":"Adras ikat with distinctive green print"}]},{"@type":"WebSite","@id":"https:\/\/www.maisonouzbek.com\/#website","url":"https:\/\/www.maisonouzbek.com\/","name":"Maison de l&#039;Ouzbekistan","description":"La galerie La Maison de l\u2019Ouzb\u00e9kistan \u00e0 Paris est con\u00e7ue comme un portail vers le riche patrimoine culturel de l\u2019Ouzb\u00e9kistan","potentialAction":[{"@type":"SearchAction","target":{"@type":"EntryPoint","urlTemplate":"https:\/\/www.maisonouzbek.com\/?s={search_term_string}"},"query-input":{"@type":"PropertyValueSpecification","valueRequired":true,"valueName":"search_term_string"}}],"inLanguage":"en-US"}]}},"_links":{"self":[{"href":"https:\/\/www.maisonouzbek.com\/en\/wp-json\/wp\/v2\/product\/1463","targetHints":{"allow":["GET"]}}],"collection":[{"href":"https:\/\/www.maisonouzbek.com\/en\/wp-json\/wp\/v2\/product"}],"about":[{"href":"https:\/\/www.maisonouzbek.com\/en\/wp-json\/wp\/v2\/types\/product"}],"replies":[{"embeddable":true,"href":"https:\/\/www.maisonouzbek.com\/en\/wp-json\/wp\/v2\/comments?post=1463"}],"wp:featuredmedia":[{"embeddable":true,"href":"https:\/\/www.maisonouzbek.com\/en\/wp-json\/wp\/v2\/media\/1464"}],"wp:attachment":[{"href":"https:\/\/www.maisonouzbek.com\/en\/wp-json\/wp\/v2\/media?parent=1463"}],"wp:term":[{"taxonomy":"product_cat","embeddable":true,"href":"https:\/\/www.maisonouzbek.com\/en\/wp-json\/wp\/v2\/product_cat?post=1463"},{"taxonomy":"product_tag","embeddable":true,"href":"https:\/\/www.maisonouzbek.com\/en\/wp-json\/wp\/v2\/product_tag?post=1463"}],"curies":[{"name":"wp","href":"https:\/\/api.w.org\/{rel}","templated":true}]}}