{"id":2079,"date":"2019-09-03T10:47:49","date_gmt":"2019-09-03T08:47:49","guid":{"rendered":"https:\/\/www.maisonouzbek.com\/product\/housse-de-coussin-en-soie-brodee-a-la-main\/"},"modified":"2020-09-04T19:48:29","modified_gmt":"2020-09-04T17:48:29","slug":"housse-de-coussin-en-soie-brodee-a-la-main","status":"publish","type":"product","link":"https:\/\/www.maisonouzbek.com\/en\/product\/housse-de-coussin-en-soie-brodee-a-la-main\/","title":{"rendered":"Housse de coussin en soie brod\u00e9e \u00e0 la main"},"content":{"rendered":"<p>Mati\u00e8re : soie<\/p>\n<p>Dimensions : 45 x 45 cm<\/p>\n","protected":false},"excerpt":{"rendered":"<p>Housse de coussin en soie brod\u00e9e \u00e0 la main.<\/p>\n","protected":false},"featured_media":1275,"comment_status":"open","ping_status":"closed","template":"","meta":{"_acf_changed":false},"product_cat":[46,45,54],"product_tag":[],"class_list":["post-2079","product","type-product","status-publish","has-post-thumbnail","hentry","product_cat-broderies","product_cat-coussins","product_cat-les-incontournables"],"acf":[],"yoast_head":"<!-- This site is optimized with the Yoast SEO plugin v24.7 - https:\/\/yoast.com\/wordpress\/plugins\/seo\/ -->\n<title>Housse de coussin en soie brod\u00e9e \u00e0 la main - Maison de l&#039;Ouzbekistan<\/title>\n<meta name=\"robots\" content=\"noindex, follow\" \/>\n<meta property=\"og:locale\" content=\"en_US\" \/>\n<meta property=\"og:type\" content=\"article\" \/>\n<meta property=\"og:title\" content=\"Housse de coussin en soie brod\u00e9e \u00e0 la main - Maison de l&#039;Ouzbekistan\" \/>\n<meta property=\"og:description\" content=\"Housse de coussin en soie brod\u00e9e \u00e0 la main.\" \/>\n<meta property=\"og:url\" content=\"https:\/\/www.maisonouzbek.com\/product\/housse-de-coussin-en-soie-brodee-a-la-main\/\" \/>\n<meta property=\"og:site_name\" content=\"Maison de l&#039;Ouzbekistan\" \/>\n<meta property=\"article:modified_time\" content=\"2020-09-04T17:48:29+00:00\" \/>\n<meta property=\"og:image\" content=\"https:\/\/www.maisonouzbek.com\/wp-content\/uploads\/2019\/09\/CU005.jpg\" \/>\n\t<meta property=\"og:image:width\" content=\"1200\" \/>\n\t<meta property=\"og:image:height\" content=\"799\" \/>\n\t<meta property=\"og:image:type\" content=\"image\/jpeg\" \/>\n<meta name=\"twitter:card\" content=\"summary_large_image\" \/>\n<script type=\"application\/ld+json\" class=\"yoast-schema-graph\">{\"@context\":\"https:\/\/schema.org\",\"@graph\":[{\"@type\":\"WebPage\",\"@id\":\"https:\/\/www.maisonouzbek.com\/product\/housse-de-coussin-en-soie-brodee-a-la-main\/\",\"url\":\"https:\/\/www.maisonouzbek.com\/product\/housse-de-coussin-en-soie-brodee-a-la-main\/\",\"name\":\"Housse de coussin en soie brod\u00e9e \u00e0 la main - Maison de l&#039;Ouzbekistan\",\"isPartOf\":{\"@id\":\"https:\/\/www.maisonouzbek.com\/#website\"},\"primaryImageOfPage\":{\"@id\":\"https:\/\/www.maisonouzbek.com\/product\/housse-de-coussin-en-soie-brodee-a-la-main\/#primaryimage\"},\"image\":{\"@id\":\"https:\/\/www.maisonouzbek.com\/product\/housse-de-coussin-en-soie-brodee-a-la-main\/#primaryimage\"},\"thumbnailUrl\":\"https:\/\/www.maisonouzbek.com\/wp-content\/uploads\/2019\/09\/CU005.jpg\",\"datePublished\":\"2019-09-03T08:47:49+00:00\",\"dateModified\":\"2020-09-04T17:48:29+00:00\",\"breadcrumb\":{\"@id\":\"https:\/\/www.maisonouzbek.com\/product\/housse-de-coussin-en-soie-brodee-a-la-main\/#breadcrumb\"},\"inLanguage\":\"en-US\",\"potentialAction\":[{\"@type\":\"ReadAction\",\"target\":[\"https:\/\/www.maisonouzbek.com\/product\/housse-de-coussin-en-soie-brodee-a-la-main\/\"]}]},{\"@type\":\"ImageObject\",\"inLanguage\":\"en-US\",\"@id\":\"https:\/\/www.maisonouzbek.com\/product\/housse-de-coussin-en-soie-brodee-a-la-main\/#primaryimage\",\"url\":\"https:\/\/www.maisonouzbek.com\/wp-content\/uploads\/2019\/09\/CU005.jpg\",\"contentUrl\":\"https:\/\/www.maisonouzbek.com\/wp-content\/uploads\/2019\/09\/CU005.jpg\",\"width\":1200,\"height\":799},{\"@type\":\"BreadcrumbList\",\"@id\":\"https:\/\/www.maisonouzbek.com\/product\/housse-de-coussin-en-soie-brodee-a-la-main\/#breadcrumb\",\"itemListElement\":[{\"@type\":\"ListItem\",\"position\":1,\"name\":\"Home\",\"item\":\"https:\/\/www.maisonouzbek.com\/en\/\"},{\"@type\":\"ListItem\",\"position\":2,\"name\":\"Housse de coussin en soie brod\u00e9e \u00e0 la main\"}]},{\"@type\":\"WebSite\",\"@id\":\"https:\/\/www.maisonouzbek.com\/#website\",\"url\":\"https:\/\/www.maisonouzbek.com\/\",\"name\":\"Maison de l&#039;Ouzbekistan\",\"description\":\"La galerie La Maison de l\u2019Ouzb\u00e9kistan \u00e0 Paris est con\u00e7ue comme un portail vers le riche patrimoine culturel de l\u2019Ouzb\u00e9kistan\",\"potentialAction\":[{\"@type\":\"SearchAction\",\"target\":{\"@type\":\"EntryPoint\",\"urlTemplate\":\"https:\/\/www.maisonouzbek.com\/?s={search_term_string}\"},\"query-input\":{\"@type\":\"PropertyValueSpecification\",\"valueRequired\":true,\"valueName\":\"search_term_string\"}}],\"inLanguage\":\"en-US\"}]}<\/script>\n<!-- \/ Yoast SEO plugin. -->","yoast_head_json":{"title":"Housse de coussin en soie brod\u00e9e \u00e0 la main - Maison de l&#039;Ouzbekistan","robots":{"index":"noindex","follow":"follow"},"og_locale":"en_US","og_type":"article","og_title":"Housse de coussin en soie brod\u00e9e \u00e0 la main - Maison de l&#039;Ouzbekistan","og_description":"Housse de coussin en soie brod\u00e9e \u00e0 la main.","og_url":"https:\/\/www.maisonouzbek.com\/product\/housse-de-coussin-en-soie-brodee-a-la-main\/","og_site_name":"Maison de l&#039;Ouzbekistan","article_modified_time":"2020-09-04T17:48:29+00:00","og_image":[{"width":1200,"height":799,"url":"https:\/\/www.maisonouzbek.com\/wp-content\/uploads\/2019\/09\/CU005.jpg","type":"image\/jpeg"}],"twitter_card":"summary_large_image","schema":{"@context":"https:\/\/schema.org","@graph":[{"@type":"WebPage","@id":"https:\/\/www.maisonouzbek.com\/product\/housse-de-coussin-en-soie-brodee-a-la-main\/","url":"https:\/\/www.maisonouzbek.com\/product\/housse-de-coussin-en-soie-brodee-a-la-main\/","name":"Housse de coussin en soie brod\u00e9e \u00e0 la main - Maison de l&#039;Ouzbekistan","isPartOf":{"@id":"https:\/\/www.maisonouzbek.com\/#website"},"primaryImageOfPage":{"@id":"https:\/\/www.maisonouzbek.com\/product\/housse-de-coussin-en-soie-brodee-a-la-main\/#primaryimage"},"image":{"@id":"https:\/\/www.maisonouzbek.com\/product\/housse-de-coussin-en-soie-brodee-a-la-main\/#primaryimage"},"thumbnailUrl":"https:\/\/www.maisonouzbek.com\/wp-content\/uploads\/2019\/09\/CU005.jpg","datePublished":"2019-09-03T08:47:49+00:00","dateModified":"2020-09-04T17:48:29+00:00","breadcrumb":{"@id":"https:\/\/www.maisonouzbek.com\/product\/housse-de-coussin-en-soie-brodee-a-la-main\/#breadcrumb"},"inLanguage":"en-US","potentialAction":[{"@type":"ReadAction","target":["https:\/\/www.maisonouzbek.com\/product\/housse-de-coussin-en-soie-brodee-a-la-main\/"]}]},{"@type":"ImageObject","inLanguage":"en-US","@id":"https:\/\/www.maisonouzbek.com\/product\/housse-de-coussin-en-soie-brodee-a-la-main\/#primaryimage","url":"https:\/\/www.maisonouzbek.com\/wp-content\/uploads\/2019\/09\/CU005.jpg","contentUrl":"https:\/\/www.maisonouzbek.com\/wp-content\/uploads\/2019\/09\/CU005.jpg","width":1200,"height":799},{"@type":"BreadcrumbList","@id":"https:\/\/www.maisonouzbek.com\/product\/housse-de-coussin-en-soie-brodee-a-la-main\/#breadcrumb","itemListElement":[{"@type":"ListItem","position":1,"name":"Home","item":"https:\/\/www.maisonouzbek.com\/en\/"},{"@type":"ListItem","position":2,"name":"Housse de coussin en soie brod\u00e9e \u00e0 la main"}]},{"@type":"WebSite","@id":"https:\/\/www.maisonouzbek.com\/#website","url":"https:\/\/www.maisonouzbek.com\/","name":"Maison de l&#039;Ouzbekistan","description":"La galerie La Maison de l\u2019Ouzb\u00e9kistan \u00e0 Paris est con\u00e7ue comme un portail vers le riche patrimoine culturel de l\u2019Ouzb\u00e9kistan","potentialAction":[{"@type":"SearchAction","target":{"@type":"EntryPoint","urlTemplate":"https:\/\/www.maisonouzbek.com\/?s={search_term_string}"},"query-input":{"@type":"PropertyValueSpecification","valueRequired":true,"valueName":"search_term_string"}}],"inLanguage":"en-US"}]}},"_links":{"self":[{"href":"https:\/\/www.maisonouzbek.com\/en\/wp-json\/wp\/v2\/product\/2079","targetHints":{"allow":["GET"]}}],"collection":[{"href":"https:\/\/www.maisonouzbek.com\/en\/wp-json\/wp\/v2\/product"}],"about":[{"href":"https:\/\/www.maisonouzbek.com\/en\/wp-json\/wp\/v2\/types\/product"}],"replies":[{"embeddable":true,"href":"https:\/\/www.maisonouzbek.com\/en\/wp-json\/wp\/v2\/comments?post=2079"}],"wp:featuredmedia":[{"embeddable":true,"href":"https:\/\/www.maisonouzbek.com\/en\/wp-json\/wp\/v2\/media\/1275"}],"wp:attachment":[{"href":"https:\/\/www.maisonouzbek.com\/en\/wp-json\/wp\/v2\/media?parent=2079"}],"wp:term":[{"taxonomy":"product_cat","embeddable":true,"href":"https:\/\/www.maisonouzbek.com\/en\/wp-json\/wp\/v2\/product_cat?post=2079"},{"taxonomy":"product_tag","embeddable":true,"href":"https:\/\/www.maisonouzbek.com\/en\/wp-json\/wp\/v2\/product_tag?post=2079"}],"curies":[{"name":"wp","href":"https:\/\/api.w.org\/{rel}","templated":true}]}}