{"id":2117,"date":"2019-09-03T15:00:17","date_gmt":"2019-09-03T13:00:17","guid":{"rendered":"https:\/\/www.maisonouzbek.com\/product\/large-plat-en-ceramique\/"},"modified":"2020-09-04T20:56:52","modified_gmt":"2020-09-04T18:56:52","slug":"large-plat-en-ceramique","status":"publish","type":"product","link":"https:\/\/www.maisonouzbek.com\/en\/product\/large-plat-en-ceramique\/","title":{"rendered":"Large plat en c\u00e9ramique"},"content":{"rendered":"<p>Diam\u00e8tre: 41 cm<\/p>\n<p>Chaque objet est unique. Nos produits sont faits \u00e0 la main par des artisans talentueux selon des m\u00e9thodes traditionnelles. Nous vous invitons \u00e0 nous contacter sur notre site ou nous serons ravis de vous accueillir en boutique pour vous aider \u00e0 trouver un produit similaire.<\/p>\n","protected":false},"excerpt":{"rendered":"<p>Paint \u00e0 la main avec des motifs traditionnels dans les tonalit\u00e9s bleues.<\/p>\n","protected":false},"featured_media":1372,"comment_status":"open","ping_status":"closed","template":"","meta":{"_acf_changed":false},"product_cat":[52],"product_tag":[],"class_list":["post-2117","product","type-product","status-publish","has-post-thumbnail","hentry","product_cat-ceramiques"],"acf":[],"yoast_head":"<!-- This site is optimized with the Yoast SEO plugin v24.7 - https:\/\/yoast.com\/wordpress\/plugins\/seo\/ -->\n<title>Large plat en c\u00e9ramique - Maison de l&#039;Ouzbekistan<\/title>\n<meta name=\"robots\" content=\"noindex, follow\" \/>\n<meta property=\"og:locale\" content=\"en_US\" \/>\n<meta property=\"og:type\" content=\"article\" \/>\n<meta property=\"og:title\" content=\"Large plat en c\u00e9ramique - Maison de l&#039;Ouzbekistan\" \/>\n<meta property=\"og:description\" content=\"Paint \u00e0 la main avec des motifs traditionnels dans les tonalit\u00e9s bleues.\" \/>\n<meta property=\"og:url\" content=\"https:\/\/www.maisonouzbek.com\/product\/large-plat-en-ceramique\/\" \/>\n<meta property=\"og:site_name\" content=\"Maison de l&#039;Ouzbekistan\" \/>\n<meta property=\"article:modified_time\" content=\"2020-09-04T18:56:52+00:00\" \/>\n<meta property=\"og:image\" content=\"https:\/\/www.maisonouzbek.com\/wp-content\/uploads\/2019\/09\/C008.jpg\" \/>\n\t<meta property=\"og:image:width\" content=\"1200\" \/>\n\t<meta property=\"og:image:height\" content=\"800\" \/>\n\t<meta property=\"og:image:type\" content=\"image\/jpeg\" \/>\n<meta name=\"twitter:card\" content=\"summary_large_image\" \/>\n<script type=\"application\/ld+json\" class=\"yoast-schema-graph\">{\"@context\":\"https:\/\/schema.org\",\"@graph\":[{\"@type\":\"WebPage\",\"@id\":\"https:\/\/www.maisonouzbek.com\/product\/large-plat-en-ceramique\/\",\"url\":\"https:\/\/www.maisonouzbek.com\/product\/large-plat-en-ceramique\/\",\"name\":\"Large plat en c\u00e9ramique - Maison de l&#039;Ouzbekistan\",\"isPartOf\":{\"@id\":\"https:\/\/www.maisonouzbek.com\/#website\"},\"primaryImageOfPage\":{\"@id\":\"https:\/\/www.maisonouzbek.com\/product\/large-plat-en-ceramique\/#primaryimage\"},\"image\":{\"@id\":\"https:\/\/www.maisonouzbek.com\/product\/large-plat-en-ceramique\/#primaryimage\"},\"thumbnailUrl\":\"https:\/\/www.maisonouzbek.com\/wp-content\/uploads\/2019\/09\/C008.jpg\",\"datePublished\":\"2019-09-03T13:00:17+00:00\",\"dateModified\":\"2020-09-04T18:56:52+00:00\",\"breadcrumb\":{\"@id\":\"https:\/\/www.maisonouzbek.com\/product\/large-plat-en-ceramique\/#breadcrumb\"},\"inLanguage\":\"en-US\",\"potentialAction\":[{\"@type\":\"ReadAction\",\"target\":[\"https:\/\/www.maisonouzbek.com\/product\/large-plat-en-ceramique\/\"]}]},{\"@type\":\"ImageObject\",\"inLanguage\":\"en-US\",\"@id\":\"https:\/\/www.maisonouzbek.com\/product\/large-plat-en-ceramique\/#primaryimage\",\"url\":\"https:\/\/www.maisonouzbek.com\/wp-content\/uploads\/2019\/09\/C008.jpg\",\"contentUrl\":\"https:\/\/www.maisonouzbek.com\/wp-content\/uploads\/2019\/09\/C008.jpg\",\"width\":1200,\"height\":800},{\"@type\":\"BreadcrumbList\",\"@id\":\"https:\/\/www.maisonouzbek.com\/product\/large-plat-en-ceramique\/#breadcrumb\",\"itemListElement\":[{\"@type\":\"ListItem\",\"position\":1,\"name\":\"Home\",\"item\":\"https:\/\/www.maisonouzbek.com\/en\/\"},{\"@type\":\"ListItem\",\"position\":2,\"name\":\"Large plat en c\u00e9ramique\"}]},{\"@type\":\"WebSite\",\"@id\":\"https:\/\/www.maisonouzbek.com\/#website\",\"url\":\"https:\/\/www.maisonouzbek.com\/\",\"name\":\"Maison de l&#039;Ouzbekistan\",\"description\":\"La galerie La Maison de l\u2019Ouzb\u00e9kistan \u00e0 Paris est con\u00e7ue comme un portail vers le riche patrimoine culturel de l\u2019Ouzb\u00e9kistan\",\"potentialAction\":[{\"@type\":\"SearchAction\",\"target\":{\"@type\":\"EntryPoint\",\"urlTemplate\":\"https:\/\/www.maisonouzbek.com\/?s={search_term_string}\"},\"query-input\":{\"@type\":\"PropertyValueSpecification\",\"valueRequired\":true,\"valueName\":\"search_term_string\"}}],\"inLanguage\":\"en-US\"}]}<\/script>\n<!-- \/ Yoast SEO plugin. -->","yoast_head_json":{"title":"Large plat en c\u00e9ramique - Maison de l&#039;Ouzbekistan","robots":{"index":"noindex","follow":"follow"},"og_locale":"en_US","og_type":"article","og_title":"Large plat en c\u00e9ramique - Maison de l&#039;Ouzbekistan","og_description":"Paint \u00e0 la main avec des motifs traditionnels dans les tonalit\u00e9s bleues.","og_url":"https:\/\/www.maisonouzbek.com\/product\/large-plat-en-ceramique\/","og_site_name":"Maison de l&#039;Ouzbekistan","article_modified_time":"2020-09-04T18:56:52+00:00","og_image":[{"width":1200,"height":800,"url":"https:\/\/www.maisonouzbek.com\/wp-content\/uploads\/2019\/09\/C008.jpg","type":"image\/jpeg"}],"twitter_card":"summary_large_image","schema":{"@context":"https:\/\/schema.org","@graph":[{"@type":"WebPage","@id":"https:\/\/www.maisonouzbek.com\/product\/large-plat-en-ceramique\/","url":"https:\/\/www.maisonouzbek.com\/product\/large-plat-en-ceramique\/","name":"Large plat en c\u00e9ramique - Maison de l&#039;Ouzbekistan","isPartOf":{"@id":"https:\/\/www.maisonouzbek.com\/#website"},"primaryImageOfPage":{"@id":"https:\/\/www.maisonouzbek.com\/product\/large-plat-en-ceramique\/#primaryimage"},"image":{"@id":"https:\/\/www.maisonouzbek.com\/product\/large-plat-en-ceramique\/#primaryimage"},"thumbnailUrl":"https:\/\/www.maisonouzbek.com\/wp-content\/uploads\/2019\/09\/C008.jpg","datePublished":"2019-09-03T13:00:17+00:00","dateModified":"2020-09-04T18:56:52+00:00","breadcrumb":{"@id":"https:\/\/www.maisonouzbek.com\/product\/large-plat-en-ceramique\/#breadcrumb"},"inLanguage":"en-US","potentialAction":[{"@type":"ReadAction","target":["https:\/\/www.maisonouzbek.com\/product\/large-plat-en-ceramique\/"]}]},{"@type":"ImageObject","inLanguage":"en-US","@id":"https:\/\/www.maisonouzbek.com\/product\/large-plat-en-ceramique\/#primaryimage","url":"https:\/\/www.maisonouzbek.com\/wp-content\/uploads\/2019\/09\/C008.jpg","contentUrl":"https:\/\/www.maisonouzbek.com\/wp-content\/uploads\/2019\/09\/C008.jpg","width":1200,"height":800},{"@type":"BreadcrumbList","@id":"https:\/\/www.maisonouzbek.com\/product\/large-plat-en-ceramique\/#breadcrumb","itemListElement":[{"@type":"ListItem","position":1,"name":"Home","item":"https:\/\/www.maisonouzbek.com\/en\/"},{"@type":"ListItem","position":2,"name":"Large plat en c\u00e9ramique"}]},{"@type":"WebSite","@id":"https:\/\/www.maisonouzbek.com\/#website","url":"https:\/\/www.maisonouzbek.com\/","name":"Maison de l&#039;Ouzbekistan","description":"La galerie La Maison de l\u2019Ouzb\u00e9kistan \u00e0 Paris est con\u00e7ue comme un portail vers le riche patrimoine culturel de l\u2019Ouzb\u00e9kistan","potentialAction":[{"@type":"SearchAction","target":{"@type":"EntryPoint","urlTemplate":"https:\/\/www.maisonouzbek.com\/?s={search_term_string}"},"query-input":{"@type":"PropertyValueSpecification","valueRequired":true,"valueName":"search_term_string"}}],"inLanguage":"en-US"}]}},"_links":{"self":[{"href":"https:\/\/www.maisonouzbek.com\/en\/wp-json\/wp\/v2\/product\/2117","targetHints":{"allow":["GET"]}}],"collection":[{"href":"https:\/\/www.maisonouzbek.com\/en\/wp-json\/wp\/v2\/product"}],"about":[{"href":"https:\/\/www.maisonouzbek.com\/en\/wp-json\/wp\/v2\/types\/product"}],"replies":[{"embeddable":true,"href":"https:\/\/www.maisonouzbek.com\/en\/wp-json\/wp\/v2\/comments?post=2117"}],"wp:featuredmedia":[{"embeddable":true,"href":"https:\/\/www.maisonouzbek.com\/en\/wp-json\/wp\/v2\/media\/1372"}],"wp:attachment":[{"href":"https:\/\/www.maisonouzbek.com\/en\/wp-json\/wp\/v2\/media?parent=2117"}],"wp:term":[{"taxonomy":"product_cat","embeddable":true,"href":"https:\/\/www.maisonouzbek.com\/en\/wp-json\/wp\/v2\/product_cat?post=2117"},{"taxonomy":"product_tag","embeddable":true,"href":"https:\/\/www.maisonouzbek.com\/en\/wp-json\/wp\/v2\/product_tag?post=2117"}],"curies":[{"name":"wp","href":"https:\/\/api.w.org\/{rel}","templated":true}]}}