{"id":2602,"date":"2020-12-03T15:27:42","date_gmt":"2020-12-03T14:27:42","guid":{"rendered":"https:\/\/www.maisonouzbek.com\/product\/silk-cushion-with-black-and-white-geometrical-design\/"},"modified":"2020-12-03T15:27:42","modified_gmt":"2020-12-03T14:27:42","slug":"silk-cushion-with-black-and-white-geometrical-design","status":"publish","type":"product","link":"https:\/\/www.maisonouzbek.com\/en\/product\/silk-cushion-with-black-and-white-geometrical-design\/","title":{"rendered":"Silk cushion with black and white geometrical design"},"content":{"rendered":"<p>A tasteful square silk cushion with a classy black and white geometrical design, this stunning throw pillow will make a great addition to any living room or office.<\/p>\n","protected":false},"excerpt":{"rendered":"<p>A tasteful square silk cushion with a classy black and white geometrical design, this stunning throw pillow will make a great addition to any living room or office.<\/p>\n","protected":false},"featured_media":2593,"comment_status":"open","ping_status":"closed","template":"","meta":{"_acf_changed":false},"product_cat":[29],"product_tag":[],"class_list":["post-2602","product","type-product","status-publish","has-post-thumbnail","hentry","product_cat-uncategorized-en"],"acf":[],"yoast_head":"<!-- This site is optimized with the Yoast SEO plugin v24.7 - https:\/\/yoast.com\/wordpress\/plugins\/seo\/ -->\n<title>Silk cushion with black and white geometrical design - Maison de l&#039;Ouzbekistan<\/title>\n<meta name=\"robots\" content=\"noindex, follow\" \/>\n<meta property=\"og:locale\" content=\"en_US\" \/>\n<meta property=\"og:type\" content=\"article\" \/>\n<meta property=\"og:title\" content=\"Silk cushion with black and white geometrical design - Maison de l&#039;Ouzbekistan\" \/>\n<meta property=\"og:description\" content=\"A tasteful square silk cushion with a classy black and white geometrical design, this stunning throw pillow will make a great addition to any living room or office.\" \/>\n<meta property=\"og:url\" content=\"https:\/\/www.maisonouzbek.com\/en\/product\/silk-cushion-with-black-and-white-geometrical-design\/\" \/>\n<meta property=\"og:site_name\" content=\"Maison de l&#039;Ouzbekistan\" \/>\n<meta property=\"og:image\" content=\"https:\/\/www.maisonouzbek.com\/wp-content\/uploads\/2020\/12\/91872fc4-96a6-4c61-8759-da3a57eb1751.jpg\" \/>\n\t<meta property=\"og:image:width\" content=\"1024\" \/>\n\t<meta property=\"og:image:height\" content=\"683\" \/>\n\t<meta property=\"og:image:type\" content=\"image\/jpeg\" \/>\n<meta name=\"twitter:card\" content=\"summary_large_image\" \/>\n<script type=\"application\/ld+json\" class=\"yoast-schema-graph\">{\"@context\":\"https:\/\/schema.org\",\"@graph\":[{\"@type\":\"WebPage\",\"@id\":\"https:\/\/www.maisonouzbek.com\/en\/product\/silk-cushion-with-black-and-white-geometrical-design\/\",\"url\":\"https:\/\/www.maisonouzbek.com\/en\/product\/silk-cushion-with-black-and-white-geometrical-design\/\",\"name\":\"Silk cushion with black and white geometrical design - Maison de l&#039;Ouzbekistan\",\"isPartOf\":{\"@id\":\"https:\/\/www.maisonouzbek.com\/#website\"},\"primaryImageOfPage\":{\"@id\":\"https:\/\/www.maisonouzbek.com\/en\/product\/silk-cushion-with-black-and-white-geometrical-design\/#primaryimage\"},\"image\":{\"@id\":\"https:\/\/www.maisonouzbek.com\/en\/product\/silk-cushion-with-black-and-white-geometrical-design\/#primaryimage\"},\"thumbnailUrl\":\"https:\/\/www.maisonouzbek.com\/wp-content\/uploads\/2020\/12\/91872fc4-96a6-4c61-8759-da3a57eb1751.jpg\",\"datePublished\":\"2020-12-03T14:27:42+00:00\",\"breadcrumb\":{\"@id\":\"https:\/\/www.maisonouzbek.com\/en\/product\/silk-cushion-with-black-and-white-geometrical-design\/#breadcrumb\"},\"inLanguage\":\"en-US\",\"potentialAction\":[{\"@type\":\"ReadAction\",\"target\":[\"https:\/\/www.maisonouzbek.com\/en\/product\/silk-cushion-with-black-and-white-geometrical-design\/\"]}]},{\"@type\":\"ImageObject\",\"inLanguage\":\"en-US\",\"@id\":\"https:\/\/www.maisonouzbek.com\/en\/product\/silk-cushion-with-black-and-white-geometrical-design\/#primaryimage\",\"url\":\"https:\/\/www.maisonouzbek.com\/wp-content\/uploads\/2020\/12\/91872fc4-96a6-4c61-8759-da3a57eb1751.jpg\",\"contentUrl\":\"https:\/\/www.maisonouzbek.com\/wp-content\/uploads\/2020\/12\/91872fc4-96a6-4c61-8759-da3a57eb1751.jpg\",\"width\":1024,\"height\":683},{\"@type\":\"BreadcrumbList\",\"@id\":\"https:\/\/www.maisonouzbek.com\/en\/product\/silk-cushion-with-black-and-white-geometrical-design\/#breadcrumb\",\"itemListElement\":[{\"@type\":\"ListItem\",\"position\":1,\"name\":\"Home\",\"item\":\"https:\/\/www.maisonouzbek.com\/en\/\"},{\"@type\":\"ListItem\",\"position\":2,\"name\":\"Silk cushion with black and white geometrical design\"}]},{\"@type\":\"WebSite\",\"@id\":\"https:\/\/www.maisonouzbek.com\/#website\",\"url\":\"https:\/\/www.maisonouzbek.com\/\",\"name\":\"Maison de l&#039;Ouzbekistan\",\"description\":\"La galerie La Maison de l\u2019Ouzb\u00e9kistan \u00e0 Paris est con\u00e7ue comme un portail vers le riche patrimoine culturel de l\u2019Ouzb\u00e9kistan\",\"potentialAction\":[{\"@type\":\"SearchAction\",\"target\":{\"@type\":\"EntryPoint\",\"urlTemplate\":\"https:\/\/www.maisonouzbek.com\/?s={search_term_string}\"},\"query-input\":{\"@type\":\"PropertyValueSpecification\",\"valueRequired\":true,\"valueName\":\"search_term_string\"}}],\"inLanguage\":\"en-US\"}]}<\/script>\n<!-- \/ Yoast SEO plugin. -->","yoast_head_json":{"title":"Silk cushion with black and white geometrical design - Maison de l&#039;Ouzbekistan","robots":{"index":"noindex","follow":"follow"},"og_locale":"en_US","og_type":"article","og_title":"Silk cushion with black and white geometrical design - Maison de l&#039;Ouzbekistan","og_description":"A tasteful square silk cushion with a classy black and white geometrical design, this stunning throw pillow will make a great addition to any living room or office.","og_url":"https:\/\/www.maisonouzbek.com\/en\/product\/silk-cushion-with-black-and-white-geometrical-design\/","og_site_name":"Maison de l&#039;Ouzbekistan","og_image":[{"width":1024,"height":683,"url":"https:\/\/www.maisonouzbek.com\/wp-content\/uploads\/2020\/12\/91872fc4-96a6-4c61-8759-da3a57eb1751.jpg","type":"image\/jpeg"}],"twitter_card":"summary_large_image","schema":{"@context":"https:\/\/schema.org","@graph":[{"@type":"WebPage","@id":"https:\/\/www.maisonouzbek.com\/en\/product\/silk-cushion-with-black-and-white-geometrical-design\/","url":"https:\/\/www.maisonouzbek.com\/en\/product\/silk-cushion-with-black-and-white-geometrical-design\/","name":"Silk cushion with black and white geometrical design - Maison de l&#039;Ouzbekistan","isPartOf":{"@id":"https:\/\/www.maisonouzbek.com\/#website"},"primaryImageOfPage":{"@id":"https:\/\/www.maisonouzbek.com\/en\/product\/silk-cushion-with-black-and-white-geometrical-design\/#primaryimage"},"image":{"@id":"https:\/\/www.maisonouzbek.com\/en\/product\/silk-cushion-with-black-and-white-geometrical-design\/#primaryimage"},"thumbnailUrl":"https:\/\/www.maisonouzbek.com\/wp-content\/uploads\/2020\/12\/91872fc4-96a6-4c61-8759-da3a57eb1751.jpg","datePublished":"2020-12-03T14:27:42+00:00","breadcrumb":{"@id":"https:\/\/www.maisonouzbek.com\/en\/product\/silk-cushion-with-black-and-white-geometrical-design\/#breadcrumb"},"inLanguage":"en-US","potentialAction":[{"@type":"ReadAction","target":["https:\/\/www.maisonouzbek.com\/en\/product\/silk-cushion-with-black-and-white-geometrical-design\/"]}]},{"@type":"ImageObject","inLanguage":"en-US","@id":"https:\/\/www.maisonouzbek.com\/en\/product\/silk-cushion-with-black-and-white-geometrical-design\/#primaryimage","url":"https:\/\/www.maisonouzbek.com\/wp-content\/uploads\/2020\/12\/91872fc4-96a6-4c61-8759-da3a57eb1751.jpg","contentUrl":"https:\/\/www.maisonouzbek.com\/wp-content\/uploads\/2020\/12\/91872fc4-96a6-4c61-8759-da3a57eb1751.jpg","width":1024,"height":683},{"@type":"BreadcrumbList","@id":"https:\/\/www.maisonouzbek.com\/en\/product\/silk-cushion-with-black-and-white-geometrical-design\/#breadcrumb","itemListElement":[{"@type":"ListItem","position":1,"name":"Home","item":"https:\/\/www.maisonouzbek.com\/en\/"},{"@type":"ListItem","position":2,"name":"Silk cushion with black and white geometrical design"}]},{"@type":"WebSite","@id":"https:\/\/www.maisonouzbek.com\/#website","url":"https:\/\/www.maisonouzbek.com\/","name":"Maison de l&#039;Ouzbekistan","description":"La galerie La Maison de l\u2019Ouzb\u00e9kistan \u00e0 Paris est con\u00e7ue comme un portail vers le riche patrimoine culturel de l\u2019Ouzb\u00e9kistan","potentialAction":[{"@type":"SearchAction","target":{"@type":"EntryPoint","urlTemplate":"https:\/\/www.maisonouzbek.com\/?s={search_term_string}"},"query-input":{"@type":"PropertyValueSpecification","valueRequired":true,"valueName":"search_term_string"}}],"inLanguage":"en-US"}]}},"_links":{"self":[{"href":"https:\/\/www.maisonouzbek.com\/en\/wp-json\/wp\/v2\/product\/2602","targetHints":{"allow":["GET"]}}],"collection":[{"href":"https:\/\/www.maisonouzbek.com\/en\/wp-json\/wp\/v2\/product"}],"about":[{"href":"https:\/\/www.maisonouzbek.com\/en\/wp-json\/wp\/v2\/types\/product"}],"replies":[{"embeddable":true,"href":"https:\/\/www.maisonouzbek.com\/en\/wp-json\/wp\/v2\/comments?post=2602"}],"wp:featuredmedia":[{"embeddable":true,"href":"https:\/\/www.maisonouzbek.com\/en\/wp-json\/wp\/v2\/media\/2593"}],"wp:attachment":[{"href":"https:\/\/www.maisonouzbek.com\/en\/wp-json\/wp\/v2\/media?parent=2602"}],"wp:term":[{"taxonomy":"product_cat","embeddable":true,"href":"https:\/\/www.maisonouzbek.com\/en\/wp-json\/wp\/v2\/product_cat?post=2602"},{"taxonomy":"product_tag","embeddable":true,"href":"https:\/\/www.maisonouzbek.com\/en\/wp-json\/wp\/v2\/product_tag?post=2602"}],"curies":[{"name":"wp","href":"https:\/\/api.w.org\/{rel}","templated":true}]}}