{"id":2613,"date":"2020-12-03T18:28:34","date_gmt":"2020-12-03T17:28:34","guid":{"rendered":"https:\/\/www.maisonouzbek.com\/product\/ikat-silk-cushion-cover-with-abstract-motif\/"},"modified":"2020-12-03T18:28:34","modified_gmt":"2020-12-03T17:28:34","slug":"ikat-silk-cushion-cover-with-abstract-motif","status":"publish","type":"product","link":"https:\/\/www.maisonouzbek.com\/en\/product\/ikat-silk-cushion-cover-with-abstract-motif\/","title":{"rendered":"Ikat silk cushion cover with abstract motif"},"content":{"rendered":"<p>The distinctive motifs of ikat silks were traditionally inspired by the patterns made by wind as it breezes over a lake, and this lovely cushion cover is a gorgeous example. Made from artisan silk and natural dyes, the abstract motif calls to mind red tulips, a flower native to Central Asia that symbolises love and life.<\/p>\n","protected":false},"excerpt":{"rendered":"<p>The distinctive motifs of ikat silks were traditionally inspired by the patterns made by wind as it breezes over a lake, and this lovely cushion cover is a gorgeous example. Made from artisan silk and natural dyes, the abstract motif calls to mind red tulips, a flower native to Central Asia that symbolises love and [&hellip;]<\/p>\n","protected":false},"featured_media":2595,"comment_status":"open","ping_status":"closed","template":"","meta":{"_acf_changed":false},"product_cat":[40,39,55,29],"product_tag":[],"class_list":["post-2613","product","type-product","status-publish","has-post-thumbnail","hentry","product_cat-ikat-en","product_cat-cushion-en","product_cat-must-haves-en","product_cat-uncategorized-en"],"acf":[],"yoast_head":"<!-- This site is optimized with the Yoast SEO plugin v24.7 - https:\/\/yoast.com\/wordpress\/plugins\/seo\/ -->\n<title>Ikat silk cushion cover with abstract motif - Maison de l&#039;Ouzbekistan<\/title>\n<meta name=\"robots\" content=\"noindex, follow\" \/>\n<meta property=\"og:locale\" content=\"en_US\" \/>\n<meta property=\"og:type\" content=\"article\" \/>\n<meta property=\"og:title\" content=\"Ikat silk cushion cover with abstract motif - Maison de l&#039;Ouzbekistan\" \/>\n<meta property=\"og:description\" content=\"The distinctive motifs of ikat silks were traditionally inspired by the patterns made by wind as it breezes over a lake, and this lovely cushion cover is a gorgeous example. Made from artisan silk and natural dyes, the abstract motif calls to mind red tulips, a flower native to Central Asia that symbolises love and [&hellip;]\" \/>\n<meta property=\"og:url\" content=\"https:\/\/www.maisonouzbek.com\/en\/product\/ikat-silk-cushion-cover-with-abstract-motif\/\" \/>\n<meta property=\"og:site_name\" content=\"Maison de l&#039;Ouzbekistan\" \/>\n<meta property=\"og:image\" content=\"https:\/\/www.maisonouzbek.com\/wp-content\/uploads\/2020\/12\/b61d5086-4712-4525-90dc-5b6434b3dc50.jpg\" \/>\n\t<meta property=\"og:image:width\" content=\"1024\" \/>\n\t<meta property=\"og:image:height\" content=\"683\" \/>\n\t<meta property=\"og:image:type\" content=\"image\/jpeg\" \/>\n<meta name=\"twitter:card\" content=\"summary_large_image\" \/>\n<script type=\"application\/ld+json\" class=\"yoast-schema-graph\">{\"@context\":\"https:\/\/schema.org\",\"@graph\":[{\"@type\":\"WebPage\",\"@id\":\"https:\/\/www.maisonouzbek.com\/en\/product\/ikat-silk-cushion-cover-with-abstract-motif\/\",\"url\":\"https:\/\/www.maisonouzbek.com\/en\/product\/ikat-silk-cushion-cover-with-abstract-motif\/\",\"name\":\"Ikat silk cushion cover with abstract motif - Maison de l&#039;Ouzbekistan\",\"isPartOf\":{\"@id\":\"https:\/\/www.maisonouzbek.com\/#website\"},\"primaryImageOfPage\":{\"@id\":\"https:\/\/www.maisonouzbek.com\/en\/product\/ikat-silk-cushion-cover-with-abstract-motif\/#primaryimage\"},\"image\":{\"@id\":\"https:\/\/www.maisonouzbek.com\/en\/product\/ikat-silk-cushion-cover-with-abstract-motif\/#primaryimage\"},\"thumbnailUrl\":\"https:\/\/www.maisonouzbek.com\/wp-content\/uploads\/2020\/12\/b61d5086-4712-4525-90dc-5b6434b3dc50.jpg\",\"datePublished\":\"2020-12-03T17:28:34+00:00\",\"breadcrumb\":{\"@id\":\"https:\/\/www.maisonouzbek.com\/en\/product\/ikat-silk-cushion-cover-with-abstract-motif\/#breadcrumb\"},\"inLanguage\":\"en-US\",\"potentialAction\":[{\"@type\":\"ReadAction\",\"target\":[\"https:\/\/www.maisonouzbek.com\/en\/product\/ikat-silk-cushion-cover-with-abstract-motif\/\"]}]},{\"@type\":\"ImageObject\",\"inLanguage\":\"en-US\",\"@id\":\"https:\/\/www.maisonouzbek.com\/en\/product\/ikat-silk-cushion-cover-with-abstract-motif\/#primaryimage\",\"url\":\"https:\/\/www.maisonouzbek.com\/wp-content\/uploads\/2020\/12\/b61d5086-4712-4525-90dc-5b6434b3dc50.jpg\",\"contentUrl\":\"https:\/\/www.maisonouzbek.com\/wp-content\/uploads\/2020\/12\/b61d5086-4712-4525-90dc-5b6434b3dc50.jpg\",\"width\":1024,\"height\":683},{\"@type\":\"BreadcrumbList\",\"@id\":\"https:\/\/www.maisonouzbek.com\/en\/product\/ikat-silk-cushion-cover-with-abstract-motif\/#breadcrumb\",\"itemListElement\":[{\"@type\":\"ListItem\",\"position\":1,\"name\":\"Home\",\"item\":\"https:\/\/www.maisonouzbek.com\/en\/\"},{\"@type\":\"ListItem\",\"position\":2,\"name\":\"Ikat silk cushion cover with abstract motif\"}]},{\"@type\":\"WebSite\",\"@id\":\"https:\/\/www.maisonouzbek.com\/#website\",\"url\":\"https:\/\/www.maisonouzbek.com\/\",\"name\":\"Maison de l&#039;Ouzbekistan\",\"description\":\"La galerie La Maison de l\u2019Ouzb\u00e9kistan \u00e0 Paris est con\u00e7ue comme un portail vers le riche patrimoine culturel de l\u2019Ouzb\u00e9kistan\",\"potentialAction\":[{\"@type\":\"SearchAction\",\"target\":{\"@type\":\"EntryPoint\",\"urlTemplate\":\"https:\/\/www.maisonouzbek.com\/?s={search_term_string}\"},\"query-input\":{\"@type\":\"PropertyValueSpecification\",\"valueRequired\":true,\"valueName\":\"search_term_string\"}}],\"inLanguage\":\"en-US\"}]}<\/script>\n<!-- \/ Yoast SEO plugin. -->","yoast_head_json":{"title":"Ikat silk cushion cover with abstract motif - Maison de l&#039;Ouzbekistan","robots":{"index":"noindex","follow":"follow"},"og_locale":"en_US","og_type":"article","og_title":"Ikat silk cushion cover with abstract motif - Maison de l&#039;Ouzbekistan","og_description":"The distinctive motifs of ikat silks were traditionally inspired by the patterns made by wind as it breezes over a lake, and this lovely cushion cover is a gorgeous example. Made from artisan silk and natural dyes, the abstract motif calls to mind red tulips, a flower native to Central Asia that symbolises love and [&hellip;]","og_url":"https:\/\/www.maisonouzbek.com\/en\/product\/ikat-silk-cushion-cover-with-abstract-motif\/","og_site_name":"Maison de l&#039;Ouzbekistan","og_image":[{"width":1024,"height":683,"url":"https:\/\/www.maisonouzbek.com\/wp-content\/uploads\/2020\/12\/b61d5086-4712-4525-90dc-5b6434b3dc50.jpg","type":"image\/jpeg"}],"twitter_card":"summary_large_image","schema":{"@context":"https:\/\/schema.org","@graph":[{"@type":"WebPage","@id":"https:\/\/www.maisonouzbek.com\/en\/product\/ikat-silk-cushion-cover-with-abstract-motif\/","url":"https:\/\/www.maisonouzbek.com\/en\/product\/ikat-silk-cushion-cover-with-abstract-motif\/","name":"Ikat silk cushion cover with abstract motif - Maison de l&#039;Ouzbekistan","isPartOf":{"@id":"https:\/\/www.maisonouzbek.com\/#website"},"primaryImageOfPage":{"@id":"https:\/\/www.maisonouzbek.com\/en\/product\/ikat-silk-cushion-cover-with-abstract-motif\/#primaryimage"},"image":{"@id":"https:\/\/www.maisonouzbek.com\/en\/product\/ikat-silk-cushion-cover-with-abstract-motif\/#primaryimage"},"thumbnailUrl":"https:\/\/www.maisonouzbek.com\/wp-content\/uploads\/2020\/12\/b61d5086-4712-4525-90dc-5b6434b3dc50.jpg","datePublished":"2020-12-03T17:28:34+00:00","breadcrumb":{"@id":"https:\/\/www.maisonouzbek.com\/en\/product\/ikat-silk-cushion-cover-with-abstract-motif\/#breadcrumb"},"inLanguage":"en-US","potentialAction":[{"@type":"ReadAction","target":["https:\/\/www.maisonouzbek.com\/en\/product\/ikat-silk-cushion-cover-with-abstract-motif\/"]}]},{"@type":"ImageObject","inLanguage":"en-US","@id":"https:\/\/www.maisonouzbek.com\/en\/product\/ikat-silk-cushion-cover-with-abstract-motif\/#primaryimage","url":"https:\/\/www.maisonouzbek.com\/wp-content\/uploads\/2020\/12\/b61d5086-4712-4525-90dc-5b6434b3dc50.jpg","contentUrl":"https:\/\/www.maisonouzbek.com\/wp-content\/uploads\/2020\/12\/b61d5086-4712-4525-90dc-5b6434b3dc50.jpg","width":1024,"height":683},{"@type":"BreadcrumbList","@id":"https:\/\/www.maisonouzbek.com\/en\/product\/ikat-silk-cushion-cover-with-abstract-motif\/#breadcrumb","itemListElement":[{"@type":"ListItem","position":1,"name":"Home","item":"https:\/\/www.maisonouzbek.com\/en\/"},{"@type":"ListItem","position":2,"name":"Ikat silk cushion cover with abstract motif"}]},{"@type":"WebSite","@id":"https:\/\/www.maisonouzbek.com\/#website","url":"https:\/\/www.maisonouzbek.com\/","name":"Maison de l&#039;Ouzbekistan","description":"La galerie La Maison de l\u2019Ouzb\u00e9kistan \u00e0 Paris est con\u00e7ue comme un portail vers le riche patrimoine culturel de l\u2019Ouzb\u00e9kistan","potentialAction":[{"@type":"SearchAction","target":{"@type":"EntryPoint","urlTemplate":"https:\/\/www.maisonouzbek.com\/?s={search_term_string}"},"query-input":{"@type":"PropertyValueSpecification","valueRequired":true,"valueName":"search_term_string"}}],"inLanguage":"en-US"}]}},"_links":{"self":[{"href":"https:\/\/www.maisonouzbek.com\/en\/wp-json\/wp\/v2\/product\/2613","targetHints":{"allow":["GET"]}}],"collection":[{"href":"https:\/\/www.maisonouzbek.com\/en\/wp-json\/wp\/v2\/product"}],"about":[{"href":"https:\/\/www.maisonouzbek.com\/en\/wp-json\/wp\/v2\/types\/product"}],"replies":[{"embeddable":true,"href":"https:\/\/www.maisonouzbek.com\/en\/wp-json\/wp\/v2\/comments?post=2613"}],"wp:featuredmedia":[{"embeddable":true,"href":"https:\/\/www.maisonouzbek.com\/en\/wp-json\/wp\/v2\/media\/2595"}],"wp:attachment":[{"href":"https:\/\/www.maisonouzbek.com\/en\/wp-json\/wp\/v2\/media?parent=2613"}],"wp:term":[{"taxonomy":"product_cat","embeddable":true,"href":"https:\/\/www.maisonouzbek.com\/en\/wp-json\/wp\/v2\/product_cat?post=2613"},{"taxonomy":"product_tag","embeddable":true,"href":"https:\/\/www.maisonouzbek.com\/en\/wp-json\/wp\/v2\/product_tag?post=2613"}],"curies":[{"name":"wp","href":"https:\/\/api.w.org\/{rel}","templated":true}]}}