{"id":2615,"date":"2020-12-03T18:32:24","date_gmt":"2020-12-03T17:32:24","guid":{"rendered":"https:\/\/www.maisonouzbek.com\/product\/ikat-pillow-with-blue-pattern\/"},"modified":"2020-12-03T18:35:06","modified_gmt":"2020-12-03T17:35:06","slug":"ikat-pillow-with-blue-pattern","status":"publish","type":"product","link":"https:\/\/www.maisonouzbek.com\/en\/product\/ikat-pillow-with-blue-pattern\/","title":{"rendered":"Ikat pillow with blue pattern"},"content":{"rendered":"<p>This distinctive square throw pillow made of artisan Uzbek silk will add a touch of style wherever you use it. With a classy blue pattern that stands out cleanly on the white background, this beautiful piece is both practical and attractive.<\/p>\n","protected":false},"excerpt":{"rendered":"<p>This distinctive square throw pillow made of artisan Uzbek silk will add a touch of style wherever you use it. With a classy blue pattern that stands out cleanly on the white background, this beautiful piece is both practical and attractive.<\/p>\n","protected":false},"featured_media":2597,"comment_status":"open","ping_status":"closed","template":"","meta":{"_acf_changed":false},"product_cat":[40,39,55,29],"product_tag":[],"class_list":["post-2615","product","type-product","status-publish","has-post-thumbnail","hentry","product_cat-ikat-en","product_cat-cushion-en","product_cat-must-haves-en","product_cat-uncategorized-en"],"acf":[],"yoast_head":"<!-- This site is optimized with the Yoast SEO plugin v24.7 - https:\/\/yoast.com\/wordpress\/plugins\/seo\/ -->\n<title>Ikat pillow with blue pattern - Maison de l&#039;Ouzbekistan<\/title>\n<meta name=\"robots\" content=\"noindex, follow\" \/>\n<meta property=\"og:locale\" content=\"en_US\" \/>\n<meta property=\"og:type\" content=\"article\" \/>\n<meta property=\"og:title\" content=\"Ikat pillow with blue pattern - Maison de l&#039;Ouzbekistan\" \/>\n<meta property=\"og:description\" content=\"This distinctive square throw pillow made of artisan Uzbek silk will add a touch of style wherever you use it. With a classy blue pattern that stands out cleanly on the white background, this beautiful piece is both practical and attractive.\" \/>\n<meta property=\"og:url\" content=\"https:\/\/www.maisonouzbek.com\/en\/product\/ikat-pillow-with-blue-pattern\/\" \/>\n<meta property=\"og:site_name\" content=\"Maison de l&#039;Ouzbekistan\" \/>\n<meta property=\"article:modified_time\" content=\"2020-12-03T17:35:06+00:00\" \/>\n<meta property=\"og:image\" content=\"https:\/\/www.maisonouzbek.com\/wp-content\/uploads\/2020\/12\/c60a52f4-c7f8-4461-ad6b-59824925ee74.jpg\" \/>\n\t<meta property=\"og:image:width\" content=\"1024\" \/>\n\t<meta property=\"og:image:height\" content=\"683\" \/>\n\t<meta property=\"og:image:type\" content=\"image\/jpeg\" \/>\n<meta name=\"twitter:card\" content=\"summary_large_image\" \/>\n<script type=\"application\/ld+json\" class=\"yoast-schema-graph\">{\"@context\":\"https:\/\/schema.org\",\"@graph\":[{\"@type\":\"WebPage\",\"@id\":\"https:\/\/www.maisonouzbek.com\/en\/product\/ikat-pillow-with-blue-pattern\/\",\"url\":\"https:\/\/www.maisonouzbek.com\/en\/product\/ikat-pillow-with-blue-pattern\/\",\"name\":\"Ikat pillow with blue pattern - Maison de l&#039;Ouzbekistan\",\"isPartOf\":{\"@id\":\"https:\/\/www.maisonouzbek.com\/#website\"},\"primaryImageOfPage\":{\"@id\":\"https:\/\/www.maisonouzbek.com\/en\/product\/ikat-pillow-with-blue-pattern\/#primaryimage\"},\"image\":{\"@id\":\"https:\/\/www.maisonouzbek.com\/en\/product\/ikat-pillow-with-blue-pattern\/#primaryimage\"},\"thumbnailUrl\":\"https:\/\/www.maisonouzbek.com\/wp-content\/uploads\/2020\/12\/c60a52f4-c7f8-4461-ad6b-59824925ee74.jpg\",\"datePublished\":\"2020-12-03T17:32:24+00:00\",\"dateModified\":\"2020-12-03T17:35:06+00:00\",\"breadcrumb\":{\"@id\":\"https:\/\/www.maisonouzbek.com\/en\/product\/ikat-pillow-with-blue-pattern\/#breadcrumb\"},\"inLanguage\":\"en-US\",\"potentialAction\":[{\"@type\":\"ReadAction\",\"target\":[\"https:\/\/www.maisonouzbek.com\/en\/product\/ikat-pillow-with-blue-pattern\/\"]}]},{\"@type\":\"ImageObject\",\"inLanguage\":\"en-US\",\"@id\":\"https:\/\/www.maisonouzbek.com\/en\/product\/ikat-pillow-with-blue-pattern\/#primaryimage\",\"url\":\"https:\/\/www.maisonouzbek.com\/wp-content\/uploads\/2020\/12\/c60a52f4-c7f8-4461-ad6b-59824925ee74.jpg\",\"contentUrl\":\"https:\/\/www.maisonouzbek.com\/wp-content\/uploads\/2020\/12\/c60a52f4-c7f8-4461-ad6b-59824925ee74.jpg\",\"width\":1024,\"height\":683},{\"@type\":\"BreadcrumbList\",\"@id\":\"https:\/\/www.maisonouzbek.com\/en\/product\/ikat-pillow-with-blue-pattern\/#breadcrumb\",\"itemListElement\":[{\"@type\":\"ListItem\",\"position\":1,\"name\":\"Home\",\"item\":\"https:\/\/www.maisonouzbek.com\/en\/\"},{\"@type\":\"ListItem\",\"position\":2,\"name\":\"Ikat pillow with blue pattern\"}]},{\"@type\":\"WebSite\",\"@id\":\"https:\/\/www.maisonouzbek.com\/#website\",\"url\":\"https:\/\/www.maisonouzbek.com\/\",\"name\":\"Maison de l&#039;Ouzbekistan\",\"description\":\"La galerie La Maison de l\u2019Ouzb\u00e9kistan \u00e0 Paris est con\u00e7ue comme un portail vers le riche patrimoine culturel de l\u2019Ouzb\u00e9kistan\",\"potentialAction\":[{\"@type\":\"SearchAction\",\"target\":{\"@type\":\"EntryPoint\",\"urlTemplate\":\"https:\/\/www.maisonouzbek.com\/?s={search_term_string}\"},\"query-input\":{\"@type\":\"PropertyValueSpecification\",\"valueRequired\":true,\"valueName\":\"search_term_string\"}}],\"inLanguage\":\"en-US\"}]}<\/script>\n<!-- \/ Yoast SEO plugin. -->","yoast_head_json":{"title":"Ikat pillow with blue pattern - Maison de l&#039;Ouzbekistan","robots":{"index":"noindex","follow":"follow"},"og_locale":"en_US","og_type":"article","og_title":"Ikat pillow with blue pattern - Maison de l&#039;Ouzbekistan","og_description":"This distinctive square throw pillow made of artisan Uzbek silk will add a touch of style wherever you use it. With a classy blue pattern that stands out cleanly on the white background, this beautiful piece is both practical and attractive.","og_url":"https:\/\/www.maisonouzbek.com\/en\/product\/ikat-pillow-with-blue-pattern\/","og_site_name":"Maison de l&#039;Ouzbekistan","article_modified_time":"2020-12-03T17:35:06+00:00","og_image":[{"width":1024,"height":683,"url":"https:\/\/www.maisonouzbek.com\/wp-content\/uploads\/2020\/12\/c60a52f4-c7f8-4461-ad6b-59824925ee74.jpg","type":"image\/jpeg"}],"twitter_card":"summary_large_image","schema":{"@context":"https:\/\/schema.org","@graph":[{"@type":"WebPage","@id":"https:\/\/www.maisonouzbek.com\/en\/product\/ikat-pillow-with-blue-pattern\/","url":"https:\/\/www.maisonouzbek.com\/en\/product\/ikat-pillow-with-blue-pattern\/","name":"Ikat pillow with blue pattern - Maison de l&#039;Ouzbekistan","isPartOf":{"@id":"https:\/\/www.maisonouzbek.com\/#website"},"primaryImageOfPage":{"@id":"https:\/\/www.maisonouzbek.com\/en\/product\/ikat-pillow-with-blue-pattern\/#primaryimage"},"image":{"@id":"https:\/\/www.maisonouzbek.com\/en\/product\/ikat-pillow-with-blue-pattern\/#primaryimage"},"thumbnailUrl":"https:\/\/www.maisonouzbek.com\/wp-content\/uploads\/2020\/12\/c60a52f4-c7f8-4461-ad6b-59824925ee74.jpg","datePublished":"2020-12-03T17:32:24+00:00","dateModified":"2020-12-03T17:35:06+00:00","breadcrumb":{"@id":"https:\/\/www.maisonouzbek.com\/en\/product\/ikat-pillow-with-blue-pattern\/#breadcrumb"},"inLanguage":"en-US","potentialAction":[{"@type":"ReadAction","target":["https:\/\/www.maisonouzbek.com\/en\/product\/ikat-pillow-with-blue-pattern\/"]}]},{"@type":"ImageObject","inLanguage":"en-US","@id":"https:\/\/www.maisonouzbek.com\/en\/product\/ikat-pillow-with-blue-pattern\/#primaryimage","url":"https:\/\/www.maisonouzbek.com\/wp-content\/uploads\/2020\/12\/c60a52f4-c7f8-4461-ad6b-59824925ee74.jpg","contentUrl":"https:\/\/www.maisonouzbek.com\/wp-content\/uploads\/2020\/12\/c60a52f4-c7f8-4461-ad6b-59824925ee74.jpg","width":1024,"height":683},{"@type":"BreadcrumbList","@id":"https:\/\/www.maisonouzbek.com\/en\/product\/ikat-pillow-with-blue-pattern\/#breadcrumb","itemListElement":[{"@type":"ListItem","position":1,"name":"Home","item":"https:\/\/www.maisonouzbek.com\/en\/"},{"@type":"ListItem","position":2,"name":"Ikat pillow with blue pattern"}]},{"@type":"WebSite","@id":"https:\/\/www.maisonouzbek.com\/#website","url":"https:\/\/www.maisonouzbek.com\/","name":"Maison de l&#039;Ouzbekistan","description":"La galerie La Maison de l\u2019Ouzb\u00e9kistan \u00e0 Paris est con\u00e7ue comme un portail vers le riche patrimoine culturel de l\u2019Ouzb\u00e9kistan","potentialAction":[{"@type":"SearchAction","target":{"@type":"EntryPoint","urlTemplate":"https:\/\/www.maisonouzbek.com\/?s={search_term_string}"},"query-input":{"@type":"PropertyValueSpecification","valueRequired":true,"valueName":"search_term_string"}}],"inLanguage":"en-US"}]}},"_links":{"self":[{"href":"https:\/\/www.maisonouzbek.com\/en\/wp-json\/wp\/v2\/product\/2615","targetHints":{"allow":["GET"]}}],"collection":[{"href":"https:\/\/www.maisonouzbek.com\/en\/wp-json\/wp\/v2\/product"}],"about":[{"href":"https:\/\/www.maisonouzbek.com\/en\/wp-json\/wp\/v2\/types\/product"}],"replies":[{"embeddable":true,"href":"https:\/\/www.maisonouzbek.com\/en\/wp-json\/wp\/v2\/comments?post=2615"}],"wp:featuredmedia":[{"embeddable":true,"href":"https:\/\/www.maisonouzbek.com\/en\/wp-json\/wp\/v2\/media\/2597"}],"wp:attachment":[{"href":"https:\/\/www.maisonouzbek.com\/en\/wp-json\/wp\/v2\/media?parent=2615"}],"wp:term":[{"taxonomy":"product_cat","embeddable":true,"href":"https:\/\/www.maisonouzbek.com\/en\/wp-json\/wp\/v2\/product_cat?post=2615"},{"taxonomy":"product_tag","embeddable":true,"href":"https:\/\/www.maisonouzbek.com\/en\/wp-json\/wp\/v2\/product_tag?post=2615"}],"curies":[{"name":"wp","href":"https:\/\/api.w.org\/{rel}","templated":true}]}}