{"id":2814,"date":"2021-04-11T12:24:39","date_gmt":"2021-04-11T10:24:39","guid":{"rendered":"https:\/\/www.maisonouzbek.com\/product\/ceramic-eggs\/"},"modified":"2021-04-11T12:24:39","modified_gmt":"2021-04-11T10:24:39","slug":"ceramic-eggs","status":"publish","type":"product","link":"https:\/\/www.maisonouzbek.com\/en\/product\/ceramic-eggs\/","title":{"rendered":"Ceramic eggs"},"content":{"rendered":"<p>A selection of attractive hand-painted ceramic eggs<\/p>\n","protected":false},"excerpt":{"rendered":"<p>A selection of attractive hand-painted ceramic eggs<\/p>\n","protected":false},"featured_media":2733,"comment_status":"open","ping_status":"closed","template":"","meta":{"_acf_changed":false},"product_cat":[30,55,29],"product_tag":[],"class_list":["post-2814","product","type-product","status-publish","has-post-thumbnail","hentry","product_cat-ceramics-en","product_cat-must-haves-en","product_cat-uncategorized-en"],"acf":[],"yoast_head":"<!-- This site is optimized with the Yoast SEO plugin v24.7 - https:\/\/yoast.com\/wordpress\/plugins\/seo\/ -->\n<title>Ceramic eggs - Maison de l&#039;Ouzbekistan<\/title>\n<meta name=\"robots\" content=\"noindex, follow\" \/>\n<meta property=\"og:locale\" content=\"en_US\" \/>\n<meta property=\"og:type\" content=\"article\" \/>\n<meta property=\"og:title\" content=\"Ceramic eggs - Maison de l&#039;Ouzbekistan\" \/>\n<meta property=\"og:description\" content=\"A selection of attractive hand-painted ceramic eggs\" \/>\n<meta property=\"og:url\" content=\"https:\/\/www.maisonouzbek.com\/en\/product\/ceramic-eggs\/\" \/>\n<meta property=\"og:site_name\" content=\"Maison de l&#039;Ouzbekistan\" \/>\n<meta property=\"og:image\" content=\"https:\/\/www.maisonouzbek.com\/wp-content\/uploads\/2021\/04\/0e7fd653-577f-4564-940d-bdb385006572.jpg\" \/>\n\t<meta property=\"og:image:width\" content=\"1600\" \/>\n\t<meta property=\"og:image:height\" content=\"1066\" \/>\n\t<meta property=\"og:image:type\" content=\"image\/jpeg\" \/>\n<meta name=\"twitter:card\" content=\"summary_large_image\" \/>\n<script type=\"application\/ld+json\" class=\"yoast-schema-graph\">{\"@context\":\"https:\/\/schema.org\",\"@graph\":[{\"@type\":\"WebPage\",\"@id\":\"https:\/\/www.maisonouzbek.com\/en\/product\/ceramic-eggs\/\",\"url\":\"https:\/\/www.maisonouzbek.com\/en\/product\/ceramic-eggs\/\",\"name\":\"Ceramic eggs - Maison de l&#039;Ouzbekistan\",\"isPartOf\":{\"@id\":\"https:\/\/www.maisonouzbek.com\/#website\"},\"primaryImageOfPage\":{\"@id\":\"https:\/\/www.maisonouzbek.com\/en\/product\/ceramic-eggs\/#primaryimage\"},\"image\":{\"@id\":\"https:\/\/www.maisonouzbek.com\/en\/product\/ceramic-eggs\/#primaryimage\"},\"thumbnailUrl\":\"https:\/\/www.maisonouzbek.com\/wp-content\/uploads\/2021\/04\/0e7fd653-577f-4564-940d-bdb385006572.jpg\",\"datePublished\":\"2021-04-11T10:24:39+00:00\",\"breadcrumb\":{\"@id\":\"https:\/\/www.maisonouzbek.com\/en\/product\/ceramic-eggs\/#breadcrumb\"},\"inLanguage\":\"en-US\",\"potentialAction\":[{\"@type\":\"ReadAction\",\"target\":[\"https:\/\/www.maisonouzbek.com\/en\/product\/ceramic-eggs\/\"]}]},{\"@type\":\"ImageObject\",\"inLanguage\":\"en-US\",\"@id\":\"https:\/\/www.maisonouzbek.com\/en\/product\/ceramic-eggs\/#primaryimage\",\"url\":\"https:\/\/www.maisonouzbek.com\/wp-content\/uploads\/2021\/04\/0e7fd653-577f-4564-940d-bdb385006572.jpg\",\"contentUrl\":\"https:\/\/www.maisonouzbek.com\/wp-content\/uploads\/2021\/04\/0e7fd653-577f-4564-940d-bdb385006572.jpg\",\"width\":1600,\"height\":1066},{\"@type\":\"BreadcrumbList\",\"@id\":\"https:\/\/www.maisonouzbek.com\/en\/product\/ceramic-eggs\/#breadcrumb\",\"itemListElement\":[{\"@type\":\"ListItem\",\"position\":1,\"name\":\"Home\",\"item\":\"https:\/\/www.maisonouzbek.com\/en\/\"},{\"@type\":\"ListItem\",\"position\":2,\"name\":\"Ceramic eggs\"}]},{\"@type\":\"WebSite\",\"@id\":\"https:\/\/www.maisonouzbek.com\/#website\",\"url\":\"https:\/\/www.maisonouzbek.com\/\",\"name\":\"Maison de l&#039;Ouzbekistan\",\"description\":\"La galerie La Maison de l\u2019Ouzb\u00e9kistan \u00e0 Paris est con\u00e7ue comme un portail vers le riche patrimoine culturel de l\u2019Ouzb\u00e9kistan\",\"potentialAction\":[{\"@type\":\"SearchAction\",\"target\":{\"@type\":\"EntryPoint\",\"urlTemplate\":\"https:\/\/www.maisonouzbek.com\/?s={search_term_string}\"},\"query-input\":{\"@type\":\"PropertyValueSpecification\",\"valueRequired\":true,\"valueName\":\"search_term_string\"}}],\"inLanguage\":\"en-US\"}]}<\/script>\n<!-- \/ Yoast SEO plugin. -->","yoast_head_json":{"title":"Ceramic eggs - Maison de l&#039;Ouzbekistan","robots":{"index":"noindex","follow":"follow"},"og_locale":"en_US","og_type":"article","og_title":"Ceramic eggs - Maison de l&#039;Ouzbekistan","og_description":"A selection of attractive hand-painted ceramic eggs","og_url":"https:\/\/www.maisonouzbek.com\/en\/product\/ceramic-eggs\/","og_site_name":"Maison de l&#039;Ouzbekistan","og_image":[{"width":1600,"height":1066,"url":"https:\/\/www.maisonouzbek.com\/wp-content\/uploads\/2021\/04\/0e7fd653-577f-4564-940d-bdb385006572.jpg","type":"image\/jpeg"}],"twitter_card":"summary_large_image","schema":{"@context":"https:\/\/schema.org","@graph":[{"@type":"WebPage","@id":"https:\/\/www.maisonouzbek.com\/en\/product\/ceramic-eggs\/","url":"https:\/\/www.maisonouzbek.com\/en\/product\/ceramic-eggs\/","name":"Ceramic eggs - Maison de l&#039;Ouzbekistan","isPartOf":{"@id":"https:\/\/www.maisonouzbek.com\/#website"},"primaryImageOfPage":{"@id":"https:\/\/www.maisonouzbek.com\/en\/product\/ceramic-eggs\/#primaryimage"},"image":{"@id":"https:\/\/www.maisonouzbek.com\/en\/product\/ceramic-eggs\/#primaryimage"},"thumbnailUrl":"https:\/\/www.maisonouzbek.com\/wp-content\/uploads\/2021\/04\/0e7fd653-577f-4564-940d-bdb385006572.jpg","datePublished":"2021-04-11T10:24:39+00:00","breadcrumb":{"@id":"https:\/\/www.maisonouzbek.com\/en\/product\/ceramic-eggs\/#breadcrumb"},"inLanguage":"en-US","potentialAction":[{"@type":"ReadAction","target":["https:\/\/www.maisonouzbek.com\/en\/product\/ceramic-eggs\/"]}]},{"@type":"ImageObject","inLanguage":"en-US","@id":"https:\/\/www.maisonouzbek.com\/en\/product\/ceramic-eggs\/#primaryimage","url":"https:\/\/www.maisonouzbek.com\/wp-content\/uploads\/2021\/04\/0e7fd653-577f-4564-940d-bdb385006572.jpg","contentUrl":"https:\/\/www.maisonouzbek.com\/wp-content\/uploads\/2021\/04\/0e7fd653-577f-4564-940d-bdb385006572.jpg","width":1600,"height":1066},{"@type":"BreadcrumbList","@id":"https:\/\/www.maisonouzbek.com\/en\/product\/ceramic-eggs\/#breadcrumb","itemListElement":[{"@type":"ListItem","position":1,"name":"Home","item":"https:\/\/www.maisonouzbek.com\/en\/"},{"@type":"ListItem","position":2,"name":"Ceramic eggs"}]},{"@type":"WebSite","@id":"https:\/\/www.maisonouzbek.com\/#website","url":"https:\/\/www.maisonouzbek.com\/","name":"Maison de l&#039;Ouzbekistan","description":"La galerie La Maison de l\u2019Ouzb\u00e9kistan \u00e0 Paris est con\u00e7ue comme un portail vers le riche patrimoine culturel de l\u2019Ouzb\u00e9kistan","potentialAction":[{"@type":"SearchAction","target":{"@type":"EntryPoint","urlTemplate":"https:\/\/www.maisonouzbek.com\/?s={search_term_string}"},"query-input":{"@type":"PropertyValueSpecification","valueRequired":true,"valueName":"search_term_string"}}],"inLanguage":"en-US"}]}},"_links":{"self":[{"href":"https:\/\/www.maisonouzbek.com\/en\/wp-json\/wp\/v2\/product\/2814","targetHints":{"allow":["GET"]}}],"collection":[{"href":"https:\/\/www.maisonouzbek.com\/en\/wp-json\/wp\/v2\/product"}],"about":[{"href":"https:\/\/www.maisonouzbek.com\/en\/wp-json\/wp\/v2\/types\/product"}],"replies":[{"embeddable":true,"href":"https:\/\/www.maisonouzbek.com\/en\/wp-json\/wp\/v2\/comments?post=2814"}],"wp:featuredmedia":[{"embeddable":true,"href":"https:\/\/www.maisonouzbek.com\/en\/wp-json\/wp\/v2\/media\/2733"}],"wp:attachment":[{"href":"https:\/\/www.maisonouzbek.com\/en\/wp-json\/wp\/v2\/media?parent=2814"}],"wp:term":[{"taxonomy":"product_cat","embeddable":true,"href":"https:\/\/www.maisonouzbek.com\/en\/wp-json\/wp\/v2\/product_cat?post=2814"},{"taxonomy":"product_tag","embeddable":true,"href":"https:\/\/www.maisonouzbek.com\/en\/wp-json\/wp\/v2\/product_tag?post=2814"}],"curies":[{"name":"wp","href":"https:\/\/api.w.org\/{rel}","templated":true}]}}