{"id":2816,"date":"2021-04-11T12:29:36","date_gmt":"2021-04-11T10:29:36","guid":{"rendered":"https:\/\/www.maisonouzbek.com\/product\/salad-bowl\/"},"modified":"2021-04-18T12:50:17","modified_gmt":"2021-04-18T11:50:17","slug":"salad-bowl","status":"publish","type":"product","link":"https:\/\/www.maisonouzbek.com\/en\/product\/salad-bowl\/","title":{"rendered":"Hand-glazed turquoise salad bowl"},"content":{"rendered":"<p>Hand-glazed turquoise salad bowl<br \/>\n(diameter: 23 cm; height: 8.5 cm)<\/p>\n","protected":false},"excerpt":{"rendered":"<p>Hand-glazed turquoise salad bowl (diameter: 23 cm; height: 8.5 cm)<\/p>\n","protected":false},"featured_media":2739,"comment_status":"open","ping_status":"closed","template":"","meta":{"_acf_changed":false},"product_cat":[30,55,29],"product_tag":[],"class_list":["post-2816","product","type-product","status-publish","has-post-thumbnail","hentry","product_cat-ceramics-en","product_cat-must-haves-en","product_cat-uncategorized-en"],"acf":[],"yoast_head":"<!-- This site is optimized with the Yoast SEO plugin v24.7 - https:\/\/yoast.com\/wordpress\/plugins\/seo\/ -->\n<title>Hand-glazed turquoise salad bowl - Maison de l&#039;Ouzbekistan<\/title>\n<meta name=\"robots\" content=\"noindex, follow\" \/>\n<meta property=\"og:locale\" content=\"en_US\" \/>\n<meta property=\"og:type\" content=\"article\" \/>\n<meta property=\"og:title\" content=\"Hand-glazed turquoise salad bowl - Maison de l&#039;Ouzbekistan\" \/>\n<meta property=\"og:description\" content=\"Hand-glazed turquoise salad bowl (diameter: 23 cm; height: 8.5 cm)\" \/>\n<meta property=\"og:url\" content=\"https:\/\/www.maisonouzbek.com\/en\/product\/salad-bowl\/\" \/>\n<meta property=\"og:site_name\" content=\"Maison de l&#039;Ouzbekistan\" \/>\n<meta property=\"article:modified_time\" content=\"2021-04-18T11:50:17+00:00\" \/>\n<meta property=\"og:image\" content=\"https:\/\/www.maisonouzbek.com\/wp-content\/uploads\/2021\/04\/3bc58581-ad06-4a5e-828b-c0014fd3cdf2.jpg\" \/>\n\t<meta property=\"og:image:width\" content=\"1600\" \/>\n\t<meta property=\"og:image:height\" content=\"1066\" \/>\n\t<meta property=\"og:image:type\" content=\"image\/jpeg\" \/>\n<meta name=\"twitter:card\" content=\"summary_large_image\" \/>\n<script type=\"application\/ld+json\" class=\"yoast-schema-graph\">{\"@context\":\"https:\/\/schema.org\",\"@graph\":[{\"@type\":\"WebPage\",\"@id\":\"https:\/\/www.maisonouzbek.com\/en\/product\/salad-bowl\/\",\"url\":\"https:\/\/www.maisonouzbek.com\/en\/product\/salad-bowl\/\",\"name\":\"Hand-glazed turquoise salad bowl - Maison de l&#039;Ouzbekistan\",\"isPartOf\":{\"@id\":\"https:\/\/www.maisonouzbek.com\/#website\"},\"primaryImageOfPage\":{\"@id\":\"https:\/\/www.maisonouzbek.com\/en\/product\/salad-bowl\/#primaryimage\"},\"image\":{\"@id\":\"https:\/\/www.maisonouzbek.com\/en\/product\/salad-bowl\/#primaryimage\"},\"thumbnailUrl\":\"https:\/\/www.maisonouzbek.com\/wp-content\/uploads\/2021\/04\/3bc58581-ad06-4a5e-828b-c0014fd3cdf2.jpg\",\"datePublished\":\"2021-04-11T10:29:36+00:00\",\"dateModified\":\"2021-04-18T11:50:17+00:00\",\"breadcrumb\":{\"@id\":\"https:\/\/www.maisonouzbek.com\/en\/product\/salad-bowl\/#breadcrumb\"},\"inLanguage\":\"en-US\",\"potentialAction\":[{\"@type\":\"ReadAction\",\"target\":[\"https:\/\/www.maisonouzbek.com\/en\/product\/salad-bowl\/\"]}]},{\"@type\":\"ImageObject\",\"inLanguage\":\"en-US\",\"@id\":\"https:\/\/www.maisonouzbek.com\/en\/product\/salad-bowl\/#primaryimage\",\"url\":\"https:\/\/www.maisonouzbek.com\/wp-content\/uploads\/2021\/04\/3bc58581-ad06-4a5e-828b-c0014fd3cdf2.jpg\",\"contentUrl\":\"https:\/\/www.maisonouzbek.com\/wp-content\/uploads\/2021\/04\/3bc58581-ad06-4a5e-828b-c0014fd3cdf2.jpg\",\"width\":1600,\"height\":1066},{\"@type\":\"BreadcrumbList\",\"@id\":\"https:\/\/www.maisonouzbek.com\/en\/product\/salad-bowl\/#breadcrumb\",\"itemListElement\":[{\"@type\":\"ListItem\",\"position\":1,\"name\":\"Home\",\"item\":\"https:\/\/www.maisonouzbek.com\/en\/\"},{\"@type\":\"ListItem\",\"position\":2,\"name\":\"Hand-glazed turquoise salad bowl\"}]},{\"@type\":\"WebSite\",\"@id\":\"https:\/\/www.maisonouzbek.com\/#website\",\"url\":\"https:\/\/www.maisonouzbek.com\/\",\"name\":\"Maison de l&#039;Ouzbekistan\",\"description\":\"La galerie La Maison de l\u2019Ouzb\u00e9kistan \u00e0 Paris est con\u00e7ue comme un portail vers le riche patrimoine culturel de l\u2019Ouzb\u00e9kistan\",\"potentialAction\":[{\"@type\":\"SearchAction\",\"target\":{\"@type\":\"EntryPoint\",\"urlTemplate\":\"https:\/\/www.maisonouzbek.com\/?s={search_term_string}\"},\"query-input\":{\"@type\":\"PropertyValueSpecification\",\"valueRequired\":true,\"valueName\":\"search_term_string\"}}],\"inLanguage\":\"en-US\"}]}<\/script>\n<!-- \/ Yoast SEO plugin. -->","yoast_head_json":{"title":"Hand-glazed turquoise salad bowl - Maison de l&#039;Ouzbekistan","robots":{"index":"noindex","follow":"follow"},"og_locale":"en_US","og_type":"article","og_title":"Hand-glazed turquoise salad bowl - Maison de l&#039;Ouzbekistan","og_description":"Hand-glazed turquoise salad bowl (diameter: 23 cm; height: 8.5 cm)","og_url":"https:\/\/www.maisonouzbek.com\/en\/product\/salad-bowl\/","og_site_name":"Maison de l&#039;Ouzbekistan","article_modified_time":"2021-04-18T11:50:17+00:00","og_image":[{"width":1600,"height":1066,"url":"https:\/\/www.maisonouzbek.com\/wp-content\/uploads\/2021\/04\/3bc58581-ad06-4a5e-828b-c0014fd3cdf2.jpg","type":"image\/jpeg"}],"twitter_card":"summary_large_image","schema":{"@context":"https:\/\/schema.org","@graph":[{"@type":"WebPage","@id":"https:\/\/www.maisonouzbek.com\/en\/product\/salad-bowl\/","url":"https:\/\/www.maisonouzbek.com\/en\/product\/salad-bowl\/","name":"Hand-glazed turquoise salad bowl - Maison de l&#039;Ouzbekistan","isPartOf":{"@id":"https:\/\/www.maisonouzbek.com\/#website"},"primaryImageOfPage":{"@id":"https:\/\/www.maisonouzbek.com\/en\/product\/salad-bowl\/#primaryimage"},"image":{"@id":"https:\/\/www.maisonouzbek.com\/en\/product\/salad-bowl\/#primaryimage"},"thumbnailUrl":"https:\/\/www.maisonouzbek.com\/wp-content\/uploads\/2021\/04\/3bc58581-ad06-4a5e-828b-c0014fd3cdf2.jpg","datePublished":"2021-04-11T10:29:36+00:00","dateModified":"2021-04-18T11:50:17+00:00","breadcrumb":{"@id":"https:\/\/www.maisonouzbek.com\/en\/product\/salad-bowl\/#breadcrumb"},"inLanguage":"en-US","potentialAction":[{"@type":"ReadAction","target":["https:\/\/www.maisonouzbek.com\/en\/product\/salad-bowl\/"]}]},{"@type":"ImageObject","inLanguage":"en-US","@id":"https:\/\/www.maisonouzbek.com\/en\/product\/salad-bowl\/#primaryimage","url":"https:\/\/www.maisonouzbek.com\/wp-content\/uploads\/2021\/04\/3bc58581-ad06-4a5e-828b-c0014fd3cdf2.jpg","contentUrl":"https:\/\/www.maisonouzbek.com\/wp-content\/uploads\/2021\/04\/3bc58581-ad06-4a5e-828b-c0014fd3cdf2.jpg","width":1600,"height":1066},{"@type":"BreadcrumbList","@id":"https:\/\/www.maisonouzbek.com\/en\/product\/salad-bowl\/#breadcrumb","itemListElement":[{"@type":"ListItem","position":1,"name":"Home","item":"https:\/\/www.maisonouzbek.com\/en\/"},{"@type":"ListItem","position":2,"name":"Hand-glazed turquoise salad bowl"}]},{"@type":"WebSite","@id":"https:\/\/www.maisonouzbek.com\/#website","url":"https:\/\/www.maisonouzbek.com\/","name":"Maison de l&#039;Ouzbekistan","description":"La galerie La Maison de l\u2019Ouzb\u00e9kistan \u00e0 Paris est con\u00e7ue comme un portail vers le riche patrimoine culturel de l\u2019Ouzb\u00e9kistan","potentialAction":[{"@type":"SearchAction","target":{"@type":"EntryPoint","urlTemplate":"https:\/\/www.maisonouzbek.com\/?s={search_term_string}"},"query-input":{"@type":"PropertyValueSpecification","valueRequired":true,"valueName":"search_term_string"}}],"inLanguage":"en-US"}]}},"_links":{"self":[{"href":"https:\/\/www.maisonouzbek.com\/en\/wp-json\/wp\/v2\/product\/2816","targetHints":{"allow":["GET"]}}],"collection":[{"href":"https:\/\/www.maisonouzbek.com\/en\/wp-json\/wp\/v2\/product"}],"about":[{"href":"https:\/\/www.maisonouzbek.com\/en\/wp-json\/wp\/v2\/types\/product"}],"replies":[{"embeddable":true,"href":"https:\/\/www.maisonouzbek.com\/en\/wp-json\/wp\/v2\/comments?post=2816"}],"wp:featuredmedia":[{"embeddable":true,"href":"https:\/\/www.maisonouzbek.com\/en\/wp-json\/wp\/v2\/media\/2739"}],"wp:attachment":[{"href":"https:\/\/www.maisonouzbek.com\/en\/wp-json\/wp\/v2\/media?parent=2816"}],"wp:term":[{"taxonomy":"product_cat","embeddable":true,"href":"https:\/\/www.maisonouzbek.com\/en\/wp-json\/wp\/v2\/product_cat?post=2816"},{"taxonomy":"product_tag","embeddable":true,"href":"https:\/\/www.maisonouzbek.com\/en\/wp-json\/wp\/v2\/product_tag?post=2816"}],"curies":[{"name":"wp","href":"https:\/\/api.w.org\/{rel}","templated":true}]}}