{"id":3102,"date":"2021-04-18T13:02:36","date_gmt":"2021-04-18T12:02:36","guid":{"rendered":"https:\/\/www.maisonouzbek.com\/product\/ikat-top-2\/"},"modified":"2021-07-05T15:35:21","modified_gmt":"2021-07-05T14:35:21","slug":"ikat-top-2","status":"publish","type":"product","link":"https:\/\/www.maisonouzbek.com\/en\/product\/ikat-top-2\/","title":{"rendered":"Ikat top"},"content":{"rendered":"<p>Stunning silk top with bold ikat designs.<\/p>\n","protected":false},"excerpt":{"rendered":"<p>Stunning silk top with bold ikat designs.<\/p>\n","protected":false},"featured_media":2983,"comment_status":"open","ping_status":"closed","template":"","meta":{"_acf_changed":false},"product_cat":[40,34,29],"product_tag":[],"class_list":["post-3102","product","type-product","status-publish","has-post-thumbnail","hentry","product_cat-ikat-en","product_cat-clothes-en","product_cat-uncategorized-en"],"acf":[],"yoast_head":"<!-- This site is optimized with the Yoast SEO plugin v24.7 - https:\/\/yoast.com\/wordpress\/plugins\/seo\/ -->\n<title>Uzbek Ikat Top for Women \u2013 Maison de l&#039;Ouzbekistan<\/title>\n<meta name=\"description\" content=\"Stunning silk top with bold ikat designs from Uzbekistan. Hand made item for all occasions to bring out your flair.\" \/>\n<meta name=\"robots\" content=\"noindex, follow\" \/>\n<meta property=\"og:locale\" content=\"en_US\" \/>\n<meta property=\"og:type\" content=\"article\" \/>\n<meta property=\"og:title\" content=\"Uzbek Ikat Top for Women \u2013 Maison de l&#039;Ouzbekistan\" \/>\n<meta property=\"og:description\" content=\"Stunning silk top with bold ikat designs from Uzbekistan. Hand made item for all occasions to bring out your flair.\" \/>\n<meta property=\"og:url\" content=\"https:\/\/www.maisonouzbek.com\/en\/product\/ikat-top-2\/\" \/>\n<meta property=\"og:site_name\" content=\"Maison de l&#039;Ouzbekistan\" \/>\n<meta property=\"article:modified_time\" content=\"2021-07-05T14:35:21+00:00\" \/>\n<meta property=\"og:image\" content=\"https:\/\/www.maisonouzbek.com\/wp-content\/uploads\/2021\/04\/IMG_8376.jpg\" \/>\n\t<meta property=\"og:image:width\" content=\"1280\" \/>\n\t<meta property=\"og:image:height\" content=\"853\" \/>\n\t<meta property=\"og:image:type\" content=\"image\/jpeg\" \/>\n<meta name=\"twitter:card\" content=\"summary_large_image\" \/>\n<script type=\"application\/ld+json\" class=\"yoast-schema-graph\">{\"@context\":\"https:\/\/schema.org\",\"@graph\":[{\"@type\":\"WebPage\",\"@id\":\"https:\/\/www.maisonouzbek.com\/en\/product\/ikat-top-2\/\",\"url\":\"https:\/\/www.maisonouzbek.com\/en\/product\/ikat-top-2\/\",\"name\":\"Uzbek Ikat Top for Women \u2013 Maison de l&#039;Ouzbekistan\",\"isPartOf\":{\"@id\":\"https:\/\/www.maisonouzbek.com\/#website\"},\"primaryImageOfPage\":{\"@id\":\"https:\/\/www.maisonouzbek.com\/en\/product\/ikat-top-2\/#primaryimage\"},\"image\":{\"@id\":\"https:\/\/www.maisonouzbek.com\/en\/product\/ikat-top-2\/#primaryimage\"},\"thumbnailUrl\":\"https:\/\/www.maisonouzbek.com\/wp-content\/uploads\/2021\/04\/IMG_8376.jpg\",\"datePublished\":\"2021-04-18T12:02:36+00:00\",\"dateModified\":\"2021-07-05T14:35:21+00:00\",\"description\":\"Stunning silk top with bold ikat designs from Uzbekistan. Hand made item for all occasions to bring out your flair.\",\"breadcrumb\":{\"@id\":\"https:\/\/www.maisonouzbek.com\/en\/product\/ikat-top-2\/#breadcrumb\"},\"inLanguage\":\"en-US\",\"potentialAction\":[{\"@type\":\"ReadAction\",\"target\":[\"https:\/\/www.maisonouzbek.com\/en\/product\/ikat-top-2\/\"]}]},{\"@type\":\"ImageObject\",\"inLanguage\":\"en-US\",\"@id\":\"https:\/\/www.maisonouzbek.com\/en\/product\/ikat-top-2\/#primaryimage\",\"url\":\"https:\/\/www.maisonouzbek.com\/wp-content\/uploads\/2021\/04\/IMG_8376.jpg\",\"contentUrl\":\"https:\/\/www.maisonouzbek.com\/wp-content\/uploads\/2021\/04\/IMG_8376.jpg\",\"width\":1280,\"height\":853,\"caption\":\"Ikat Top Uzbek Fashion Women\"},{\"@type\":\"BreadcrumbList\",\"@id\":\"https:\/\/www.maisonouzbek.com\/en\/product\/ikat-top-2\/#breadcrumb\",\"itemListElement\":[{\"@type\":\"ListItem\",\"position\":1,\"name\":\"Home\",\"item\":\"https:\/\/www.maisonouzbek.com\/en\/\"},{\"@type\":\"ListItem\",\"position\":2,\"name\":\"Ikat top\"}]},{\"@type\":\"WebSite\",\"@id\":\"https:\/\/www.maisonouzbek.com\/#website\",\"url\":\"https:\/\/www.maisonouzbek.com\/\",\"name\":\"Maison de l&#039;Ouzbekistan\",\"description\":\"La galerie La Maison de l\u2019Ouzb\u00e9kistan \u00e0 Paris est con\u00e7ue comme un portail vers le riche patrimoine culturel de l\u2019Ouzb\u00e9kistan\",\"potentialAction\":[{\"@type\":\"SearchAction\",\"target\":{\"@type\":\"EntryPoint\",\"urlTemplate\":\"https:\/\/www.maisonouzbek.com\/?s={search_term_string}\"},\"query-input\":{\"@type\":\"PropertyValueSpecification\",\"valueRequired\":true,\"valueName\":\"search_term_string\"}}],\"inLanguage\":\"en-US\"}]}<\/script>\n<!-- \/ Yoast SEO plugin. -->","yoast_head_json":{"title":"Uzbek Ikat Top for Women \u2013 Maison de l&#039;Ouzbekistan","description":"Stunning silk top with bold ikat designs from Uzbekistan. Hand made item for all occasions to bring out your flair.","robots":{"index":"noindex","follow":"follow"},"og_locale":"en_US","og_type":"article","og_title":"Uzbek Ikat Top for Women \u2013 Maison de l&#039;Ouzbekistan","og_description":"Stunning silk top with bold ikat designs from Uzbekistan. Hand made item for all occasions to bring out your flair.","og_url":"https:\/\/www.maisonouzbek.com\/en\/product\/ikat-top-2\/","og_site_name":"Maison de l&#039;Ouzbekistan","article_modified_time":"2021-07-05T14:35:21+00:00","og_image":[{"width":1280,"height":853,"url":"https:\/\/www.maisonouzbek.com\/wp-content\/uploads\/2021\/04\/IMG_8376.jpg","type":"image\/jpeg"}],"twitter_card":"summary_large_image","schema":{"@context":"https:\/\/schema.org","@graph":[{"@type":"WebPage","@id":"https:\/\/www.maisonouzbek.com\/en\/product\/ikat-top-2\/","url":"https:\/\/www.maisonouzbek.com\/en\/product\/ikat-top-2\/","name":"Uzbek Ikat Top for Women \u2013 Maison de l&#039;Ouzbekistan","isPartOf":{"@id":"https:\/\/www.maisonouzbek.com\/#website"},"primaryImageOfPage":{"@id":"https:\/\/www.maisonouzbek.com\/en\/product\/ikat-top-2\/#primaryimage"},"image":{"@id":"https:\/\/www.maisonouzbek.com\/en\/product\/ikat-top-2\/#primaryimage"},"thumbnailUrl":"https:\/\/www.maisonouzbek.com\/wp-content\/uploads\/2021\/04\/IMG_8376.jpg","datePublished":"2021-04-18T12:02:36+00:00","dateModified":"2021-07-05T14:35:21+00:00","description":"Stunning silk top with bold ikat designs from Uzbekistan. Hand made item for all occasions to bring out your flair.","breadcrumb":{"@id":"https:\/\/www.maisonouzbek.com\/en\/product\/ikat-top-2\/#breadcrumb"},"inLanguage":"en-US","potentialAction":[{"@type":"ReadAction","target":["https:\/\/www.maisonouzbek.com\/en\/product\/ikat-top-2\/"]}]},{"@type":"ImageObject","inLanguage":"en-US","@id":"https:\/\/www.maisonouzbek.com\/en\/product\/ikat-top-2\/#primaryimage","url":"https:\/\/www.maisonouzbek.com\/wp-content\/uploads\/2021\/04\/IMG_8376.jpg","contentUrl":"https:\/\/www.maisonouzbek.com\/wp-content\/uploads\/2021\/04\/IMG_8376.jpg","width":1280,"height":853,"caption":"Ikat Top Uzbek Fashion Women"},{"@type":"BreadcrumbList","@id":"https:\/\/www.maisonouzbek.com\/en\/product\/ikat-top-2\/#breadcrumb","itemListElement":[{"@type":"ListItem","position":1,"name":"Home","item":"https:\/\/www.maisonouzbek.com\/en\/"},{"@type":"ListItem","position":2,"name":"Ikat top"}]},{"@type":"WebSite","@id":"https:\/\/www.maisonouzbek.com\/#website","url":"https:\/\/www.maisonouzbek.com\/","name":"Maison de l&#039;Ouzbekistan","description":"La galerie La Maison de l\u2019Ouzb\u00e9kistan \u00e0 Paris est con\u00e7ue comme un portail vers le riche patrimoine culturel de l\u2019Ouzb\u00e9kistan","potentialAction":[{"@type":"SearchAction","target":{"@type":"EntryPoint","urlTemplate":"https:\/\/www.maisonouzbek.com\/?s={search_term_string}"},"query-input":{"@type":"PropertyValueSpecification","valueRequired":true,"valueName":"search_term_string"}}],"inLanguage":"en-US"}]}},"_links":{"self":[{"href":"https:\/\/www.maisonouzbek.com\/en\/wp-json\/wp\/v2\/product\/3102","targetHints":{"allow":["GET"]}}],"collection":[{"href":"https:\/\/www.maisonouzbek.com\/en\/wp-json\/wp\/v2\/product"}],"about":[{"href":"https:\/\/www.maisonouzbek.com\/en\/wp-json\/wp\/v2\/types\/product"}],"replies":[{"embeddable":true,"href":"https:\/\/www.maisonouzbek.com\/en\/wp-json\/wp\/v2\/comments?post=3102"}],"wp:featuredmedia":[{"embeddable":true,"href":"https:\/\/www.maisonouzbek.com\/en\/wp-json\/wp\/v2\/media\/2983"}],"wp:attachment":[{"href":"https:\/\/www.maisonouzbek.com\/en\/wp-json\/wp\/v2\/media?parent=3102"}],"wp:term":[{"taxonomy":"product_cat","embeddable":true,"href":"https:\/\/www.maisonouzbek.com\/en\/wp-json\/wp\/v2\/product_cat?post=3102"},{"taxonomy":"product_tag","embeddable":true,"href":"https:\/\/www.maisonouzbek.com\/en\/wp-json\/wp\/v2\/product_tag?post=3102"}],"curies":[{"name":"wp","href":"https:\/\/api.w.org\/{rel}","templated":true}]}}