{"id":3255,"date":"2021-07-12T12:42:14","date_gmt":"2021-07-12T11:42:14","guid":{"rendered":"https:\/\/www.maisonouzbek.com\/product\/short-ikat-tunic-two-tone-geometric-design\/"},"modified":"2021-07-12T12:42:14","modified_gmt":"2021-07-12T11:42:14","slug":"short-ikat-tunic-two-tone-geometric-design","status":"publish","type":"product","link":"https:\/\/www.maisonouzbek.com\/en\/product\/short-ikat-tunic-two-tone-geometric-design\/","title":{"rendered":"Short ikat tunic, two-tone geometric design"},"content":{"rendered":"<p>Simple yet elegant, this ikat tunic features \u00be-length sleeves and a striking chest panel.<\/p>\n","protected":false},"excerpt":{"rendered":"<p>Traditional ikat designs from Central Asia often feature a mesmerising pattern of repeating geometric motifs. This stylish two-tone dress is a stunning example of how skilled seamstresses can create bold, elegant garments by cutting across the pattern to juxtapose the lines, giving us a flattering shirt, skirt or dress that highlights our best features. This tunic looks great with leggings or jeans, too.<\/p>\n","protected":false},"featured_media":3239,"comment_status":"open","ping_status":"closed","template":"","meta":{"_acf_changed":false},"product_cat":[40,34,55,29],"product_tag":[],"class_list":["post-3255","product","type-product","status-publish","has-post-thumbnail","hentry","product_cat-ikat-en","product_cat-clothes-en","product_cat-must-haves-en","product_cat-uncategorized-en"],"acf":[],"yoast_head":"<!-- This site is optimized with the Yoast SEO plugin v24.7 - https:\/\/yoast.com\/wordpress\/plugins\/seo\/ -->\n<title>Short ikat tunic, two-tone geometric design - Maison de l&#039;Ouzbekistan<\/title>\n<meta name=\"robots\" content=\"noindex, follow\" \/>\n<meta property=\"og:locale\" content=\"en_US\" \/>\n<meta property=\"og:type\" content=\"article\" \/>\n<meta property=\"og:title\" content=\"Short ikat tunic, two-tone geometric design - Maison de l&#039;Ouzbekistan\" \/>\n<meta property=\"og:description\" content=\"Traditional ikat designs from Central Asia often feature a mesmerising pattern of repeating geometric motifs. This stylish two-tone dress is a stunning example of how skilled seamstresses can create bold, elegant garments by cutting across the pattern to juxtapose the lines, giving us a flattering shirt, skirt or dress that highlights our best features. This tunic looks great with leggings or jeans, too.\" \/>\n<meta property=\"og:url\" content=\"https:\/\/www.maisonouzbek.com\/en\/product\/short-ikat-tunic-two-tone-geometric-design\/\" \/>\n<meta property=\"og:site_name\" content=\"Maison de l&#039;Ouzbekistan\" \/>\n<meta property=\"og:image\" content=\"https:\/\/www.maisonouzbek.com\/wp-content\/uploads\/2021\/07\/IMG_9312.jpg\" \/>\n\t<meta property=\"og:image:width\" content=\"1280\" \/>\n\t<meta property=\"og:image:height\" content=\"853\" \/>\n\t<meta property=\"og:image:type\" content=\"image\/jpeg\" \/>\n<meta name=\"twitter:card\" content=\"summary_large_image\" \/>\n<script type=\"application\/ld+json\" class=\"yoast-schema-graph\">{\"@context\":\"https:\/\/schema.org\",\"@graph\":[{\"@type\":\"WebPage\",\"@id\":\"https:\/\/www.maisonouzbek.com\/en\/product\/short-ikat-tunic-two-tone-geometric-design\/\",\"url\":\"https:\/\/www.maisonouzbek.com\/en\/product\/short-ikat-tunic-two-tone-geometric-design\/\",\"name\":\"Short ikat tunic, two-tone geometric design - Maison de l&#039;Ouzbekistan\",\"isPartOf\":{\"@id\":\"https:\/\/www.maisonouzbek.com\/#website\"},\"primaryImageOfPage\":{\"@id\":\"https:\/\/www.maisonouzbek.com\/en\/product\/short-ikat-tunic-two-tone-geometric-design\/#primaryimage\"},\"image\":{\"@id\":\"https:\/\/www.maisonouzbek.com\/en\/product\/short-ikat-tunic-two-tone-geometric-design\/#primaryimage\"},\"thumbnailUrl\":\"https:\/\/www.maisonouzbek.com\/wp-content\/uploads\/2021\/07\/IMG_9312.jpg\",\"datePublished\":\"2021-07-12T11:42:14+00:00\",\"breadcrumb\":{\"@id\":\"https:\/\/www.maisonouzbek.com\/en\/product\/short-ikat-tunic-two-tone-geometric-design\/#breadcrumb\"},\"inLanguage\":\"en-US\",\"potentialAction\":[{\"@type\":\"ReadAction\",\"target\":[\"https:\/\/www.maisonouzbek.com\/en\/product\/short-ikat-tunic-two-tone-geometric-design\/\"]}]},{\"@type\":\"ImageObject\",\"inLanguage\":\"en-US\",\"@id\":\"https:\/\/www.maisonouzbek.com\/en\/product\/short-ikat-tunic-two-tone-geometric-design\/#primaryimage\",\"url\":\"https:\/\/www.maisonouzbek.com\/wp-content\/uploads\/2021\/07\/IMG_9312.jpg\",\"contentUrl\":\"https:\/\/www.maisonouzbek.com\/wp-content\/uploads\/2021\/07\/IMG_9312.jpg\",\"width\":1280,\"height\":853},{\"@type\":\"BreadcrumbList\",\"@id\":\"https:\/\/www.maisonouzbek.com\/en\/product\/short-ikat-tunic-two-tone-geometric-design\/#breadcrumb\",\"itemListElement\":[{\"@type\":\"ListItem\",\"position\":1,\"name\":\"Home\",\"item\":\"https:\/\/www.maisonouzbek.com\/en\/\"},{\"@type\":\"ListItem\",\"position\":2,\"name\":\"Short ikat tunic, two-tone geometric design\"}]},{\"@type\":\"WebSite\",\"@id\":\"https:\/\/www.maisonouzbek.com\/#website\",\"url\":\"https:\/\/www.maisonouzbek.com\/\",\"name\":\"Maison de l&#039;Ouzbekistan\",\"description\":\"La galerie La Maison de l\u2019Ouzb\u00e9kistan \u00e0 Paris est con\u00e7ue comme un portail vers le riche patrimoine culturel de l\u2019Ouzb\u00e9kistan\",\"potentialAction\":[{\"@type\":\"SearchAction\",\"target\":{\"@type\":\"EntryPoint\",\"urlTemplate\":\"https:\/\/www.maisonouzbek.com\/?s={search_term_string}\"},\"query-input\":{\"@type\":\"PropertyValueSpecification\",\"valueRequired\":true,\"valueName\":\"search_term_string\"}}],\"inLanguage\":\"en-US\"}]}<\/script>\n<!-- \/ Yoast SEO plugin. -->","yoast_head_json":{"title":"Short ikat tunic, two-tone geometric design - Maison de l&#039;Ouzbekistan","robots":{"index":"noindex","follow":"follow"},"og_locale":"en_US","og_type":"article","og_title":"Short ikat tunic, two-tone geometric design - Maison de l&#039;Ouzbekistan","og_description":"Traditional ikat designs from Central Asia often feature a mesmerising pattern of repeating geometric motifs. This stylish two-tone dress is a stunning example of how skilled seamstresses can create bold, elegant garments by cutting across the pattern to juxtapose the lines, giving us a flattering shirt, skirt or dress that highlights our best features. This tunic looks great with leggings or jeans, too.","og_url":"https:\/\/www.maisonouzbek.com\/en\/product\/short-ikat-tunic-two-tone-geometric-design\/","og_site_name":"Maison de l&#039;Ouzbekistan","og_image":[{"width":1280,"height":853,"url":"https:\/\/www.maisonouzbek.com\/wp-content\/uploads\/2021\/07\/IMG_9312.jpg","type":"image\/jpeg"}],"twitter_card":"summary_large_image","schema":{"@context":"https:\/\/schema.org","@graph":[{"@type":"WebPage","@id":"https:\/\/www.maisonouzbek.com\/en\/product\/short-ikat-tunic-two-tone-geometric-design\/","url":"https:\/\/www.maisonouzbek.com\/en\/product\/short-ikat-tunic-two-tone-geometric-design\/","name":"Short ikat tunic, two-tone geometric design - Maison de l&#039;Ouzbekistan","isPartOf":{"@id":"https:\/\/www.maisonouzbek.com\/#website"},"primaryImageOfPage":{"@id":"https:\/\/www.maisonouzbek.com\/en\/product\/short-ikat-tunic-two-tone-geometric-design\/#primaryimage"},"image":{"@id":"https:\/\/www.maisonouzbek.com\/en\/product\/short-ikat-tunic-two-tone-geometric-design\/#primaryimage"},"thumbnailUrl":"https:\/\/www.maisonouzbek.com\/wp-content\/uploads\/2021\/07\/IMG_9312.jpg","datePublished":"2021-07-12T11:42:14+00:00","breadcrumb":{"@id":"https:\/\/www.maisonouzbek.com\/en\/product\/short-ikat-tunic-two-tone-geometric-design\/#breadcrumb"},"inLanguage":"en-US","potentialAction":[{"@type":"ReadAction","target":["https:\/\/www.maisonouzbek.com\/en\/product\/short-ikat-tunic-two-tone-geometric-design\/"]}]},{"@type":"ImageObject","inLanguage":"en-US","@id":"https:\/\/www.maisonouzbek.com\/en\/product\/short-ikat-tunic-two-tone-geometric-design\/#primaryimage","url":"https:\/\/www.maisonouzbek.com\/wp-content\/uploads\/2021\/07\/IMG_9312.jpg","contentUrl":"https:\/\/www.maisonouzbek.com\/wp-content\/uploads\/2021\/07\/IMG_9312.jpg","width":1280,"height":853},{"@type":"BreadcrumbList","@id":"https:\/\/www.maisonouzbek.com\/en\/product\/short-ikat-tunic-two-tone-geometric-design\/#breadcrumb","itemListElement":[{"@type":"ListItem","position":1,"name":"Home","item":"https:\/\/www.maisonouzbek.com\/en\/"},{"@type":"ListItem","position":2,"name":"Short ikat tunic, two-tone geometric design"}]},{"@type":"WebSite","@id":"https:\/\/www.maisonouzbek.com\/#website","url":"https:\/\/www.maisonouzbek.com\/","name":"Maison de l&#039;Ouzbekistan","description":"La galerie La Maison de l\u2019Ouzb\u00e9kistan \u00e0 Paris est con\u00e7ue comme un portail vers le riche patrimoine culturel de l\u2019Ouzb\u00e9kistan","potentialAction":[{"@type":"SearchAction","target":{"@type":"EntryPoint","urlTemplate":"https:\/\/www.maisonouzbek.com\/?s={search_term_string}"},"query-input":{"@type":"PropertyValueSpecification","valueRequired":true,"valueName":"search_term_string"}}],"inLanguage":"en-US"}]}},"_links":{"self":[{"href":"https:\/\/www.maisonouzbek.com\/en\/wp-json\/wp\/v2\/product\/3255","targetHints":{"allow":["GET"]}}],"collection":[{"href":"https:\/\/www.maisonouzbek.com\/en\/wp-json\/wp\/v2\/product"}],"about":[{"href":"https:\/\/www.maisonouzbek.com\/en\/wp-json\/wp\/v2\/types\/product"}],"replies":[{"embeddable":true,"href":"https:\/\/www.maisonouzbek.com\/en\/wp-json\/wp\/v2\/comments?post=3255"}],"wp:featuredmedia":[{"embeddable":true,"href":"https:\/\/www.maisonouzbek.com\/en\/wp-json\/wp\/v2\/media\/3239"}],"wp:attachment":[{"href":"https:\/\/www.maisonouzbek.com\/en\/wp-json\/wp\/v2\/media?parent=3255"}],"wp:term":[{"taxonomy":"product_cat","embeddable":true,"href":"https:\/\/www.maisonouzbek.com\/en\/wp-json\/wp\/v2\/product_cat?post=3255"},{"taxonomy":"product_tag","embeddable":true,"href":"https:\/\/www.maisonouzbek.com\/en\/wp-json\/wp\/v2\/product_tag?post=3255"}],"curies":[{"name":"wp","href":"https:\/\/api.w.org\/{rel}","templated":true}]}}