{"id":3281,"date":"2021-07-13T07:51:31","date_gmt":"2021-07-13T06:51:31","guid":{"rendered":"https:\/\/www.maisonouzbek.com\/product\/artisan-platter-with-almond-design-featuring-traditional-epigraphic-ornament\/"},"modified":"2021-07-13T07:51:31","modified_gmt":"2021-07-13T06:51:31","slug":"artisan-platter-with-almond-design-featuring-traditional-epigraphic-ornament","status":"publish","type":"product","link":"https:\/\/www.maisonouzbek.com\/en\/product\/artisan-platter-with-almond-design-featuring-traditional-epigraphic-ornament\/","title":{"rendered":"Artisan platter with almond design"},"content":{"rendered":"<p>Artisan platter with almond design featuring traditional epigraphic ornament.<br \/>\nA graceful blend of 10th century Samarkand ceramic traditions and modern aesthetics, this large platter symbolises love and harmony within the family. The central almond motif represents the feminine, while the sword stands for the masculine energy. The central horizontal ornament is derived from the Arabic word \u2018ishk\u2019 \u2013 \u2018Love\u2019. Made of top-quality red clay with natural engobes and the famous ishkor glaze, this piece is a true work of art. <\/p>\n","protected":false},"excerpt":{"rendered":"<p>Artisan platter with almond design featuring traditional epigraphic ornament. A graceful blend of 10th century Samarkand ceramic traditions and modern aesthetics, this large platter symbolises love and harmony within the family. The central almond motif represents the feminine, while the sword stands for the masculine energy. The central horizontal ornament is derived from the Arabic [&hellip;]<\/p>\n","protected":false},"featured_media":3280,"comment_status":"open","ping_status":"closed","template":"","meta":{"_acf_changed":false},"product_cat":[30,55,29],"product_tag":[],"class_list":["post-3281","product","type-product","status-publish","has-post-thumbnail","hentry","product_cat-ceramics-en","product_cat-must-haves-en","product_cat-uncategorized-en"],"acf":[],"yoast_head":"<!-- This site is optimized with the Yoast SEO plugin v24.7 - https:\/\/yoast.com\/wordpress\/plugins\/seo\/ -->\n<title>Artisan platter with almond design - Maison de l&#039;Ouzbekistan<\/title>\n<meta name=\"robots\" content=\"noindex, follow\" \/>\n<meta property=\"og:locale\" content=\"en_US\" \/>\n<meta property=\"og:type\" content=\"article\" \/>\n<meta property=\"og:title\" content=\"Artisan platter with almond design - Maison de l&#039;Ouzbekistan\" \/>\n<meta property=\"og:description\" content=\"Artisan platter with almond design featuring traditional epigraphic ornament. A graceful blend of 10th century Samarkand ceramic traditions and modern aesthetics, this large platter symbolises love and harmony within the family. The central almond motif represents the feminine, while the sword stands for the masculine energy. The central horizontal ornament is derived from the Arabic [&hellip;]\" \/>\n<meta property=\"og:url\" content=\"https:\/\/www.maisonouzbek.com\/en\/product\/artisan-platter-with-almond-design-featuring-traditional-epigraphic-ornament\/\" \/>\n<meta property=\"og:site_name\" content=\"Maison de l&#039;Ouzbekistan\" \/>\n<meta property=\"og:image\" content=\"https:\/\/www.maisonouzbek.com\/wp-content\/uploads\/2021\/07\/fa265a25-0bad-4398-b476-848d0ff631bd.jpg\" \/>\n\t<meta property=\"og:image:width\" content=\"1600\" \/>\n\t<meta property=\"og:image:height\" content=\"1066\" \/>\n\t<meta property=\"og:image:type\" content=\"image\/jpeg\" \/>\n<meta name=\"twitter:card\" content=\"summary_large_image\" \/>\n<script type=\"application\/ld+json\" class=\"yoast-schema-graph\">{\"@context\":\"https:\/\/schema.org\",\"@graph\":[{\"@type\":\"WebPage\",\"@id\":\"https:\/\/www.maisonouzbek.com\/en\/product\/artisan-platter-with-almond-design-featuring-traditional-epigraphic-ornament\/\",\"url\":\"https:\/\/www.maisonouzbek.com\/en\/product\/artisan-platter-with-almond-design-featuring-traditional-epigraphic-ornament\/\",\"name\":\"Artisan platter with almond design - Maison de l&#039;Ouzbekistan\",\"isPartOf\":{\"@id\":\"https:\/\/www.maisonouzbek.com\/#website\"},\"primaryImageOfPage\":{\"@id\":\"https:\/\/www.maisonouzbek.com\/en\/product\/artisan-platter-with-almond-design-featuring-traditional-epigraphic-ornament\/#primaryimage\"},\"image\":{\"@id\":\"https:\/\/www.maisonouzbek.com\/en\/product\/artisan-platter-with-almond-design-featuring-traditional-epigraphic-ornament\/#primaryimage\"},\"thumbnailUrl\":\"https:\/\/www.maisonouzbek.com\/wp-content\/uploads\/2021\/07\/fa265a25-0bad-4398-b476-848d0ff631bd.jpg\",\"datePublished\":\"2021-07-13T06:51:31+00:00\",\"breadcrumb\":{\"@id\":\"https:\/\/www.maisonouzbek.com\/en\/product\/artisan-platter-with-almond-design-featuring-traditional-epigraphic-ornament\/#breadcrumb\"},\"inLanguage\":\"en-US\",\"potentialAction\":[{\"@type\":\"ReadAction\",\"target\":[\"https:\/\/www.maisonouzbek.com\/en\/product\/artisan-platter-with-almond-design-featuring-traditional-epigraphic-ornament\/\"]}]},{\"@type\":\"ImageObject\",\"inLanguage\":\"en-US\",\"@id\":\"https:\/\/www.maisonouzbek.com\/en\/product\/artisan-platter-with-almond-design-featuring-traditional-epigraphic-ornament\/#primaryimage\",\"url\":\"https:\/\/www.maisonouzbek.com\/wp-content\/uploads\/2021\/07\/fa265a25-0bad-4398-b476-848d0ff631bd.jpg\",\"contentUrl\":\"https:\/\/www.maisonouzbek.com\/wp-content\/uploads\/2021\/07\/fa265a25-0bad-4398-b476-848d0ff631bd.jpg\",\"width\":1600,\"height\":1066},{\"@type\":\"BreadcrumbList\",\"@id\":\"https:\/\/www.maisonouzbek.com\/en\/product\/artisan-platter-with-almond-design-featuring-traditional-epigraphic-ornament\/#breadcrumb\",\"itemListElement\":[{\"@type\":\"ListItem\",\"position\":1,\"name\":\"Home\",\"item\":\"https:\/\/www.maisonouzbek.com\/en\/\"},{\"@type\":\"ListItem\",\"position\":2,\"name\":\"Artisan platter with almond design\"}]},{\"@type\":\"WebSite\",\"@id\":\"https:\/\/www.maisonouzbek.com\/#website\",\"url\":\"https:\/\/www.maisonouzbek.com\/\",\"name\":\"Maison de l&#039;Ouzbekistan\",\"description\":\"La galerie La Maison de l\u2019Ouzb\u00e9kistan \u00e0 Paris est con\u00e7ue comme un portail vers le riche patrimoine culturel de l\u2019Ouzb\u00e9kistan\",\"potentialAction\":[{\"@type\":\"SearchAction\",\"target\":{\"@type\":\"EntryPoint\",\"urlTemplate\":\"https:\/\/www.maisonouzbek.com\/?s={search_term_string}\"},\"query-input\":{\"@type\":\"PropertyValueSpecification\",\"valueRequired\":true,\"valueName\":\"search_term_string\"}}],\"inLanguage\":\"en-US\"}]}<\/script>\n<!-- \/ Yoast SEO plugin. -->","yoast_head_json":{"title":"Artisan platter with almond design - Maison de l&#039;Ouzbekistan","robots":{"index":"noindex","follow":"follow"},"og_locale":"en_US","og_type":"article","og_title":"Artisan platter with almond design - Maison de l&#039;Ouzbekistan","og_description":"Artisan platter with almond design featuring traditional epigraphic ornament. A graceful blend of 10th century Samarkand ceramic traditions and modern aesthetics, this large platter symbolises love and harmony within the family. The central almond motif represents the feminine, while the sword stands for the masculine energy. The central horizontal ornament is derived from the Arabic [&hellip;]","og_url":"https:\/\/www.maisonouzbek.com\/en\/product\/artisan-platter-with-almond-design-featuring-traditional-epigraphic-ornament\/","og_site_name":"Maison de l&#039;Ouzbekistan","og_image":[{"width":1600,"height":1066,"url":"https:\/\/www.maisonouzbek.com\/wp-content\/uploads\/2021\/07\/fa265a25-0bad-4398-b476-848d0ff631bd.jpg","type":"image\/jpeg"}],"twitter_card":"summary_large_image","schema":{"@context":"https:\/\/schema.org","@graph":[{"@type":"WebPage","@id":"https:\/\/www.maisonouzbek.com\/en\/product\/artisan-platter-with-almond-design-featuring-traditional-epigraphic-ornament\/","url":"https:\/\/www.maisonouzbek.com\/en\/product\/artisan-platter-with-almond-design-featuring-traditional-epigraphic-ornament\/","name":"Artisan platter with almond design - Maison de l&#039;Ouzbekistan","isPartOf":{"@id":"https:\/\/www.maisonouzbek.com\/#website"},"primaryImageOfPage":{"@id":"https:\/\/www.maisonouzbek.com\/en\/product\/artisan-platter-with-almond-design-featuring-traditional-epigraphic-ornament\/#primaryimage"},"image":{"@id":"https:\/\/www.maisonouzbek.com\/en\/product\/artisan-platter-with-almond-design-featuring-traditional-epigraphic-ornament\/#primaryimage"},"thumbnailUrl":"https:\/\/www.maisonouzbek.com\/wp-content\/uploads\/2021\/07\/fa265a25-0bad-4398-b476-848d0ff631bd.jpg","datePublished":"2021-07-13T06:51:31+00:00","breadcrumb":{"@id":"https:\/\/www.maisonouzbek.com\/en\/product\/artisan-platter-with-almond-design-featuring-traditional-epigraphic-ornament\/#breadcrumb"},"inLanguage":"en-US","potentialAction":[{"@type":"ReadAction","target":["https:\/\/www.maisonouzbek.com\/en\/product\/artisan-platter-with-almond-design-featuring-traditional-epigraphic-ornament\/"]}]},{"@type":"ImageObject","inLanguage":"en-US","@id":"https:\/\/www.maisonouzbek.com\/en\/product\/artisan-platter-with-almond-design-featuring-traditional-epigraphic-ornament\/#primaryimage","url":"https:\/\/www.maisonouzbek.com\/wp-content\/uploads\/2021\/07\/fa265a25-0bad-4398-b476-848d0ff631bd.jpg","contentUrl":"https:\/\/www.maisonouzbek.com\/wp-content\/uploads\/2021\/07\/fa265a25-0bad-4398-b476-848d0ff631bd.jpg","width":1600,"height":1066},{"@type":"BreadcrumbList","@id":"https:\/\/www.maisonouzbek.com\/en\/product\/artisan-platter-with-almond-design-featuring-traditional-epigraphic-ornament\/#breadcrumb","itemListElement":[{"@type":"ListItem","position":1,"name":"Home","item":"https:\/\/www.maisonouzbek.com\/en\/"},{"@type":"ListItem","position":2,"name":"Artisan platter with almond design"}]},{"@type":"WebSite","@id":"https:\/\/www.maisonouzbek.com\/#website","url":"https:\/\/www.maisonouzbek.com\/","name":"Maison de l&#039;Ouzbekistan","description":"La galerie La Maison de l\u2019Ouzb\u00e9kistan \u00e0 Paris est con\u00e7ue comme un portail vers le riche patrimoine culturel de l\u2019Ouzb\u00e9kistan","potentialAction":[{"@type":"SearchAction","target":{"@type":"EntryPoint","urlTemplate":"https:\/\/www.maisonouzbek.com\/?s={search_term_string}"},"query-input":{"@type":"PropertyValueSpecification","valueRequired":true,"valueName":"search_term_string"}}],"inLanguage":"en-US"}]}},"_links":{"self":[{"href":"https:\/\/www.maisonouzbek.com\/en\/wp-json\/wp\/v2\/product\/3281","targetHints":{"allow":["GET"]}}],"collection":[{"href":"https:\/\/www.maisonouzbek.com\/en\/wp-json\/wp\/v2\/product"}],"about":[{"href":"https:\/\/www.maisonouzbek.com\/en\/wp-json\/wp\/v2\/types\/product"}],"replies":[{"embeddable":true,"href":"https:\/\/www.maisonouzbek.com\/en\/wp-json\/wp\/v2\/comments?post=3281"}],"wp:featuredmedia":[{"embeddable":true,"href":"https:\/\/www.maisonouzbek.com\/en\/wp-json\/wp\/v2\/media\/3280"}],"wp:attachment":[{"href":"https:\/\/www.maisonouzbek.com\/en\/wp-json\/wp\/v2\/media?parent=3281"}],"wp:term":[{"taxonomy":"product_cat","embeddable":true,"href":"https:\/\/www.maisonouzbek.com\/en\/wp-json\/wp\/v2\/product_cat?post=3281"},{"taxonomy":"product_tag","embeddable":true,"href":"https:\/\/www.maisonouzbek.com\/en\/wp-json\/wp\/v2\/product_tag?post=3281"}],"curies":[{"name":"wp","href":"https:\/\/api.w.org\/{rel}","templated":true}]}}