{"id":3283,"date":"2021-07-13T07:57:49","date_gmt":"2021-07-13T06:57:49","guid":{"rendered":"https:\/\/www.maisonouzbek.com\/product\/artisan-platter-featuring-original-epigraphic-ornament-in-the-ancient-samarkand-style\/"},"modified":"2021-07-13T07:57:49","modified_gmt":"2021-07-13T06:57:49","slug":"artisan-platter-featuring-original-epigraphic-ornament-in-the-ancient-samarkand-style","status":"publish","type":"product","link":"https:\/\/www.maisonouzbek.com\/en\/product\/artisan-platter-featuring-original-epigraphic-ornament-in-the-ancient-samarkand-style\/","title":{"rendered":"Artisan platter featuring original epigraphic ornament in the ancient Samarkand style"},"content":{"rendered":"<p>This magnificent platter by a master craftsman encapsulates the aesthetic beauty and spiritual depth of the renowned Samarkand school of the 10th century. Using fine red clay and natural engobes finished with signature ishkor glaze, the artist depicts a stylised Pegasus. The cursive script around the platter reads: \u2018Generosity is part of purity and courage.\u2019 <\/p>\n","protected":false},"excerpt":{"rendered":"<p>This magnificent platter by a master craftsman encapsulates the aesthetic beauty and spiritual depth of the renowned Samarkand school of the 10th century. Using fine red clay and natural engobes finished with signature ishkor glaze, the artist depicts a stylised Pegasus. The cursive script around the platter reads: \u2018Generosity is part of purity and courage.\u2019<\/p>\n","protected":false},"featured_media":3278,"comment_status":"open","ping_status":"closed","template":"","meta":{"_acf_changed":false},"product_cat":[30,55,29],"product_tag":[],"class_list":["post-3283","product","type-product","status-publish","has-post-thumbnail","hentry","product_cat-ceramics-en","product_cat-must-haves-en","product_cat-uncategorized-en"],"acf":[],"yoast_head":"<!-- This site is optimized with the Yoast SEO plugin v24.7 - https:\/\/yoast.com\/wordpress\/plugins\/seo\/ -->\n<title>Artisan platter featuring original epigraphic ornament in the ancient Samarkand style - Maison de l&#039;Ouzbekistan<\/title>\n<meta name=\"robots\" content=\"noindex, follow\" \/>\n<meta property=\"og:locale\" content=\"en_US\" \/>\n<meta property=\"og:type\" content=\"article\" \/>\n<meta property=\"og:title\" content=\"Artisan platter featuring original epigraphic ornament in the ancient Samarkand style - Maison de l&#039;Ouzbekistan\" \/>\n<meta property=\"og:description\" content=\"This magnificent platter by a master craftsman encapsulates the aesthetic beauty and spiritual depth of the renowned Samarkand school of the 10th century. Using fine red clay and natural engobes finished with signature ishkor glaze, the artist depicts a stylised Pegasus. The cursive script around the platter reads: \u2018Generosity is part of purity and courage.\u2019\" \/>\n<meta property=\"og:url\" content=\"https:\/\/www.maisonouzbek.com\/en\/product\/artisan-platter-featuring-original-epigraphic-ornament-in-the-ancient-samarkand-style\/\" \/>\n<meta property=\"og:site_name\" content=\"Maison de l&#039;Ouzbekistan\" \/>\n<meta property=\"og:image\" content=\"https:\/\/www.maisonouzbek.com\/wp-content\/uploads\/2021\/07\/f35098fa-958a-4ba7-8bf8-6dd8033f3f81.jpg\" \/>\n\t<meta property=\"og:image:width\" content=\"1600\" \/>\n\t<meta property=\"og:image:height\" content=\"1066\" \/>\n\t<meta property=\"og:image:type\" content=\"image\/jpeg\" \/>\n<meta name=\"twitter:card\" content=\"summary_large_image\" \/>\n<script type=\"application\/ld+json\" class=\"yoast-schema-graph\">{\"@context\":\"https:\/\/schema.org\",\"@graph\":[{\"@type\":\"WebPage\",\"@id\":\"https:\/\/www.maisonouzbek.com\/en\/product\/artisan-platter-featuring-original-epigraphic-ornament-in-the-ancient-samarkand-style\/\",\"url\":\"https:\/\/www.maisonouzbek.com\/en\/product\/artisan-platter-featuring-original-epigraphic-ornament-in-the-ancient-samarkand-style\/\",\"name\":\"Artisan platter featuring original epigraphic ornament in the ancient Samarkand style - Maison de l&#039;Ouzbekistan\",\"isPartOf\":{\"@id\":\"https:\/\/www.maisonouzbek.com\/#website\"},\"primaryImageOfPage\":{\"@id\":\"https:\/\/www.maisonouzbek.com\/en\/product\/artisan-platter-featuring-original-epigraphic-ornament-in-the-ancient-samarkand-style\/#primaryimage\"},\"image\":{\"@id\":\"https:\/\/www.maisonouzbek.com\/en\/product\/artisan-platter-featuring-original-epigraphic-ornament-in-the-ancient-samarkand-style\/#primaryimage\"},\"thumbnailUrl\":\"https:\/\/www.maisonouzbek.com\/wp-content\/uploads\/2021\/07\/f35098fa-958a-4ba7-8bf8-6dd8033f3f81.jpg\",\"datePublished\":\"2021-07-13T06:57:49+00:00\",\"breadcrumb\":{\"@id\":\"https:\/\/www.maisonouzbek.com\/en\/product\/artisan-platter-featuring-original-epigraphic-ornament-in-the-ancient-samarkand-style\/#breadcrumb\"},\"inLanguage\":\"en-US\",\"potentialAction\":[{\"@type\":\"ReadAction\",\"target\":[\"https:\/\/www.maisonouzbek.com\/en\/product\/artisan-platter-featuring-original-epigraphic-ornament-in-the-ancient-samarkand-style\/\"]}]},{\"@type\":\"ImageObject\",\"inLanguage\":\"en-US\",\"@id\":\"https:\/\/www.maisonouzbek.com\/en\/product\/artisan-platter-featuring-original-epigraphic-ornament-in-the-ancient-samarkand-style\/#primaryimage\",\"url\":\"https:\/\/www.maisonouzbek.com\/wp-content\/uploads\/2021\/07\/f35098fa-958a-4ba7-8bf8-6dd8033f3f81.jpg\",\"contentUrl\":\"https:\/\/www.maisonouzbek.com\/wp-content\/uploads\/2021\/07\/f35098fa-958a-4ba7-8bf8-6dd8033f3f81.jpg\",\"width\":1600,\"height\":1066},{\"@type\":\"BreadcrumbList\",\"@id\":\"https:\/\/www.maisonouzbek.com\/en\/product\/artisan-platter-featuring-original-epigraphic-ornament-in-the-ancient-samarkand-style\/#breadcrumb\",\"itemListElement\":[{\"@type\":\"ListItem\",\"position\":1,\"name\":\"Home\",\"item\":\"https:\/\/www.maisonouzbek.com\/en\/\"},{\"@type\":\"ListItem\",\"position\":2,\"name\":\"Artisan platter featuring original epigraphic ornament in the ancient Samarkand style\"}]},{\"@type\":\"WebSite\",\"@id\":\"https:\/\/www.maisonouzbek.com\/#website\",\"url\":\"https:\/\/www.maisonouzbek.com\/\",\"name\":\"Maison de l&#039;Ouzbekistan\",\"description\":\"La galerie La Maison de l\u2019Ouzb\u00e9kistan \u00e0 Paris est con\u00e7ue comme un portail vers le riche patrimoine culturel de l\u2019Ouzb\u00e9kistan\",\"potentialAction\":[{\"@type\":\"SearchAction\",\"target\":{\"@type\":\"EntryPoint\",\"urlTemplate\":\"https:\/\/www.maisonouzbek.com\/?s={search_term_string}\"},\"query-input\":{\"@type\":\"PropertyValueSpecification\",\"valueRequired\":true,\"valueName\":\"search_term_string\"}}],\"inLanguage\":\"en-US\"}]}<\/script>\n<!-- \/ Yoast SEO plugin. -->","yoast_head_json":{"title":"Artisan platter featuring original epigraphic ornament in the ancient Samarkand style - Maison de l&#039;Ouzbekistan","robots":{"index":"noindex","follow":"follow"},"og_locale":"en_US","og_type":"article","og_title":"Artisan platter featuring original epigraphic ornament in the ancient Samarkand style - Maison de l&#039;Ouzbekistan","og_description":"This magnificent platter by a master craftsman encapsulates the aesthetic beauty and spiritual depth of the renowned Samarkand school of the 10th century. Using fine red clay and natural engobes finished with signature ishkor glaze, the artist depicts a stylised Pegasus. The cursive script around the platter reads: \u2018Generosity is part of purity and courage.\u2019","og_url":"https:\/\/www.maisonouzbek.com\/en\/product\/artisan-platter-featuring-original-epigraphic-ornament-in-the-ancient-samarkand-style\/","og_site_name":"Maison de l&#039;Ouzbekistan","og_image":[{"width":1600,"height":1066,"url":"https:\/\/www.maisonouzbek.com\/wp-content\/uploads\/2021\/07\/f35098fa-958a-4ba7-8bf8-6dd8033f3f81.jpg","type":"image\/jpeg"}],"twitter_card":"summary_large_image","schema":{"@context":"https:\/\/schema.org","@graph":[{"@type":"WebPage","@id":"https:\/\/www.maisonouzbek.com\/en\/product\/artisan-platter-featuring-original-epigraphic-ornament-in-the-ancient-samarkand-style\/","url":"https:\/\/www.maisonouzbek.com\/en\/product\/artisan-platter-featuring-original-epigraphic-ornament-in-the-ancient-samarkand-style\/","name":"Artisan platter featuring original epigraphic ornament in the ancient Samarkand style - Maison de l&#039;Ouzbekistan","isPartOf":{"@id":"https:\/\/www.maisonouzbek.com\/#website"},"primaryImageOfPage":{"@id":"https:\/\/www.maisonouzbek.com\/en\/product\/artisan-platter-featuring-original-epigraphic-ornament-in-the-ancient-samarkand-style\/#primaryimage"},"image":{"@id":"https:\/\/www.maisonouzbek.com\/en\/product\/artisan-platter-featuring-original-epigraphic-ornament-in-the-ancient-samarkand-style\/#primaryimage"},"thumbnailUrl":"https:\/\/www.maisonouzbek.com\/wp-content\/uploads\/2021\/07\/f35098fa-958a-4ba7-8bf8-6dd8033f3f81.jpg","datePublished":"2021-07-13T06:57:49+00:00","breadcrumb":{"@id":"https:\/\/www.maisonouzbek.com\/en\/product\/artisan-platter-featuring-original-epigraphic-ornament-in-the-ancient-samarkand-style\/#breadcrumb"},"inLanguage":"en-US","potentialAction":[{"@type":"ReadAction","target":["https:\/\/www.maisonouzbek.com\/en\/product\/artisan-platter-featuring-original-epigraphic-ornament-in-the-ancient-samarkand-style\/"]}]},{"@type":"ImageObject","inLanguage":"en-US","@id":"https:\/\/www.maisonouzbek.com\/en\/product\/artisan-platter-featuring-original-epigraphic-ornament-in-the-ancient-samarkand-style\/#primaryimage","url":"https:\/\/www.maisonouzbek.com\/wp-content\/uploads\/2021\/07\/f35098fa-958a-4ba7-8bf8-6dd8033f3f81.jpg","contentUrl":"https:\/\/www.maisonouzbek.com\/wp-content\/uploads\/2021\/07\/f35098fa-958a-4ba7-8bf8-6dd8033f3f81.jpg","width":1600,"height":1066},{"@type":"BreadcrumbList","@id":"https:\/\/www.maisonouzbek.com\/en\/product\/artisan-platter-featuring-original-epigraphic-ornament-in-the-ancient-samarkand-style\/#breadcrumb","itemListElement":[{"@type":"ListItem","position":1,"name":"Home","item":"https:\/\/www.maisonouzbek.com\/en\/"},{"@type":"ListItem","position":2,"name":"Artisan platter featuring original epigraphic ornament in the ancient Samarkand style"}]},{"@type":"WebSite","@id":"https:\/\/www.maisonouzbek.com\/#website","url":"https:\/\/www.maisonouzbek.com\/","name":"Maison de l&#039;Ouzbekistan","description":"La galerie La Maison de l\u2019Ouzb\u00e9kistan \u00e0 Paris est con\u00e7ue comme un portail vers le riche patrimoine culturel de l\u2019Ouzb\u00e9kistan","potentialAction":[{"@type":"SearchAction","target":{"@type":"EntryPoint","urlTemplate":"https:\/\/www.maisonouzbek.com\/?s={search_term_string}"},"query-input":{"@type":"PropertyValueSpecification","valueRequired":true,"valueName":"search_term_string"}}],"inLanguage":"en-US"}]}},"_links":{"self":[{"href":"https:\/\/www.maisonouzbek.com\/en\/wp-json\/wp\/v2\/product\/3283","targetHints":{"allow":["GET"]}}],"collection":[{"href":"https:\/\/www.maisonouzbek.com\/en\/wp-json\/wp\/v2\/product"}],"about":[{"href":"https:\/\/www.maisonouzbek.com\/en\/wp-json\/wp\/v2\/types\/product"}],"replies":[{"embeddable":true,"href":"https:\/\/www.maisonouzbek.com\/en\/wp-json\/wp\/v2\/comments?post=3283"}],"wp:featuredmedia":[{"embeddable":true,"href":"https:\/\/www.maisonouzbek.com\/en\/wp-json\/wp\/v2\/media\/3278"}],"wp:attachment":[{"href":"https:\/\/www.maisonouzbek.com\/en\/wp-json\/wp\/v2\/media?parent=3283"}],"wp:term":[{"taxonomy":"product_cat","embeddable":true,"href":"https:\/\/www.maisonouzbek.com\/en\/wp-json\/wp\/v2\/product_cat?post=3283"},{"taxonomy":"product_tag","embeddable":true,"href":"https:\/\/www.maisonouzbek.com\/en\/wp-json\/wp\/v2\/product_tag?post=3283"}],"curies":[{"name":"wp","href":"https:\/\/api.w.org\/{rel}","templated":true}]}}